{"id":1224,"date":"2024-02-05T14:48:00","date_gmt":"2024-02-05T19:48:00","guid":{"rendered":"https:\/\/www.quito.gob.ec\/?page_id=1224"},"modified":"2025-07-07T15:04:57","modified_gmt":"2025-07-07T20:04:57","slug":"rendicion-de-cuentas-2021","status":"publish","type":"page","link":"https:\/\/www.quito.gob.ec\/?page_id=1224","title":{"rendered":"Rendici\u00f3n de Cuentas 2021"},"content":{"rendered":"\t\t<div data-elementor-type=\"wp-page\" data-elementor-id=\"1224\" class=\"elementor elementor-1224\" data-elementor-post-type=\"page\">\n\t\t\t\t<div class=\"elementor-element elementor-element-52309b1 e-flex e-con-boxed e-con e-parent\" data-id=\"52309b1\" data-element_type=\"container\">\n\t\t\t\t\t<div class=\"e-con-inner\">\n\t\t\t\t<div class=\"elementor-element elementor-element-3b7b44c elementor-widget elementor-widget-shortcode\" data-id=\"3b7b44c\" data-element_type=\"widget\" data-widget_type=\"shortcode.default\">\n\t\t\t\t<div class=\"elementor-widget-container\">\n\t\t\t\t\t\t\t<div class=\"elementor-shortcode\">\t\t\t<!-- Flexy Breadcrumb -->\r\n\t\t\t<div class=\"fbc fbc-page\">\r\n\r\n\t\t\t\t<!-- Breadcrumb wrapper -->\r\n\t\t\t\t<div class=\"fbc-wrap\">\r\n\r\n\t\t\t\t\t<!-- Ordered list-->\r\n\t\t\t\t\t<ol class=\"fbc-items\" itemscope itemtype=\"https:\/\/schema.org\/BreadcrumbList\">\r\n\t\t\t\t\t\t            <li itemprop=\"itemListElement\" itemscope itemtype=\"https:\/\/schema.org\/ListItem\">\r\n                <span itemprop=\"name\">\r\n                    <!-- Home Link -->\r\n                    <a itemprop=\"item\" href=\"https:\/\/www.quito.gob.ec\">\r\n                    \r\n                                                    <i class=\"fa fa-home\" aria-hidden=\"true\"><\/i>Inicio                    <\/a>\r\n                <\/span>\r\n                <meta itemprop=\"position\" content=\"1\" \/><!-- Meta Position-->\r\n             <\/li><li><span class=\"fbc-separator\">\/<\/span><\/li><li class=\"active\" itemprop=\"itemListElement\" itemscope itemtype=\"https:\/\/schema.org\/ListItem\"><span itemprop=\"name\" title=\"Rendici\u00f3n de Cuentas 2021\">Rendici\u00f3n de Cuentas 2021<\/span><meta itemprop=\"position\" content=\"2\" \/><\/li>\t\t\t\t\t<\/ol>\r\n\t\t\t\t\t<div class=\"clearfix\"><\/div>\r\n\t\t\t\t<\/div>\r\n\t\t\t<\/div>\r\n\t\t\t<\/div>\n\t\t\t\t\t\t<\/div>\n\t\t\t\t<\/div>\n\t\t<div class=\"elementor-element elementor-element-f165373 e-flex e-con-boxed e-con e-child\" data-id=\"f165373\" data-element_type=\"container\">\n\t\t\t\t\t<div class=\"e-con-inner\">\n\t\t\t\t<div class=\"elementor-element elementor-element-8fab928 elementor-widget elementor-widget-text-editor\" data-id=\"8fab928\" data-element_type=\"widget\" data-widget_type=\"text-editor.default\">\n\t\t\t\t<div class=\"elementor-widget-container\">\n\t\t\t\t\t\t\t\t\t<h6><span style=\"color: #2e5691;\">Rendici\u00f3n de Cuentas 2021<\/span><\/h6><h6><strong>Documentos<\/strong><\/h6><ul><li><a href=\"https:\/\/gobiernoabierto.quito.gob.ec\/plan-pmdot\" target=\"_blank\" rel=\"noopener\">Plan Metropolitano de Desarrollo y Ordenamiento territorial (PMDOT) 2021 \u2013 2033, con sus respectivos ap\u00e9ndices, aprobado mediante Ordenanza PMDOT-PUGS No. 001 \u2013 2021<\/a><\/li><li><a href=\"https:\/\/quito.gob.ec\/documents\/rendicion_cuentas\/2021\/Presupuesto-institucional.pdf\" target=\"_blank\" rel=\"noopener\">Presupuesto institucional y participativo, que corresponde a la Ordenanza PMU No. 005-2021 mediante la cual, se reform\u00f3 el presupuesto general del 2021<\/a><\/li><li><a href=\"https:\/\/quito.gob.ec\/documents\/rendicion_cuentas\/2021\/POA_2021_provisional.pdf\" target=\"_blank\" rel=\"noopener\">Plan Operativo Anual (POA) 2021<\/a><\/li><li><a href=\"https:\/\/quito.gob.ec\/documents\/Plan_de_Gobierno_2019-2023_Dr_Jorge_Yunda.pdf\" target=\"_blank\" rel=\"noopener\">Plan de Gobierno &#8211; Campa\u00f1a Alcald\u00eda 2019-2023<\/a><\/li><li><a href=\"https:\/\/quito.gob.ec\/documents\/rendicion_cuentas\/2021\/PGA_Alcalde_SGuarderas.pdf\" target=\"_blank\" rel=\"noopener\">Plan de Gobierno &#8211; Campa\u00f1a Alcald\u00eda 2021-2023<\/a><\/li><li><a href=\"https:\/\/quito.gob.ec\/documents\/rendicion_cuentas\/2021\/catastro2021.pdf\">Catastro Municipal 2021<\/a><\/li><li><a href=\"https:\/\/quito.gob.ec\/documents\/rendicion_cuentas\/2021\/respuestas_a_consultas_ciudadanas_CONSOLIDADO.xlsx\" target=\"_blank\" rel=\"noopener\">Consultas ciudadanas<\/a><\/li><\/ul><p><strong>\u00a0<\/strong><\/p><p><strong>Informe Rendici\u00f3n de Cuentas 2021 del Municipio del Distrito Metropolitano de Quito<\/strong><\/p><ul><li>Presupuesto institucional 2021<\/li><li>Plan Operativo Anual (POA) 2021 (Inicial y reformas)<\/li><li><a href=\"https:\/\/quito.gob.ec\/documents\/rendicion_cuentas\/2021\/INFORME_NARRATIVO_RENDICION_CUENTAS_2021.pdf\">Informe Narrativo Rendici\u00f3n de Cuentas 2021<\/a><\/li><li><a href=\"https:\/\/quito.gob.ec\/documents\/rendicion_cuentas\/2021\/GADDMQ-AM-2022-0109-ME.pdf\" target=\"_blank\" rel=\"noopener\">Aprobaci\u00f3n del Informe Narrativo Rendici\u00f3n de Cuentas 2021 por la m\u00e1xima autoridad<\/a><\/li><li><a href=\"https:\/\/quito.gob.ec\/documents\/rendicion_cuentas\/2021\/plan_de_trabajo_2022.pdf\" target=\"_blank\" rel=\"noopener\">Plan de trabajo 2022<\/a><\/li><li><a href=\"https:\/\/quito.gob.ec\/documents\/rendicion_cuentas\/2021\/GADDMQ-SGCM-2022-2167-O.pdf\" target=\"_blank\" rel=\"noopener\">Convocatoria al evento de deliberaci\u00f3n p\u00fablica de Rendici\u00f3n de Cuentas 2020 del Alcalde del Municipio del Distrito Metropolitano de Quito.<\/a><\/li><li><a href=\"https:\/\/fb.watch\/cxCwSzyTQH\/\" target=\"_blank\" rel=\"noopener\">Video de deliberaci\u00f3n p\u00fablica<\/a><\/li><li><a href=\"https:\/\/quito.gob.ec\/documents\/rendicion_cuentas\/2021\/ReporteInformeGad-SistemaCPCCS30May22.pdf\" target=\"_blank\" rel=\"noopener\">Informe de Rendici\u00f3n de Cuentas 2021 registrado en la plataforma virtual del Consejo de Participaci\u00f3n Ciudadana y Control Social (CPCCS).<\/a><\/li><li><a href=\"https:\/\/quito.gob.ec\/documents\/rendicion_cuentas\/2021\/Correo_de_confirmacion_cierre_de_proceso.pdf\" target=\"_blank\" rel=\"noopener\">Correo de confirmaci\u00f3n de finalizaci\u00f3n del proceso de rendici\u00f3n de cuentas 2021 en la plataforma CPCCS.<\/a><\/li><li><a href=\"https:\/\/quito.gob.ec\/documents\/rendicion_cuentas\/2021\/Acta_entrega-recepcion_informe.pdf\" target=\"_blank\" rel=\"noopener\">Acta entrega-recepci\u00f3n asamblea de Quito<\/a><\/li><li><a href=\"https:\/\/quito.gob.ec\/documents\/rendicion_cuentas\/2021\/Constancia-de-entrega-de-Plan-de-trabajo-a-representantes-ciudadanos-Asamblea-de-Quito.pdf\" target=\"_blank\" rel=\"noopener\">Constancia de entrega de plan de trabajo<\/a><\/li><\/ul><p><strong>Formularios de Rendici\u00f3n de Cuentas 2021 del Municipio del Distrito Metropolitano de Quito<\/strong><\/p><ul class=\" pagenav\"><li><a href=\"https:\/\/quito.gob.ec\/documents\/rendicion_cuentas\/2021\/ACTA_DE_CONFORMACION.pdf\" target=\"_blank\" rel=\"noopener\">Equipo de Rendici\u00f3n de Cuentas<\/a><\/li><li><a href=\"https:\/\/quito.gob.ec\/lotaip\/2021\/hoja_de_ruta_validada_RC2021.pdf\" target=\"_blank\" rel=\"noopener\">Hoja de Ruta de Rendici\u00f3n de Cuentas 2021<\/a><\/li><li><a href=\"https:\/\/quito.gob.ec\/documents\/rendicion_cuentas\/2021\/GADDMQ-AM-2022-0538-OF.pdf\" target=\"_blank\" rel=\"noopener\">Aprobaci\u00f3n formulario Rendici\u00f3n de Cuentas 2021<\/a><\/li><li><a href=\"https:\/\/quito.gob.ec\/documents\/rendicion_cuentas\/2021\/formulario_rendicion_de_cuentas_2021_del_gad_del_dmq_version_preliminar_sgp.xlsx\" target=\"_blank\" rel=\"noopener\">Formulario de Rendici\u00f3n de Cuentas<\/a><\/li><li><a href=\"https:\/\/docs.google.com\/forms\/d\/e\/1FAIpQLSdDQtDWmScQTHD0K1AI7kJ-ZVn_1enlxeAWXe15ZNhY4IR11A\/viewform\" target=\"_blank\" rel=\"noopener\">Formulario de aporte ciudadano al informe de Rendici\u00f3n de Cuentas 2021<\/a><\/li><li><a href=\"https:\/\/quito.gob.ec\/documents\/rendicion_cuentas\/2021\/proceso_contratacion_publica_2021.pdf\" target=\"_blank\" rel=\"noopener\">Procesos de contrataci\u00f3n p\u00fablica 2021<\/a><\/li><li><a href=\"https:\/\/quito.gob.ec\/documents\/rendicion_cuentas\/2021\/ACTA_DE_CONFORMACION.pdf\" target=\"_blank\" rel=\"noopener\">Conformaci\u00f3n de las comisiones mixtas para el proceso de rendici\u00f3n de cuentas 2021<\/a><\/li><\/ul>\t\t\t\t\t\t\t\t<\/div>\n\t\t\t\t<\/div>\n\t\t\t\t\t<\/div>\n\t\t\t\t<\/div>\n\t\t\t\t\t<\/div>\n\t\t\t\t<\/div>\n\t\t\t\t<\/div>\n\t\t","protected":false},"excerpt":{"rendered":"<p>Rendici\u00f3n de Cuentas 2021 Documentos Plan Metropolitano de Desarrollo y Ordenamiento territorial (PMDOT) 2021 \u2013 2033, con sus respectivos ap\u00e9ndices, [&hellip;]<\/p>\n","protected":false},"author":5,"featured_media":0,"parent":0,"menu_order":0,"comment_status":"closed","ping_status":"closed","template":"","meta":{"site-sidebar-layout":"no-sidebar","site-content-layout":"","ast-site-content-layout":"full-width-container","site-content-style":"default","site-sidebar-style":"default","ast-global-header-display":"","ast-banner-title-visibility":"","ast-main-header-display":"","ast-hfb-above-header-display":"","ast-hfb-below-header-display":"","ast-hfb-mobile-header-display":"","site-post-title":"disabled","ast-breadcrumbs-content":"","ast-featured-img":"disabled","footer-sml-layout":"","ast-disable-related-posts":"","theme-transparent-header-meta":"","adv-header-id-meta":"","stick-header-meta":"","header-above-stick-meta":"","header-main-stick-meta":"","header-below-stick-meta":"","astra-migrate-meta-layouts":"default","ast-page-background-enabled":"default","ast-page-background-meta":{"desktop":{"background-color":"var(--ast-global-color-4)","background-image":"","background-repeat":"repeat","background-position":"center center","background-size":"auto","background-attachment":"scroll","background-type":"","background-media":"","overlay-type":"","overlay-color":"","overlay-opacity":"","overlay-gradient":""},"tablet":{"background-color":"","background-image":"","background-repeat":"repeat","background-position":"center center","background-size":"auto","background-attachment":"scroll","background-type":"","background-media":"","overlay-type":"","overlay-color":"","overlay-opacity":"","overlay-gradient":""},"mobile":{"background-color":"","background-image":"","background-repeat":"repeat","background-position":"center center","background-size":"auto","background-attachment":"scroll","background-type":"","background-media":"","overlay-type":"","overlay-color":"","overlay-opacity":"","overlay-gradient":""}},"ast-content-background-meta":{"desktop":{"background-color":"var(--ast-global-color-5)","background-image":"","background-repeat":"repeat","background-position":"center center","background-size":"auto","background-attachment":"scroll","background-type":"","background-media":"","overlay-type":"","overlay-color":"","overlay-opacity":"","overlay-gradient":""},"tablet":{"background-color":"var(--ast-global-color-5)","background-image":"","background-repeat":"repeat","background-position":"center center","background-size":"auto","background-attachment":"scroll","background-type":"","background-media":"","overlay-type":"","overlay-color":"","overlay-opacity":"","overlay-gradient":""},"mobile":{"background-color":"var(--ast-global-color-5)","background-image":"","background-repeat":"repeat","background-position":"center center","background-size":"auto","background-attachment":"scroll","background-type":"","background-media":"","overlay-type":"","overlay-color":"","overlay-opacity":"","overlay-gradient":""}},"footnotes":""},"class_list":["post-1224","page","type-page","status-publish","hentry"],"yoast_head":"<!-- This site is optimized with the Yoast SEO plugin v26.8 - https:\/\/yoast.com\/product\/yoast-seo-wordpress\/ -->\n<title>Rendici\u00f3n de Cuentas 2021 - Municipio de Quito<\/title>\n<meta name=\"robots\" content=\"index, follow, max-snippet:-1, max-image-preview:large, max-video-preview:-1\" \/>\n<link rel=\"canonical\" href=\"https:\/\/www.quito.gob.ec\/?page_id=1224\" \/>\n<meta property=\"og:locale\" content=\"es_ES\" \/>\n<meta property=\"og:type\" content=\"article\" \/>\n<meta property=\"og:title\" content=\"Rendici\u00f3n de Cuentas 2021 - Municipio de Quito\" \/>\n<meta property=\"og:description\" content=\"Rendici\u00f3n de Cuentas 2021 Documentos Plan Metropolitano de Desarrollo y Ordenamiento territorial (PMDOT) 2021 \u2013 2033, con sus respectivos ap\u00e9ndices, [&hellip;]\" \/>\n<meta property=\"og:url\" content=\"https:\/\/www.quito.gob.ec\/?page_id=1224\" \/>\n<meta property=\"og:site_name\" content=\"Municipio de Quito\" \/>\n<meta property=\"article:modified_time\" content=\"2025-07-07T20:04:57+00:00\" \/>\n<meta name=\"twitter:card\" content=\"summary_large_image\" \/>\n<meta name=\"twitter:label1\" content=\"Tiempo de lectura\" \/>\n\t<meta name=\"twitter:data1\" content=\"2 minutos\" \/>\n<script type=\"application\/ld+json\" class=\"yoast-schema-graph\">{\"@context\":\"https:\/\/schema.org\",\"@graph\":[{\"@type\":\"WebPage\",\"@id\":\"https:\/\/www.quito.gob.ec\/?page_id=1224\",\"url\":\"https:\/\/www.quito.gob.ec\/?page_id=1224\",\"name\":\"Rendici\u00f3n de Cuentas 2021 - Municipio de Quito\",\"isPartOf\":{\"@id\":\"https:\/\/www.quito.gob.ec\/#website\"},\"datePublished\":\"2024-02-05T19:48:00+00:00\",\"dateModified\":\"2025-07-07T20:04:57+00:00\",\"breadcrumb\":{\"@id\":\"https:\/\/www.quito.gob.ec\/?page_id=1224#breadcrumb\"},\"inLanguage\":\"es\",\"potentialAction\":[{\"@type\":\"ReadAction\",\"target\":[\"https:\/\/www.quito.gob.ec\/?page_id=1224\"]}]},{\"@type\":\"BreadcrumbList\",\"@id\":\"https:\/\/www.quito.gob.ec\/?page_id=1224#breadcrumb\",\"itemListElement\":[{\"@type\":\"ListItem\",\"position\":1,\"name\":\"Portada\",\"item\":\"https:\/\/www.quito.gob.ec\/\"},{\"@type\":\"ListItem\",\"position\":2,\"name\":\"Rendici\u00f3n de Cuentas 2021\"}]},{\"@type\":\"WebSite\",\"@id\":\"https:\/\/www.quito.gob.ec\/#website\",\"url\":\"https:\/\/www.quito.gob.ec\/\",\"name\":\"Municipio de Quito\",\"description\":\"\",\"publisher\":{\"@id\":\"https:\/\/www.quito.gob.ec\/#organization\"},\"potentialAction\":[{\"@type\":\"SearchAction\",\"target\":{\"@type\":\"EntryPoint\",\"urlTemplate\":\"https:\/\/www.quito.gob.ec\/?s={search_term_string}\"},\"query-input\":{\"@type\":\"PropertyValueSpecification\",\"valueRequired\":true,\"valueName\":\"search_term_string\"}}],\"inLanguage\":\"es\"},{\"@type\":\"Organization\",\"@id\":\"https:\/\/www.quito.gob.ec\/#organization\",\"name\":\"Municipio de Quito\",\"url\":\"https:\/\/www.quito.gob.ec\/\",\"logo\":{\"@type\":\"ImageObject\",\"inLanguage\":\"es\",\"@id\":\"https:\/\/www.quito.gob.ec\/#\/schema\/logo\/image\/\",\"url\":\"https:\/\/www.quito.gob.ec\/wp-content\/uploads\/2024\/01\/LOGO_ALCALDIA_QUITO-23.svg\",\"contentUrl\":\"https:\/\/www.quito.gob.ec\/wp-content\/uploads\/2024\/01\/LOGO_ALCALDIA_QUITO-23.svg\",\"caption\":\"Municipio de Quito\"},\"image\":{\"@id\":\"https:\/\/www.quito.gob.ec\/#\/schema\/logo\/image\/\"}}]}<\/script>\n<!-- \/ Yoast SEO plugin. -->","yoast_head_json":{"title":"Rendici\u00f3n de Cuentas 2021 - Municipio de Quito","robots":{"index":"index","follow":"follow","max-snippet":"max-snippet:-1","max-image-preview":"max-image-preview:large","max-video-preview":"max-video-preview:-1"},"canonical":"https:\/\/www.quito.gob.ec\/?page_id=1224","og_locale":"es_ES","og_type":"article","og_title":"Rendici\u00f3n de Cuentas 2021 - Municipio de Quito","og_description":"Rendici\u00f3n de Cuentas 2021 Documentos Plan Metropolitano de Desarrollo y Ordenamiento territorial (PMDOT) 2021 \u2013 2033, con sus respectivos ap\u00e9ndices, [&hellip;]","og_url":"https:\/\/www.quito.gob.ec\/?page_id=1224","og_site_name":"Municipio de Quito","article_modified_time":"2025-07-07T20:04:57+00:00","twitter_card":"summary_large_image","twitter_misc":{"Tiempo de lectura":"2 minutos"},"schema":{"@context":"https:\/\/schema.org","@graph":[{"@type":"WebPage","@id":"https:\/\/www.quito.gob.ec\/?page_id=1224","url":"https:\/\/www.quito.gob.ec\/?page_id=1224","name":"Rendici\u00f3n de Cuentas 2021 - Municipio de Quito","isPartOf":{"@id":"https:\/\/www.quito.gob.ec\/#website"},"datePublished":"2024-02-05T19:48:00+00:00","dateModified":"2025-07-07T20:04:57+00:00","breadcrumb":{"@id":"https:\/\/www.quito.gob.ec\/?page_id=1224#breadcrumb"},"inLanguage":"es","potentialAction":[{"@type":"ReadAction","target":["https:\/\/www.quito.gob.ec\/?page_id=1224"]}]},{"@type":"BreadcrumbList","@id":"https:\/\/www.quito.gob.ec\/?page_id=1224#breadcrumb","itemListElement":[{"@type":"ListItem","position":1,"name":"Portada","item":"https:\/\/www.quito.gob.ec\/"},{"@type":"ListItem","position":2,"name":"Rendici\u00f3n de Cuentas 2021"}]},{"@type":"WebSite","@id":"https:\/\/www.quito.gob.ec\/#website","url":"https:\/\/www.quito.gob.ec\/","name":"Municipio de Quito","description":"","publisher":{"@id":"https:\/\/www.quito.gob.ec\/#organization"},"potentialAction":[{"@type":"SearchAction","target":{"@type":"EntryPoint","urlTemplate":"https:\/\/www.quito.gob.ec\/?s={search_term_string}"},"query-input":{"@type":"PropertyValueSpecification","valueRequired":true,"valueName":"search_term_string"}}],"inLanguage":"es"},{"@type":"Organization","@id":"https:\/\/www.quito.gob.ec\/#organization","name":"Municipio de Quito","url":"https:\/\/www.quito.gob.ec\/","logo":{"@type":"ImageObject","inLanguage":"es","@id":"https:\/\/www.quito.gob.ec\/#\/schema\/logo\/image\/","url":"https:\/\/www.quito.gob.ec\/wp-content\/uploads\/2024\/01\/LOGO_ALCALDIA_QUITO-23.svg","contentUrl":"https:\/\/www.quito.gob.ec\/wp-content\/uploads\/2024\/01\/LOGO_ALCALDIA_QUITO-23.svg","caption":"Municipio de Quito"},"image":{"@id":"https:\/\/www.quito.gob.ec\/#\/schema\/logo\/image\/"}}]}},"_links":{"self":[{"href":"https:\/\/www.quito.gob.ec\/index.php?rest_route=\/wp\/v2\/pages\/1224","targetHints":{"allow":["GET"]}}],"collection":[{"href":"https:\/\/www.quito.gob.ec\/index.php?rest_route=\/wp\/v2\/pages"}],"about":[{"href":"https:\/\/www.quito.gob.ec\/index.php?rest_route=\/wp\/v2\/types\/page"}],"author":[{"embeddable":true,"href":"https:\/\/www.quito.gob.ec\/index.php?rest_route=\/wp\/v2\/users\/5"}],"replies":[{"embeddable":true,"href":"https:\/\/www.quito.gob.ec\/index.php?rest_route=%2Fwp%2Fv2%2Fcomments&post=1224"}],"version-history":[{"count":18,"href":"https:\/\/www.quito.gob.ec\/index.php?rest_route=\/wp\/v2\/pages\/1224\/revisions"}],"predecessor-version":[{"id":11672,"href":"https:\/\/www.quito.gob.ec\/index.php?rest_route=\/wp\/v2\/pages\/1224\/revisions\/11672"}],"wp:attachment":[{"href":"https:\/\/www.quito.gob.ec\/index.php?rest_route=%2Fwp%2Fv2%2Fmedia&parent=1224"}],"curies":[{"name":"wp","href":"https:\/\/api.w.org\/{rel}","templated":true}]}}