{"id":1229,"date":"2024-02-05T14:51:47","date_gmt":"2024-02-05T19:51:47","guid":{"rendered":"https:\/\/www.quito.gob.ec\/?page_id=1229"},"modified":"2025-07-07T15:05:21","modified_gmt":"2025-07-07T20:05:21","slug":"rendicion-de-cuentas-2020","status":"publish","type":"page","link":"https:\/\/www.quito.gob.ec\/?page_id=1229","title":{"rendered":"Rendici\u00f3n de Cuentas 2020"},"content":{"rendered":"\t\t<div data-elementor-type=\"wp-page\" data-elementor-id=\"1229\" class=\"elementor elementor-1229\" data-elementor-post-type=\"page\">\n\t\t\t\t<div class=\"elementor-element elementor-element-82ef4a3 e-flex e-con-boxed e-con e-parent\" data-id=\"82ef4a3\" data-element_type=\"container\">\n\t\t\t\t\t<div class=\"e-con-inner\">\n\t\t\t\t<div class=\"elementor-element elementor-element-8aaada8 elementor-widget elementor-widget-shortcode\" data-id=\"8aaada8\" data-element_type=\"widget\" data-widget_type=\"shortcode.default\">\n\t\t\t\t<div class=\"elementor-widget-container\">\n\t\t\t\t\t\t\t<div class=\"elementor-shortcode\">\t\t\t<!-- Flexy Breadcrumb -->\r\n\t\t\t<div class=\"fbc fbc-page\">\r\n\r\n\t\t\t\t<!-- Breadcrumb wrapper -->\r\n\t\t\t\t<div class=\"fbc-wrap\">\r\n\r\n\t\t\t\t\t<!-- Ordered list-->\r\n\t\t\t\t\t<ol class=\"fbc-items\" itemscope itemtype=\"https:\/\/schema.org\/BreadcrumbList\">\r\n\t\t\t\t\t\t            <li itemprop=\"itemListElement\" itemscope itemtype=\"https:\/\/schema.org\/ListItem\">\r\n                <span itemprop=\"name\">\r\n                    <!-- Home Link -->\r\n                    <a itemprop=\"item\" href=\"https:\/\/www.quito.gob.ec\">\r\n                    \r\n                                                    <i class=\"fa fa-home\" aria-hidden=\"true\"><\/i>Inicio                    <\/a>\r\n                <\/span>\r\n                <meta itemprop=\"position\" content=\"1\" \/><!-- Meta Position-->\r\n             <\/li><li><span class=\"fbc-separator\">\/<\/span><\/li><li class=\"active\" itemprop=\"itemListElement\" itemscope itemtype=\"https:\/\/schema.org\/ListItem\"><span itemprop=\"name\" title=\"Rendici\u00f3n de Cuentas 2020\">Rendici\u00f3n de Cuentas 2020<\/span><meta itemprop=\"position\" content=\"2\" \/><\/li>\t\t\t\t\t<\/ol>\r\n\t\t\t\t\t<div class=\"clearfix\"><\/div>\r\n\t\t\t\t<\/div>\r\n\t\t\t<\/div>\r\n\t\t\t<\/div>\n\t\t\t\t\t\t<\/div>\n\t\t\t\t<\/div>\n\t\t<div class=\"elementor-element elementor-element-786416e e-flex e-con-boxed e-con e-child\" data-id=\"786416e\" data-element_type=\"container\">\n\t\t\t\t\t<div class=\"e-con-inner\">\n\t\t\t\t<div class=\"elementor-element elementor-element-2e5eb7b elementor-widget elementor-widget-text-editor\" data-id=\"2e5eb7b\" data-element_type=\"widget\" data-widget_type=\"text-editor.default\">\n\t\t\t\t<div class=\"elementor-widget-container\">\n\t\t\t\t\t\t\t\t\t<h6><span style=\"color: #2e5691;\">Rendici\u00f3n de Cuentas 2020<\/span><\/h6><p><strong>Fase de Consultas ciudadanas<\/strong><\/p><p>Env\u00eda tus consultas a la gesti\u00f3n 2020 aqu\u00ed:\u00a0<a href=\"https:\/\/forms.gle\/P3KThPcHAPfUK5cP9\" target=\"_blank\" rel=\"noopener\">&gt;&gt; formulario&lt;&lt;<\/a><\/p><p><a href=\"https:\/\/quito.gob.ec\/documents\/1.Consulta-Ciudadana.pdf\" target=\"_blank\" rel=\"noopener\">Consultas ciudadanas<\/a><\/p><p><strong>Documentos<\/strong><\/p><ul><li><a href=\"https:\/\/quito.gob.ec\/documents\/Plan_de_Gobierno_2019-2023_Dr_Jorge_Yunda.pdf\" target=\"_blank\" rel=\"noopener\">Plan de Gobierno &#8211; Campa\u00f1a Alcald\u00eda 2019-2023<\/a><\/li><li><a href=\"https:\/\/quito.gob.ec\/documents\/POA2020.pdf\" target=\"_blank\" rel=\"noopener\">Plan Operativo Anual (POA) 2020<\/a><\/li><li><a href=\"https:\/\/quito.gob.ec\/documents\/PMDOT.pdf\" target=\"_blank\" rel=\"noopener\">Plan Metropolitano de Desarrollo y Ordenamiento Territorial 2015-2025 Vigente<\/a><\/li><li><a href=\"https:\/\/quito.gob.ec\/documents\/Presupuesto2020.pdf\" target=\"_blank\" rel=\"noopener\">Presupuesto institucional y Participativo<\/a><\/li><li><a href=\"https:\/\/quito.gob.ec\/documents\/Catastro2020.pdf\" target=\"_blank\" rel=\"noopener\">Catastro Municipal 2020<\/a><\/li><li><a href=\"https:\/\/quito.gob.ec\/documents\/rendicion_cuentas\/2020\/comisiones_mixtas_rdc2020.pdf\" target=\"_blank\" rel=\"noopener\">Comisiones Mixtas Rendici\u00f3n de Cuentas 2020<\/a><\/li><\/ul><p><strong>Informe Rendici\u00f3n de Cuentas 2020 del Municipio del Distrito Metropolitano de Quito<\/strong><\/p><ul><li><a href=\"https:\/\/quito.gob.ec\/documents\/INFORME_NARRATIVO_RENDICION_CUENTAS2021.pdf\" target=\"_blank\" rel=\"noopener\">Informe Narrativo Rendici\u00f3n de Cuentas 2020<\/a><\/li><li><a href=\"https:\/\/quito.gob.ec\/documents\/GADDMQ-AM-2021-0825-OF.pdf\" target=\"_blank\" rel=\"noopener\">Aprobaci\u00f3n del Informe narrativo<\/a><\/li><li><a href=\"https:\/\/forms.gle\/P3KThPcHAPfUK5cP9\" target=\"_blank\" rel=\"noopener\">Formulario de aporte ciudadano al informe de Rendici\u00f3n de Cuentas 2020<\/a><\/li><li><a href=\"https:\/\/quito.gob.ec\/documents\/PLAN_DE_TRABAJO2021.pdf\" target=\"_blank\" rel=\"noopener\">Plan de trabajo<\/a><\/li><li><a href=\"https:\/\/quito.gob.ec\/documents\/ENLACES_DE_PLANES_DE_TRABAJO_ENTIDADES_ADSCRITAS.pdf\" target=\"_blank\" rel=\"noopener\">Enlaces planes de trabajo entidades adscritas<\/a><\/li><li><a href=\"https:\/\/quito.gob.ec\/documents\/Recepcion_Plan_Trabajo.pdf\" target=\"_blank\" rel=\"noopener\">Recepci\u00f3n Plan de Trabajo<\/a><\/li><li><a href=\"https:\/\/quito.gob.ec\/documents\/Convocatoria_Deliberacion%20PublicaRC.pdf\" target=\"_blank\" rel=\"noopener\">Convocatoria al evento de deliberaci\u00f3n p\u00fablica de Rendici\u00f3n de Cuentas 2020 del Alcalde del Municipio del Distrito Metropolitano de Quito.<\/a><\/li><li><a href=\"https:\/\/fb.watch\/6tvAHPXpV6\/\" target=\"_blank\" rel=\"noopener\">Video de deliberaci\u00f3n p\u00fablica<\/a><\/li><li><a href=\"https:\/\/quito.gob.ec\/documents\/CONSULTAS_CIUDADANAS_SECOM.pdf\" target=\"_blank\" rel=\"noopener\">Respuestas consultas ciudadanas<\/a><\/li><\/ul><p><strong>Formularios de Rendici\u00f3n de Cuentas 2020 del Municipio del Distrito Metropolitano de Quito<\/strong><\/p><ul><li><a href=\"https:\/\/quito.gob.ec\/documents\/hoja_de_ruta.xlsx\" target=\"_blank\" rel=\"noopener\">Hoja de Ruta Rendici\u00f3n de Cuentas<\/a><\/li><li><a href=\"https:\/\/forms.gle\/9ZTAssm6aFw5kfjN6\" target=\"_blank\" rel=\"noopener\">Formulario de observaciones y sugerencias al informe narrativo 2020<\/a><\/li><li><a href=\"https:\/\/quito.gob.ec\/documents\/Formulario_2020.pdf\" target=\"_blank\" rel=\"noopener\">Formulario de Rendici\u00f3n de Cuentas<\/a><\/li><li><a href=\"https:\/\/quito.gob.ec\/documents\/Confirmacion_Rendicion_Cuentas.pdf\" target=\"_blank\" rel=\"noopener\">Notificaci\u00f3n de finalizaci\u00f3n del registro del formulario\u00a0<\/a><\/li><li><a href=\"http:\/\/gobiernoabierto.quito.gob.ec\/Archivos\/RC2020MDMQ\" target=\"_blank\" rel=\"noopener\">Formulario de Rendici\u00f3n de Cuentas &#8211; Medios de Verificaci\u00f3n<\/a><\/li><li><a href=\"https:\/\/quito.gob.ec\/documents\/GADDMQ-AM-2021-0828-OF.pdf\" target=\"_blank\" rel=\"noopener\">Aprobaci\u00f3n del formulario de rendici\u00f3n de cuentas 2020<\/a><\/li><li><a href=\"http:\/\/gobiernoabierto.quito.gob.ec\/Archivos\/RC2020MDMQ\/InformeNarrativo\/ComprasPublicas.pdf\" target=\"_blank\" rel=\"noopener\">Procesos de Contrataci\u00f3n P\u00fablica 2020<\/a><\/li><li><a href=\"http:\/\/gobiernoabierto.quito.gob.ec\/Archivos\/RC2020MDMQ\/InformeNarrativo\/Recomendaciones.pdf\" target=\"_blank\" rel=\"noopener\">Incorporaci\u00f3n de recomendaciones y dict\u00e1menes por parte de las entidades de la Funci\u00f3n de Transparencia y Control Social, la Procuradur\u00eda General del Estado y CEAACES<\/a>\u00a0<\/li><li><a href=\"http:\/\/gobiernoabierto.quito.gob.ec\/Archivos\/RC2020MDMQ\/Formulario\/ControlSocial.pdf\" target=\"_blank\" rel=\"noopener\">Mecanismos de Control Social\u00a0<\/a><\/li><li><a href=\"https:\/\/quito.gob.ec\/documents\/oficio_de_conocimiento_a_la_asamblea_de_quito_2021-0911.pdf\" target=\"_blank\" rel=\"noopener\">Oficio de conocimiento a la Asamblea de Quito de formulario y video del evento deliberativo<\/a><\/li><\/ul>\t\t\t\t\t\t\t\t<\/div>\n\t\t\t\t<\/div>\n\t\t\t\t\t<\/div>\n\t\t\t\t<\/div>\n\t\t\t\t\t<\/div>\n\t\t\t\t<\/div>\n\t\t\t\t<\/div>\n\t\t","protected":false},"excerpt":{"rendered":"<p>Rendici\u00f3n de Cuentas 2020 Fase de Consultas ciudadanas Env\u00eda tus consultas a la gesti\u00f3n 2020 aqu\u00ed:\u00a0&gt;&gt; formulario&lt;&lt; Consultas ciudadanas Documentos [&hellip;]<\/p>\n","protected":false},"author":5,"featured_media":0,"parent":0,"menu_order":0,"comment_status":"closed","ping_status":"closed","template":"","meta":{"site-sidebar-layout":"no-sidebar","site-content-layout":"","ast-site-content-layout":"full-width-container","site-content-style":"default","site-sidebar-style":"default","ast-global-header-display":"","ast-banner-title-visibility":"","ast-main-header-display":"","ast-hfb-above-header-display":"","ast-hfb-below-header-display":"","ast-hfb-mobile-header-display":"","site-post-title":"disabled","ast-breadcrumbs-content":"","ast-featured-img":"disabled","footer-sml-layout":"","ast-disable-related-posts":"","theme-transparent-header-meta":"","adv-header-id-meta":"","stick-header-meta":"","header-above-stick-meta":"","header-main-stick-meta":"","header-below-stick-meta":"","astra-migrate-meta-layouts":"default","ast-page-background-enabled":"default","ast-page-background-meta":{"desktop":{"background-color":"var(--ast-global-color-4)","background-image":"","background-repeat":"repeat","background-position":"center center","background-size":"auto","background-attachment":"scroll","background-type":"","background-media":"","overlay-type":"","overlay-color":"","overlay-opacity":"","overlay-gradient":""},"tablet":{"background-color":"","background-image":"","background-repeat":"repeat","background-position":"center center","background-size":"auto","background-attachment":"scroll","background-type":"","background-media":"","overlay-type":"","overlay-color":"","overlay-opacity":"","overlay-gradient":""},"mobile":{"background-color":"","background-image":"","background-repeat":"repeat","background-position":"center center","background-size":"auto","background-attachment":"scroll","background-type":"","background-media":"","overlay-type":"","overlay-color":"","overlay-opacity":"","overlay-gradient":""}},"ast-content-background-meta":{"desktop":{"background-color":"var(--ast-global-color-5)","background-image":"","background-repeat":"repeat","background-position":"center center","background-size":"auto","background-attachment":"scroll","background-type":"","background-media":"","overlay-type":"","overlay-color":"","overlay-opacity":"","overlay-gradient":""},"tablet":{"background-color":"var(--ast-global-color-5)","background-image":"","background-repeat":"repeat","background-position":"center center","background-size":"auto","background-attachment":"scroll","background-type":"","background-media":"","overlay-type":"","overlay-color":"","overlay-opacity":"","overlay-gradient":""},"mobile":{"background-color":"var(--ast-global-color-5)","background-image":"","background-repeat":"repeat","background-position":"center center","background-size":"auto","background-attachment":"scroll","background-type":"","background-media":"","overlay-type":"","overlay-color":"","overlay-opacity":"","overlay-gradient":""}},"footnotes":""},"class_list":["post-1229","page","type-page","status-publish","hentry"],"yoast_head":"<!-- This site is optimized with the Yoast SEO plugin v26.8 - https:\/\/yoast.com\/product\/yoast-seo-wordpress\/ -->\n<title>Rendici\u00f3n de Cuentas 2020 - Municipio de Quito<\/title>\n<meta name=\"robots\" content=\"index, follow, max-snippet:-1, max-image-preview:large, max-video-preview:-1\" \/>\n<link rel=\"canonical\" href=\"https:\/\/www.quito.gob.ec\/?page_id=1229\" \/>\n<meta property=\"og:locale\" content=\"es_ES\" \/>\n<meta property=\"og:type\" content=\"article\" \/>\n<meta property=\"og:title\" content=\"Rendici\u00f3n de Cuentas 2020 - Municipio de Quito\" \/>\n<meta property=\"og:description\" content=\"Rendici\u00f3n de Cuentas 2020 Fase de Consultas ciudadanas Env\u00eda tus consultas a la gesti\u00f3n 2020 aqu\u00ed:\u00a0&gt;&gt; formulario&lt;&lt; Consultas ciudadanas Documentos [&hellip;]\" \/>\n<meta property=\"og:url\" content=\"https:\/\/www.quito.gob.ec\/?page_id=1229\" \/>\n<meta property=\"og:site_name\" content=\"Municipio de Quito\" \/>\n<meta property=\"article:modified_time\" content=\"2025-07-07T20:05:21+00:00\" \/>\n<meta name=\"twitter:card\" content=\"summary_large_image\" \/>\n<meta name=\"twitter:label1\" content=\"Tiempo de lectura\" \/>\n\t<meta name=\"twitter:data1\" content=\"2 minutos\" \/>\n<script type=\"application\/ld+json\" class=\"yoast-schema-graph\">{\"@context\":\"https:\/\/schema.org\",\"@graph\":[{\"@type\":\"WebPage\",\"@id\":\"https:\/\/www.quito.gob.ec\/?page_id=1229\",\"url\":\"https:\/\/www.quito.gob.ec\/?page_id=1229\",\"name\":\"Rendici\u00f3n de Cuentas 2020 - Municipio de Quito\",\"isPartOf\":{\"@id\":\"https:\/\/www.quito.gob.ec\/#website\"},\"datePublished\":\"2024-02-05T19:51:47+00:00\",\"dateModified\":\"2025-07-07T20:05:21+00:00\",\"breadcrumb\":{\"@id\":\"https:\/\/www.quito.gob.ec\/?page_id=1229#breadcrumb\"},\"inLanguage\":\"es\",\"potentialAction\":[{\"@type\":\"ReadAction\",\"target\":[\"https:\/\/www.quito.gob.ec\/?page_id=1229\"]}]},{\"@type\":\"BreadcrumbList\",\"@id\":\"https:\/\/www.quito.gob.ec\/?page_id=1229#breadcrumb\",\"itemListElement\":[{\"@type\":\"ListItem\",\"position\":1,\"name\":\"Portada\",\"item\":\"https:\/\/www.quito.gob.ec\/\"},{\"@type\":\"ListItem\",\"position\":2,\"name\":\"Rendici\u00f3n de Cuentas 2020\"}]},{\"@type\":\"WebSite\",\"@id\":\"https:\/\/www.quito.gob.ec\/#website\",\"url\":\"https:\/\/www.quito.gob.ec\/\",\"name\":\"Municipio de Quito\",\"description\":\"\",\"publisher\":{\"@id\":\"https:\/\/www.quito.gob.ec\/#organization\"},\"potentialAction\":[{\"@type\":\"SearchAction\",\"target\":{\"@type\":\"EntryPoint\",\"urlTemplate\":\"https:\/\/www.quito.gob.ec\/?s={search_term_string}\"},\"query-input\":{\"@type\":\"PropertyValueSpecification\",\"valueRequired\":true,\"valueName\":\"search_term_string\"}}],\"inLanguage\":\"es\"},{\"@type\":\"Organization\",\"@id\":\"https:\/\/www.quito.gob.ec\/#organization\",\"name\":\"Municipio de Quito\",\"url\":\"https:\/\/www.quito.gob.ec\/\",\"logo\":{\"@type\":\"ImageObject\",\"inLanguage\":\"es\",\"@id\":\"https:\/\/www.quito.gob.ec\/#\/schema\/logo\/image\/\",\"url\":\"https:\/\/www.quito.gob.ec\/wp-content\/uploads\/2024\/01\/LOGO_ALCALDIA_QUITO-23.svg\",\"contentUrl\":\"https:\/\/www.quito.gob.ec\/wp-content\/uploads\/2024\/01\/LOGO_ALCALDIA_QUITO-23.svg\",\"caption\":\"Municipio de Quito\"},\"image\":{\"@id\":\"https:\/\/www.quito.gob.ec\/#\/schema\/logo\/image\/\"}}]}<\/script>\n<!-- \/ Yoast SEO plugin. -->","yoast_head_json":{"title":"Rendici\u00f3n de Cuentas 2020 - Municipio de Quito","robots":{"index":"index","follow":"follow","max-snippet":"max-snippet:-1","max-image-preview":"max-image-preview:large","max-video-preview":"max-video-preview:-1"},"canonical":"https:\/\/www.quito.gob.ec\/?page_id=1229","og_locale":"es_ES","og_type":"article","og_title":"Rendici\u00f3n de Cuentas 2020 - Municipio de Quito","og_description":"Rendici\u00f3n de Cuentas 2020 Fase de Consultas ciudadanas Env\u00eda tus consultas a la gesti\u00f3n 2020 aqu\u00ed:\u00a0&gt;&gt; formulario&lt;&lt; Consultas ciudadanas Documentos [&hellip;]","og_url":"https:\/\/www.quito.gob.ec\/?page_id=1229","og_site_name":"Municipio de Quito","article_modified_time":"2025-07-07T20:05:21+00:00","twitter_card":"summary_large_image","twitter_misc":{"Tiempo de lectura":"2 minutos"},"schema":{"@context":"https:\/\/schema.org","@graph":[{"@type":"WebPage","@id":"https:\/\/www.quito.gob.ec\/?page_id=1229","url":"https:\/\/www.quito.gob.ec\/?page_id=1229","name":"Rendici\u00f3n de Cuentas 2020 - Municipio de Quito","isPartOf":{"@id":"https:\/\/www.quito.gob.ec\/#website"},"datePublished":"2024-02-05T19:51:47+00:00","dateModified":"2025-07-07T20:05:21+00:00","breadcrumb":{"@id":"https:\/\/www.quito.gob.ec\/?page_id=1229#breadcrumb"},"inLanguage":"es","potentialAction":[{"@type":"ReadAction","target":["https:\/\/www.quito.gob.ec\/?page_id=1229"]}]},{"@type":"BreadcrumbList","@id":"https:\/\/www.quito.gob.ec\/?page_id=1229#breadcrumb","itemListElement":[{"@type":"ListItem","position":1,"name":"Portada","item":"https:\/\/www.quito.gob.ec\/"},{"@type":"ListItem","position":2,"name":"Rendici\u00f3n de Cuentas 2020"}]},{"@type":"WebSite","@id":"https:\/\/www.quito.gob.ec\/#website","url":"https:\/\/www.quito.gob.ec\/","name":"Municipio de Quito","description":"","publisher":{"@id":"https:\/\/www.quito.gob.ec\/#organization"},"potentialAction":[{"@type":"SearchAction","target":{"@type":"EntryPoint","urlTemplate":"https:\/\/www.quito.gob.ec\/?s={search_term_string}"},"query-input":{"@type":"PropertyValueSpecification","valueRequired":true,"valueName":"search_term_string"}}],"inLanguage":"es"},{"@type":"Organization","@id":"https:\/\/www.quito.gob.ec\/#organization","name":"Municipio de Quito","url":"https:\/\/www.quito.gob.ec\/","logo":{"@type":"ImageObject","inLanguage":"es","@id":"https:\/\/www.quito.gob.ec\/#\/schema\/logo\/image\/","url":"https:\/\/www.quito.gob.ec\/wp-content\/uploads\/2024\/01\/LOGO_ALCALDIA_QUITO-23.svg","contentUrl":"https:\/\/www.quito.gob.ec\/wp-content\/uploads\/2024\/01\/LOGO_ALCALDIA_QUITO-23.svg","caption":"Municipio de Quito"},"image":{"@id":"https:\/\/www.quito.gob.ec\/#\/schema\/logo\/image\/"}}]}},"_links":{"self":[{"href":"https:\/\/www.quito.gob.ec\/index.php?rest_route=\/wp\/v2\/pages\/1229","targetHints":{"allow":["GET"]}}],"collection":[{"href":"https:\/\/www.quito.gob.ec\/index.php?rest_route=\/wp\/v2\/pages"}],"about":[{"href":"https:\/\/www.quito.gob.ec\/index.php?rest_route=\/wp\/v2\/types\/page"}],"author":[{"embeddable":true,"href":"https:\/\/www.quito.gob.ec\/index.php?rest_route=\/wp\/v2\/users\/5"}],"replies":[{"embeddable":true,"href":"https:\/\/www.quito.gob.ec\/index.php?rest_route=%2Fwp%2Fv2%2Fcomments&post=1229"}],"version-history":[{"count":18,"href":"https:\/\/www.quito.gob.ec\/index.php?rest_route=\/wp\/v2\/pages\/1229\/revisions"}],"predecessor-version":[{"id":11674,"href":"https:\/\/www.quito.gob.ec\/index.php?rest_route=\/wp\/v2\/pages\/1229\/revisions\/11674"}],"wp:attachment":[{"href":"https:\/\/www.quito.gob.ec\/index.php?rest_route=%2Fwp%2Fv2%2Fmedia&parent=1229"}],"curies":[{"name":"wp","href":"https:\/\/api.w.org\/{rel}","templated":true}]}}