{"id":2471,"date":"2024-02-15T11:27:29","date_gmt":"2024-02-15T16:27:29","guid":{"rendered":"https:\/\/www.quito.gob.ec\/?page_id=2471"},"modified":"2025-11-20T15:02:27","modified_gmt":"2025-11-20T20:02:27","slug":"seguridad-y-gobernabilidad","status":"publish","type":"page","link":"https:\/\/www.quito.gob.ec\/?page_id=2471","title":{"rendered":"Seguridad"},"content":{"rendered":"\t\t<div data-elementor-type=\"wp-page\" data-elementor-id=\"2471\" class=\"elementor elementor-2471\" data-elementor-post-type=\"page\">\n\t\t\t\t<div class=\"elementor-element elementor-element-c80a6fa e-flex e-con-boxed e-con e-parent\" data-id=\"c80a6fa\" data-element_type=\"container\">\n\t\t\t\t\t<div class=\"e-con-inner\">\n\t\t\t\t<div class=\"elementor-element elementor-element-566d553 elementor-widget elementor-widget-shortcode\" data-id=\"566d553\" data-element_type=\"widget\" data-widget_type=\"shortcode.default\">\n\t\t\t\t<div class=\"elementor-widget-container\">\n\t\t\t\t\t\t\t<div class=\"elementor-shortcode\">\t\t\t<!-- Flexy Breadcrumb -->\r\n\t\t\t<div class=\"fbc fbc-page\">\r\n\r\n\t\t\t\t<!-- Breadcrumb wrapper -->\r\n\t\t\t\t<div class=\"fbc-wrap\">\r\n\r\n\t\t\t\t\t<!-- Ordered list-->\r\n\t\t\t\t\t<ol class=\"fbc-items\" itemscope itemtype=\"https:\/\/schema.org\/BreadcrumbList\">\r\n\t\t\t\t\t\t            <li itemprop=\"itemListElement\" itemscope itemtype=\"https:\/\/schema.org\/ListItem\">\r\n                <span itemprop=\"name\">\r\n                    <!-- Home Link -->\r\n                    <a itemprop=\"item\" href=\"https:\/\/www.quito.gob.ec\">\r\n                    \r\n                                                    <i class=\"fa fa-home\" aria-hidden=\"true\"><\/i>Inicio                    <\/a>\r\n                <\/span>\r\n                <meta itemprop=\"position\" content=\"1\" \/><!-- Meta Position-->\r\n             <\/li><li><span class=\"fbc-separator\">\/<\/span><\/li><li class=\"active\" itemprop=\"itemListElement\" itemscope itemtype=\"https:\/\/schema.org\/ListItem\"><span itemprop=\"name\" title=\"Seguridad\">Seguridad<\/span><meta itemprop=\"position\" content=\"2\" \/><\/li>\t\t\t\t\t<\/ol>\r\n\t\t\t\t\t<div class=\"clearfix\"><\/div>\r\n\t\t\t\t<\/div>\r\n\t\t\t<\/div>\r\n\t\t\t<\/div>\n\t\t\t\t\t\t<\/div>\n\t\t\t\t<\/div>\n\t\t\t\t\t<\/div>\n\t\t\t\t<\/div>\n\t\t<div class=\"elementor-element elementor-element-850cdba e-flex e-con-boxed e-con e-parent\" data-id=\"850cdba\" data-element_type=\"container\">\n\t\t\t\t\t<div class=\"e-con-inner\">\n\t\t\t\t<div class=\"elementor-element elementor-element-5acb25a elementor-widget elementor-widget-text-editor\" data-id=\"5acb25a\" data-element_type=\"widget\" data-widget_type=\"text-editor.default\">\n\t\t\t\t<div class=\"elementor-widget-container\">\n\t\t\t\t\t\t\t\t\t<h4><strong><img decoding=\"async\" class=\"alignnone wp-image-1931 lazyload\" data-src=\"https:\/\/www.quito.gob.ec\/wp-content\/uploads\/2024\/02\/SEGURIDAD.png\" alt=\"\" width=\"65\" height=\"65\" src=\"data:image\/svg+xml;base64,PHN2ZyB3aWR0aD0iMSIgaGVpZ2h0PSIxIiB4bWxucz0iaHR0cDovL3d3dy53My5vcmcvMjAwMC9zdmciPjwvc3ZnPg==\" style=\"--smush-placeholder-width: 65px; --smush-placeholder-aspect-ratio: 65\/65;\" \/><\/strong><span style=\"color: #27357d;\">Seguridad<\/span><\/h4><p aria-level=\"2\"><span style=\"color: #000000;\"><b>Secretar\u00eda General de Seguridad Ciudadana y Gesti\u00f3n de Riesgos<\/b><\/span><span data-ccp-props=\"{&quot;134233117&quot;:false,&quot;134233118&quot;:false,&quot;201341983&quot;:2,&quot;335557856&quot;:16777215,&quot;335559738&quot;:0,&quot;335559739&quot;:300,&quot;335559740&quot;:330}\">\u00a0<\/span><\/p><p><span data-contrast=\"none\">La Secretaria est\u00e1 comprometida con vocaci\u00f3n de servicio y excelencia que comparte con la comunidad e interact\u00faa con la misma planificando una ciudad inteligente, de oportunidades y solidaria, siendo sostenible, rentable y autosuficiente donde la prevenci\u00f3n y seguridad sean primordiales para la comunidad, manteniendo la participaci\u00f3n activa de la misma.<\/span><span data-ccp-props=\"{&quot;134233117&quot;:false,&quot;134233118&quot;:false,&quot;201341983&quot;:0,&quot;335551550&quot;:6,&quot;335551620&quot;:6,&quot;335557856&quot;:16777215,&quot;335559738&quot;:225,&quot;335559739&quot;:225,&quot;335559740&quot;:240}\">\u00a0<\/span><\/p><p>Web: <a href=\"https:\/\/seguridad.quito.gob.ec\" target=\"_blank\" rel=\"noopener\">seguridad.quito.gob.ec<\/a><\/p><hr \/><p><span style=\"color: #000000;\"><b>\u00a0<\/b><\/span><\/p><p><span style=\"color: #000000;\"><b>Empresa P\u00fablica Metropolitana de Log\u00edstica para la Seguridad y Convivencia Ciudadana &#8211; EMSEGURIDAD<\/b>\u00a0<\/span><\/p><p><span data-contrast=\"none\">Es una empresa con personer\u00eda jur\u00eddica propia, autonom\u00eda administrativa, operativa, patrimonial y financiera con la que tiene la finalidad de administrar la infraestructura de los sistemas de seguridad humana, gesti\u00f3n de riesgos y convivencia ciudadana, mediante servicios de log\u00edstica a entidades de derecho p\u00fablico y privado, para el logro de una convivencia segura, solidaria y transparente de los habitantes del Distrito Metropolitano de Quito.<\/span><span data-ccp-props=\"{&quot;134233117&quot;:false,&quot;134233118&quot;:false,&quot;201341983&quot;:0,&quot;335551550&quot;:6,&quot;335551620&quot;:6,&quot;335557856&quot;:16777215,&quot;335559738&quot;:225,&quot;335559739&quot;:225,&quot;335559740&quot;:240}\">\u00a0<\/span><\/p><p><span data-contrast=\"none\">Web:\u202f<\/span><a href=\"http:\/\/www.emseguridad-q.gob.ec\/\" target=\"_blank\" rel=\"noopener\"><span data-contrast=\"none\">emseguridad-q.gob.ec<\/span><\/a><span data-ccp-props=\"{&quot;134233117&quot;:false,&quot;134233118&quot;:false,&quot;201341983&quot;:0,&quot;335557856&quot;:16777215,&quot;335559738&quot;:0,&quot;335559739&quot;:0,&quot;335559740&quot;:240}\">\u00a0<\/span><\/p><hr \/><p><span style=\"color: #000000;\"><b>\u00a0<\/b><\/span><\/p><p><span style=\"color: #000000;\"><b>Cuerpo de Agentes de Control Metropolitano de Quito &#8211; CACM<\/b><\/span><span data-ccp-props=\"{&quot;134233117&quot;:false,&quot;134233118&quot;:false,&quot;201341983&quot;:0,&quot;335557856&quot;:16777215,&quot;335559738&quot;:0,&quot;335559739&quot;:0,&quot;335559740&quot;:240}\">\u00a0<\/span><\/p><p><span data-contrast=\"none\">Es una entidad adscrita a la Secretar\u00eda de Seguridad y Gesti\u00f3n de Riesgos de naturaleza civil, de car\u00e1cter t\u00e9cnico, uniformada y jerarquizada, encargada de controlar el ordenamiento y buen uso del espacio p\u00fablico y de circulaci\u00f3n en el DMQ. Adem\u00e1s de orientar a la ciudadan\u00eda en normas de convivencia pac\u00edfica y apoyar a la gesti\u00f3n tur\u00edstica.<\/span><span data-ccp-props=\"{&quot;134233117&quot;:false,&quot;134233118&quot;:false,&quot;201341983&quot;:0,&quot;335551550&quot;:6,&quot;335551620&quot;:6,&quot;335557856&quot;:16777215,&quot;335559738&quot;:225,&quot;335559739&quot;:225,&quot;335559740&quot;:240}\">\u00a0<\/span><\/p><p><span data-contrast=\"none\">Web:\u202f<\/span><a href=\"https:\/\/www.cacmq.gob.ec\/\" target=\"_blank\" rel=\"noopener\"><span data-contrast=\"none\">cacmq.gob.ec<\/span><\/a> <span data-ccp-props=\"{&quot;134233117&quot;:false,&quot;134233118&quot;:false,&quot;201341983&quot;:0,&quot;335557856&quot;:16777215,&quot;335559738&quot;:0,&quot;335559739&quot;:0,&quot;335559740&quot;:240}\">\u00a0<\/span><\/p><hr \/><p><span style=\"color: #000000;\"><b>\u00a0<\/b><\/span><\/p><p><span style=\"color: #000000;\"><b>Cuerpo de Bomberos del Distrito Metropolitano de Quito<\/b>\u00a0<\/span><\/p><p><span data-contrast=\"none\">El Cuerpo de Bomberos del Distrito Metropolitano de Quito, es una instituci\u00f3n con 81 a\u00f1os de labor y servicio perenne a la ciudadan\u00eda, cuya finalidad es socorrer y atender en casos de desastres y emergencias; por ello, valientes hombres y mujeres arriesgan diariamente sus vidas por salvar la de los dem\u00e1s.<\/span><span data-ccp-props=\"{&quot;134233117&quot;:false,&quot;134233118&quot;:false,&quot;201341983&quot;:0,&quot;335551550&quot;:6,&quot;335551620&quot;:6,&quot;335557856&quot;:16777215,&quot;335559738&quot;:225,&quot;335559739&quot;:225,&quot;335559740&quot;:240}\">\u00a0<\/span><\/p><p><span data-contrast=\"none\">Web:\u202f<\/span><a href=\"https:\/\/www.bomberosquito.gob.ec\/\"><span data-contrast=\"none\">bomberosquito.gob.ec<\/span><span data-ccp-props=\"{&quot;134233117&quot;:false,&quot;134233118&quot;:false,&quot;201341983&quot;:0,&quot;335557856&quot;:16777215,&quot;335559738&quot;:0,&quot;335559739&quot;:0,&quot;335559740&quot;:240}\">\u00a0<\/span><\/a><\/p><hr \/><p><span style=\"color: #000000;\"><b>\u00a0<\/b><\/span><\/p><p><span style=\"color: #000000;\"><b>Observatorio Metropolitano de Seguridad Ciudadana<\/b><\/span><span data-ccp-props=\"{&quot;134233117&quot;:false,&quot;134233118&quot;:false,&quot;201341983&quot;:0,&quot;335557856&quot;:16777215,&quot;335559738&quot;:0,&quot;335559739&quot;:0,&quot;335559740&quot;:240}\">\u00a0<\/span><\/p><p><span data-contrast=\"none\">Es un sistema de recopilaci\u00f3n y an\u00e1lisis de informaci\u00f3n sobre violencia y delincuencia sustentada en fuentes institucionales y encuestas de opini\u00f3n dirigidas a la comunidad.<\/span><span data-ccp-props=\"{&quot;134233117&quot;:false,&quot;134233118&quot;:false,&quot;201341983&quot;:0,&quot;335551550&quot;:6,&quot;335551620&quot;:6,&quot;335557856&quot;:16777215,&quot;335559738&quot;:225,&quot;335559739&quot;:225,&quot;335559740&quot;:240}\">\u00a0<\/span><\/p><p><span data-contrast=\"none\">Web:\u202f<a href=\"http:\/\/observatorioseguridad.quito.gob.ec\" target=\"_blank\" rel=\"noopener\">observatorioseguridad.quito.gob.ec<\/a><\/span><\/p><hr \/><p><span style=\"color: #000000;\"><b>\u00a0<\/b><\/span><\/p><p><span style=\"color: #000000;\"><b>Agencia Metropolitana de Control<\/b><\/span><span data-ccp-props=\"{&quot;134233117&quot;:false,&quot;134233118&quot;:false,&quot;201341983&quot;:0,&quot;335557856&quot;:16777215,&quot;335559738&quot;:0,&quot;335559739&quot;:0,&quot;335559740&quot;:240}\">\u00a0<\/span><\/p><p>Ejecuta el control del cumplimiento del ordenamiento jur\u00eddico con concientizaci\u00f3n y participaci\u00f3n ciudadana, mediante la inspecci\u00f3n, instrucci\u00f3n, resoluci\u00f3n y ejecuci\u00f3n del procedimiento administrativo sancionador para mejorar la calidad de vida y promover la convivencia pac\u00edfica en el Distrito Metropolitano de Quito.<\/p><p><span data-contrast=\"none\">Web:\u202f<\/span><a href=\"https:\/\/agenciadecontrol.quito.gob.ec\/\" target=\"_blank\" rel=\"noopener\"><span data-contrast=\"none\">agenciadecontrol.quito.gob.ec<\/span><span data-ccp-props=\"{&quot;134233117&quot;:false,&quot;134233118&quot;:false,&quot;201341983&quot;:0,&quot;335551550&quot;:6,&quot;335551620&quot;:6,&quot;335557856&quot;:16777215,&quot;335559738&quot;:0,&quot;335559739&quot;:0,&quot;335559740&quot;:240}\">\u00a0<\/span><\/a><\/p>\t\t\t\t\t\t\t\t<\/div>\n\t\t\t\t<\/div>\n\t\t\t\t\t<\/div>\n\t\t\t\t<\/div>\n\t\t\t\t<\/div>\n\t\t","protected":false},"excerpt":{"rendered":"<p>Seguridad Secretar\u00eda General de Seguridad Ciudadana y Gesti\u00f3n de Riesgos\u00a0 La Secretaria est\u00e1 comprometida con vocaci\u00f3n de servicio y excelencia [&hellip;]<\/p>\n","protected":false},"author":5,"featured_media":0,"parent":0,"menu_order":0,"comment_status":"closed","ping_status":"closed","template":"","meta":{"site-sidebar-layout":"no-sidebar","site-content-layout":"","ast-site-content-layout":"full-width-container","site-content-style":"default","site-sidebar-style":"default","ast-global-header-display":"","ast-banner-title-visibility":"","ast-main-header-display":"","ast-hfb-above-header-display":"","ast-hfb-below-header-display":"","ast-hfb-mobile-header-display":"","site-post-title":"disabled","ast-breadcrumbs-content":"","ast-featured-img":"disabled","footer-sml-layout":"","ast-disable-related-posts":"","theme-transparent-header-meta":"","adv-header-id-meta":"","stick-header-meta":"","header-above-stick-meta":"","header-main-stick-meta":"","header-below-stick-meta":"","astra-migrate-meta-layouts":"default","ast-page-background-enabled":"default","ast-page-background-meta":{"desktop":{"background-color":"var(--ast-global-color-4)","background-image":"","background-repeat":"repeat","background-position":"center center","background-size":"auto","background-attachment":"scroll","background-type":"","background-media":"","overlay-type":"","overlay-color":"","overlay-opacity":"","overlay-gradient":""},"tablet":{"background-color":"","background-image":"","background-repeat":"repeat","background-position":"center center","background-size":"auto","background-attachment":"scroll","background-type":"","background-media":"","overlay-type":"","overlay-color":"","overlay-opacity":"","overlay-gradient":""},"mobile":{"background-color":"","background-image":"","background-repeat":"repeat","background-position":"center center","background-size":"auto","background-attachment":"scroll","background-type":"","background-media":"","overlay-type":"","overlay-color":"","overlay-opacity":"","overlay-gradient":""}},"ast-content-background-meta":{"desktop":{"background-color":"var(--ast-global-color-5)","background-image":"","background-repeat":"repeat","background-position":"center center","background-size":"auto","background-attachment":"scroll","background-type":"","background-media":"","overlay-type":"","overlay-color":"","overlay-opacity":"","overlay-gradient":""},"tablet":{"background-color":"var(--ast-global-color-5)","background-image":"","background-repeat":"repeat","background-position":"center center","background-size":"auto","background-attachment":"scroll","background-type":"","background-media":"","overlay-type":"","overlay-color":"","overlay-opacity":"","overlay-gradient":""},"mobile":{"background-color":"var(--ast-global-color-5)","background-image":"","background-repeat":"repeat","background-position":"center center","background-size":"auto","background-attachment":"scroll","background-type":"","background-media":"","overlay-type":"","overlay-color":"","overlay-opacity":"","overlay-gradient":""}},"footnotes":""},"class_list":["post-2471","page","type-page","status-publish","hentry"],"yoast_head":"<!-- This site is optimized with the Yoast SEO plugin v26.8 - https:\/\/yoast.com\/product\/yoast-seo-wordpress\/ -->\n<title>Seguridad - Municipio de Quito<\/title>\n<meta name=\"robots\" content=\"index, follow, max-snippet:-1, max-image-preview:large, max-video-preview:-1\" \/>\n<link rel=\"canonical\" href=\"https:\/\/www.quito.gob.ec\/?page_id=2471\" \/>\n<meta property=\"og:locale\" content=\"es_ES\" \/>\n<meta property=\"og:type\" content=\"article\" \/>\n<meta property=\"og:title\" content=\"Seguridad - Municipio de Quito\" \/>\n<meta property=\"og:description\" content=\"Seguridad Secretar\u00eda General de Seguridad Ciudadana y Gesti\u00f3n de Riesgos\u00a0 La Secretaria est\u00e1 comprometida con vocaci\u00f3n de servicio y excelencia [&hellip;]\" \/>\n<meta property=\"og:url\" content=\"https:\/\/www.quito.gob.ec\/?page_id=2471\" \/>\n<meta property=\"og:site_name\" content=\"Municipio de Quito\" \/>\n<meta property=\"article:modified_time\" content=\"2025-11-20T20:02:27+00:00\" \/>\n<meta property=\"og:image\" content=\"https:\/\/www.quito.gob.ec\/wp-content\/uploads\/2024\/02\/SEGURIDAD.png\" \/>\n\t<meta property=\"og:image:width\" content=\"251\" \/>\n\t<meta property=\"og:image:height\" content=\"250\" \/>\n\t<meta property=\"og:image:type\" content=\"image\/png\" \/>\n<meta name=\"twitter:card\" content=\"summary_large_image\" \/>\n<meta name=\"twitter:label1\" content=\"Tiempo de lectura\" \/>\n\t<meta name=\"twitter:data1\" content=\"2 minutos\" \/>\n<script type=\"application\/ld+json\" class=\"yoast-schema-graph\">{\"@context\":\"https:\/\/schema.org\",\"@graph\":[{\"@type\":\"WebPage\",\"@id\":\"https:\/\/www.quito.gob.ec\/?page_id=2471\",\"url\":\"https:\/\/www.quito.gob.ec\/?page_id=2471\",\"name\":\"Seguridad - Municipio de Quito\",\"isPartOf\":{\"@id\":\"https:\/\/www.quito.gob.ec\/#website\"},\"primaryImageOfPage\":{\"@id\":\"https:\/\/www.quito.gob.ec\/?page_id=2471#primaryimage\"},\"image\":{\"@id\":\"https:\/\/www.quito.gob.ec\/?page_id=2471#primaryimage\"},\"thumbnailUrl\":\"https:\/\/www.quito.gob.ec\/wp-content\/uploads\/2024\/02\/SEGURIDAD.png\",\"datePublished\":\"2024-02-15T16:27:29+00:00\",\"dateModified\":\"2025-11-20T20:02:27+00:00\",\"breadcrumb\":{\"@id\":\"https:\/\/www.quito.gob.ec\/?page_id=2471#breadcrumb\"},\"inLanguage\":\"es\",\"potentialAction\":[{\"@type\":\"ReadAction\",\"target\":[\"https:\/\/www.quito.gob.ec\/?page_id=2471\"]}]},{\"@type\":\"ImageObject\",\"inLanguage\":\"es\",\"@id\":\"https:\/\/www.quito.gob.ec\/?page_id=2471#primaryimage\",\"url\":\"https:\/\/www.quito.gob.ec\/wp-content\/uploads\/2024\/02\/SEGURIDAD.png\",\"contentUrl\":\"https:\/\/www.quito.gob.ec\/wp-content\/uploads\/2024\/02\/SEGURIDAD.png\",\"width\":251,\"height\":250},{\"@type\":\"BreadcrumbList\",\"@id\":\"https:\/\/www.quito.gob.ec\/?page_id=2471#breadcrumb\",\"itemListElement\":[{\"@type\":\"ListItem\",\"position\":1,\"name\":\"Portada\",\"item\":\"https:\/\/www.quito.gob.ec\/\"},{\"@type\":\"ListItem\",\"position\":2,\"name\":\"Seguridad\"}]},{\"@type\":\"WebSite\",\"@id\":\"https:\/\/www.quito.gob.ec\/#website\",\"url\":\"https:\/\/www.quito.gob.ec\/\",\"name\":\"Municipio de Quito\",\"description\":\"\",\"publisher\":{\"@id\":\"https:\/\/www.quito.gob.ec\/#organization\"},\"potentialAction\":[{\"@type\":\"SearchAction\",\"target\":{\"@type\":\"EntryPoint\",\"urlTemplate\":\"https:\/\/www.quito.gob.ec\/?s={search_term_string}\"},\"query-input\":{\"@type\":\"PropertyValueSpecification\",\"valueRequired\":true,\"valueName\":\"search_term_string\"}}],\"inLanguage\":\"es\"},{\"@type\":\"Organization\",\"@id\":\"https:\/\/www.quito.gob.ec\/#organization\",\"name\":\"Municipio de Quito\",\"url\":\"https:\/\/www.quito.gob.ec\/\",\"logo\":{\"@type\":\"ImageObject\",\"inLanguage\":\"es\",\"@id\":\"https:\/\/www.quito.gob.ec\/#\/schema\/logo\/image\/\",\"url\":\"https:\/\/www.quito.gob.ec\/wp-content\/uploads\/2024\/01\/LOGO_ALCALDIA_QUITO-23.svg\",\"contentUrl\":\"https:\/\/www.quito.gob.ec\/wp-content\/uploads\/2024\/01\/LOGO_ALCALDIA_QUITO-23.svg\",\"caption\":\"Municipio de Quito\"},\"image\":{\"@id\":\"https:\/\/www.quito.gob.ec\/#\/schema\/logo\/image\/\"}}]}<\/script>\n<!-- \/ Yoast SEO plugin. -->","yoast_head_json":{"title":"Seguridad - Municipio de Quito","robots":{"index":"index","follow":"follow","max-snippet":"max-snippet:-1","max-image-preview":"max-image-preview:large","max-video-preview":"max-video-preview:-1"},"canonical":"https:\/\/www.quito.gob.ec\/?page_id=2471","og_locale":"es_ES","og_type":"article","og_title":"Seguridad - Municipio de Quito","og_description":"Seguridad Secretar\u00eda General de Seguridad Ciudadana y Gesti\u00f3n de Riesgos\u00a0 La Secretaria est\u00e1 comprometida con vocaci\u00f3n de servicio y excelencia [&hellip;]","og_url":"https:\/\/www.quito.gob.ec\/?page_id=2471","og_site_name":"Municipio de Quito","article_modified_time":"2025-11-20T20:02:27+00:00","og_image":[{"width":251,"height":250,"url":"https:\/\/www.quito.gob.ec\/wp-content\/uploads\/2024\/02\/SEGURIDAD.png","type":"image\/png"}],"twitter_card":"summary_large_image","twitter_misc":{"Tiempo de lectura":"2 minutos"},"schema":{"@context":"https:\/\/schema.org","@graph":[{"@type":"WebPage","@id":"https:\/\/www.quito.gob.ec\/?page_id=2471","url":"https:\/\/www.quito.gob.ec\/?page_id=2471","name":"Seguridad - Municipio de Quito","isPartOf":{"@id":"https:\/\/www.quito.gob.ec\/#website"},"primaryImageOfPage":{"@id":"https:\/\/www.quito.gob.ec\/?page_id=2471#primaryimage"},"image":{"@id":"https:\/\/www.quito.gob.ec\/?page_id=2471#primaryimage"},"thumbnailUrl":"https:\/\/www.quito.gob.ec\/wp-content\/uploads\/2024\/02\/SEGURIDAD.png","datePublished":"2024-02-15T16:27:29+00:00","dateModified":"2025-11-20T20:02:27+00:00","breadcrumb":{"@id":"https:\/\/www.quito.gob.ec\/?page_id=2471#breadcrumb"},"inLanguage":"es","potentialAction":[{"@type":"ReadAction","target":["https:\/\/www.quito.gob.ec\/?page_id=2471"]}]},{"@type":"ImageObject","inLanguage":"es","@id":"https:\/\/www.quito.gob.ec\/?page_id=2471#primaryimage","url":"https:\/\/www.quito.gob.ec\/wp-content\/uploads\/2024\/02\/SEGURIDAD.png","contentUrl":"https:\/\/www.quito.gob.ec\/wp-content\/uploads\/2024\/02\/SEGURIDAD.png","width":251,"height":250},{"@type":"BreadcrumbList","@id":"https:\/\/www.quito.gob.ec\/?page_id=2471#breadcrumb","itemListElement":[{"@type":"ListItem","position":1,"name":"Portada","item":"https:\/\/www.quito.gob.ec\/"},{"@type":"ListItem","position":2,"name":"Seguridad"}]},{"@type":"WebSite","@id":"https:\/\/www.quito.gob.ec\/#website","url":"https:\/\/www.quito.gob.ec\/","name":"Municipio de Quito","description":"","publisher":{"@id":"https:\/\/www.quito.gob.ec\/#organization"},"potentialAction":[{"@type":"SearchAction","target":{"@type":"EntryPoint","urlTemplate":"https:\/\/www.quito.gob.ec\/?s={search_term_string}"},"query-input":{"@type":"PropertyValueSpecification","valueRequired":true,"valueName":"search_term_string"}}],"inLanguage":"es"},{"@type":"Organization","@id":"https:\/\/www.quito.gob.ec\/#organization","name":"Municipio de Quito","url":"https:\/\/www.quito.gob.ec\/","logo":{"@type":"ImageObject","inLanguage":"es","@id":"https:\/\/www.quito.gob.ec\/#\/schema\/logo\/image\/","url":"https:\/\/www.quito.gob.ec\/wp-content\/uploads\/2024\/01\/LOGO_ALCALDIA_QUITO-23.svg","contentUrl":"https:\/\/www.quito.gob.ec\/wp-content\/uploads\/2024\/01\/LOGO_ALCALDIA_QUITO-23.svg","caption":"Municipio de Quito"},"image":{"@id":"https:\/\/www.quito.gob.ec\/#\/schema\/logo\/image\/"}}]}},"_links":{"self":[{"href":"https:\/\/www.quito.gob.ec\/index.php?rest_route=\/wp\/v2\/pages\/2471","targetHints":{"allow":["GET"]}}],"collection":[{"href":"https:\/\/www.quito.gob.ec\/index.php?rest_route=\/wp\/v2\/pages"}],"about":[{"href":"https:\/\/www.quito.gob.ec\/index.php?rest_route=\/wp\/v2\/types\/page"}],"author":[{"embeddable":true,"href":"https:\/\/www.quito.gob.ec\/index.php?rest_route=\/wp\/v2\/users\/5"}],"replies":[{"embeddable":true,"href":"https:\/\/www.quito.gob.ec\/index.php?rest_route=%2Fwp%2Fv2%2Fcomments&post=2471"}],"version-history":[{"count":86,"href":"https:\/\/www.quito.gob.ec\/index.php?rest_route=\/wp\/v2\/pages\/2471\/revisions"}],"predecessor-version":[{"id":12496,"href":"https:\/\/www.quito.gob.ec\/index.php?rest_route=\/wp\/v2\/pages\/2471\/revisions\/12496"}],"wp:attachment":[{"href":"https:\/\/www.quito.gob.ec\/index.php?rest_route=%2Fwp%2Fv2%2Fmedia&parent=2471"}],"curies":[{"name":"wp","href":"https:\/\/api.w.org\/{rel}","templated":true}]}}