{"id":662,"date":"2024-01-30T13:58:16","date_gmt":"2024-01-30T18:58:16","guid":{"rendered":"https:\/\/www.quito.gob.ec\/?page_id=662"},"modified":"2024-11-25T11:01:19","modified_gmt":"2024-11-25T16:01:19","slug":"mapa-del-sitio","status":"publish","type":"page","link":"https:\/\/www.quito.gob.ec\/?page_id=662","title":{"rendered":"Mapa del sitio"},"content":{"rendered":"\t\t<div data-elementor-type=\"wp-page\" data-elementor-id=\"662\" class=\"elementor elementor-662\" data-elementor-post-type=\"page\">\n\t\t\t\t<div class=\"elementor-element elementor-element-43e8e7e e-flex e-con-boxed e-con e-parent\" data-id=\"43e8e7e\" data-element_type=\"container\">\n\t\t\t\t\t<div class=\"e-con-inner\">\n\t\t<div class=\"elementor-element elementor-element-1eb53b8 e-flex e-con-boxed e-con e-child\" data-id=\"1eb53b8\" data-element_type=\"container\">\n\t\t\t\t\t<div class=\"e-con-inner\">\n\t\t\t\t<div class=\"elementor-element elementor-element-cda80e9 elementor-widget elementor-widget-shortcode\" data-id=\"cda80e9\" data-element_type=\"widget\" data-widget_type=\"shortcode.default\">\n\t\t\t\t<div class=\"elementor-widget-container\">\n\t\t\t\t\t\t\t<div class=\"elementor-shortcode\">\t\t\t<!-- Flexy Breadcrumb -->\r\n\t\t\t<div class=\"fbc fbc-page\">\r\n\r\n\t\t\t\t<!-- Breadcrumb wrapper -->\r\n\t\t\t\t<div class=\"fbc-wrap\">\r\n\r\n\t\t\t\t\t<!-- Ordered list-->\r\n\t\t\t\t\t<ol class=\"fbc-items\" itemscope itemtype=\"https:\/\/schema.org\/BreadcrumbList\">\r\n\t\t\t\t\t\t            <li itemprop=\"itemListElement\" itemscope itemtype=\"https:\/\/schema.org\/ListItem\">\r\n                <span itemprop=\"name\">\r\n                    <!-- Home Link -->\r\n                    <a itemprop=\"item\" href=\"https:\/\/www.quito.gob.ec\">\r\n                    \r\n                                                    <i class=\"fa fa-home\" aria-hidden=\"true\"><\/i>Inicio                    <\/a>\r\n                <\/span>\r\n                <meta itemprop=\"position\" content=\"1\" \/><!-- Meta Position-->\r\n             <\/li><li><span class=\"fbc-separator\">\/<\/span><\/li><li class=\"active\" itemprop=\"itemListElement\" itemscope itemtype=\"https:\/\/schema.org\/ListItem\"><span itemprop=\"name\" title=\"Mapa del sitio\">Mapa del sitio<\/span><meta itemprop=\"position\" content=\"2\" \/><\/li>\t\t\t\t\t<\/ol>\r\n\t\t\t\t\t<div class=\"clearfix\"><\/div>\r\n\t\t\t\t<\/div>\r\n\t\t\t<\/div>\r\n\t\t\t<\/div>\n\t\t\t\t\t\t<\/div>\n\t\t\t\t<\/div>\n\t\t\t\t\t<\/div>\n\t\t\t\t<\/div>\n\t\t\t\t\t<\/div>\n\t\t\t\t<\/div>\n\t\t<div class=\"elementor-element elementor-element-c9e6018 e-flex e-con-boxed e-con e-parent\" data-id=\"c9e6018\" data-element_type=\"container\">\n\t\t\t\t\t<div class=\"e-con-inner\">\n\t\t<div class=\"elementor-element elementor-element-db73add e-flex e-con-boxed e-con e-child\" data-id=\"db73add\" data-element_type=\"container\">\n\t\t\t\t\t<div class=\"e-con-inner\">\n\t\t\t\t<div class=\"elementor-element elementor-element-62f7098 elementor-widget elementor-widget-heading\" data-id=\"62f7098\" data-element_type=\"widget\" data-widget_type=\"heading.default\">\n\t\t\t\t<div class=\"elementor-widget-container\">\n\t\t\t\t\t<h6 class=\"elementor-heading-title elementor-size-default\">MEN\u00da PRINCIPAL<\/h6>\t\t\t\t<\/div>\n\t\t\t\t<\/div>\n\t\t\t\t<div class=\"elementor-element elementor-element-8dcaa36 elementor-widget-divider--view-line elementor-widget elementor-widget-divider\" data-id=\"8dcaa36\" data-element_type=\"widget\" data-widget_type=\"divider.default\">\n\t\t\t\t<div class=\"elementor-widget-container\">\n\t\t\t\t\t\t\t<div class=\"elementor-divider\">\n\t\t\t<span class=\"elementor-divider-separator\">\n\t\t\t\t\t\t<\/span>\n\t\t<\/div>\n\t\t\t\t\t\t<\/div>\n\t\t\t\t<\/div>\n\t\t\t\t<div class=\"elementor-element elementor-element-c6fdc65 elementor-widget elementor-widget-text-editor\" data-id=\"c6fdc65\" data-element_type=\"widget\" data-widget_type=\"text-editor.default\">\n\t\t\t\t<div class=\"elementor-widget-container\">\n\t\t\t\t\t\t\t\t\t<ul><li><a href=\"https:\/\/www.quito.gob.ec\/\">Inicio<\/a><\/li><\/ul><p><strong>Municipio<\/strong><\/p><ul><li style=\"list-style-type: none;\"><ul><li><a href=\"https:\/\/www.quito.gob.ec\/?page_id=122\">Alcalde de Quito<\/a><\/li><li><a href=\"https:\/\/www.quito.gob.ec\/?page_id=6223\">Filosof\u00eda Institucional<\/a><\/li><li><a href=\"https:\/\/www.quito.gob.ec\/?page_id=9381\">La ciudad que so\u00f1amos<\/a><\/li><li><a href=\"https:\/\/www.quito.gob.ec\/?page_id=8323\">Principios y valores<\/a><\/li><li><a href=\"https:\/\/gobiernoabierto.quito.gob.ec\/concejo-abierto\/\">Concejo Metropolitano<\/a><\/li><li><a href=\"https:\/\/proyectos.quito.gob.ec\/modulosGA\/\">C\u00f3digo Municipal<\/a><\/li><li><a href=\"https:\/\/www.quito.gob.ec\/?page_id=163\">Convocatoria Concursos de M\u00e9rito y Oposici\u00f3n<\/a><\/li><li><a href=\"https:\/\/proyectos.quito.gob.ec\/modulosga\/\/resoluciones_concejo.php\">Ordenanzas y resoluciones metropolitanas<\/a><\/li><li><a href=\"https:\/\/www.quito.gob.ec\/?page_id=422\">Disculpas P\u00fablicas<\/a><\/li><\/ul><\/li><\/ul><p><a href=\"https:\/\/servicios.quito.gob.ec\">Servicios Municipales<\/a><\/p><p><a href=\"https:\/\/www.quito.gob.ec\/?page_id=8752\">Acuerdo Quito 2034<\/a><\/p><p><strong>PAC<\/strong><\/p><ul><li style=\"list-style-type: none;\"><ul><li><a href=\"https:\/\/www.quito.gob.ec\/?page_id=542\">2020<\/a><\/li><li><a href=\"https:\/\/www.quito.gob.ec\/?page_id=527\">2021<\/a><\/li><li><a href=\"https:\/\/www.quito.gob.ec\/?page_id=506\">2022<\/a><\/li><li><a href=\"https:\/\/www.quito.gob.ec\/?page_id=490\">2023<\/a><\/li><li><a href=\"https:\/\/www.quito.gob.ec\/?page_id=440\">2024<\/a><\/li><\/ul><\/li><\/ul><p><strong>Rendici\u00f3n de Cuentas<\/strong><\/p><ul><li style=\"list-style-type: none;\"><ul><li><a href=\"https:\/\/www.quito.gob.ec\/?page_id=1268\">2015<\/a><\/li><li><a href=\"https:\/\/www.quito.gob.ec\/?page_id=1263\">2016<\/a><\/li><li><a href=\"https:\/\/www.quito.gob.ec\/?page_id=1258\">2017<\/a><\/li><li><a href=\"https:\/\/www.quito.gob.ec\/?page_id=1252\">2018<\/a><\/li><li><a href=\"https:\/\/www.quito.gob.ec\/?page_id=1241\">2019<\/a><\/li><li><a href=\"https:\/\/www.quito.gob.ec\/?page_id=1229\">2020<\/a><\/li><li><a href=\"https:\/\/www.quito.gob.ec\/?page_id=1224\">2021<\/a><\/li><li><a href=\"https:\/\/www.quito.gob.ec\/?page_id=1218\">2022<\/a><\/li><li><a href=\"https:\/\/www.quito.gob.ec\/?page_id=3484\">2023<\/a><\/li><\/ul><\/li><\/ul><p><strong>Transparencia<\/strong><\/p><ul><li style=\"list-style-type: none;\"><ul><li><a href=\"https:\/\/gobiernoabierto.quito.gob.ec\/ley-transparencia\/\">2020<\/a><\/li><li><a href=\"https:\/\/gobiernoabierto.quito.gob.ec\/ley-transparencia\/\">2021<\/a><\/li><li><a href=\"https:\/\/gobiernoabierto.quito.gob.ec\/ley-transparencia\/\">2022<\/a><\/li><li><a href=\"https:\/\/gobiernoabierto.quito.gob.ec\/ley-transparencia\/\">2023<\/a><\/li><li><a href=\"https:\/\/gobiernoabierto.quito.gob.ec\/ley-transparencia\/\">2024<\/a><\/li><\/ul><\/li><\/ul><p><strong>Quito por temas<\/strong><\/p><ul><li><a href=\"https:\/\/www.quito.gob.ec\/?page_id=2466\">Movilidad<\/a><\/li><li><a href=\"https:\/\/www.quito.gob.ec\/?page_id=2471\">Seguridad<\/a><\/li><li><a href=\"https:\/\/www.quito.gob.ec\/?page_id=2479\">Ambiente<\/a><\/li><li><a href=\"https:\/\/www.quito.gob.ec\/?page_id=2488\">Cultura<\/a><\/li><li><a href=\"https:\/\/www.quito.gob.ec\/?page_id=2494\">Social<\/a><\/li><li><a href=\"https:\/\/www.quito.gob.ec\/?page_id=6772\">Producci\u00f3n<\/a><\/li><li><a href=\"https:\/\/www.quito.gob.ec\/?page_id=2511\">H\u00e1bitat<\/a><\/li><li><a href=\"https:\/\/tecnologia.quito.gob.ec\/\">Tecnolog\u00eda<\/a><\/li><\/ul><p><strong>Temas<\/strong><\/p><ul><li><a href=\"https:\/\/www.quito.gob.ec\/?page_id=3230\">Portal tributario<\/a><\/li><li><a href=\"https:\/\/zonales.quito.gob.ec\/\">Administraciones Zonales<\/a><\/li><li><a href=\"https:\/\/radiomunicipal.quito.gob.ec\/\">Radios Metropolitanas<\/a><\/li><li><a href=\"https:\/\/quitocultura.com\/\">Agenda Cultural<\/a><\/li><li><a href=\"https:\/\/www.quito.gob.ec\/?page_id=7136\">Peri\u00f3dico El Quite\u00f1o<\/a><\/li><li><a href=\"https:\/\/tecnologia.quito.gob.ec\/puntos-wi-fi\/\">Puntos Wifi<\/a><\/li><li><a href=\"https:\/\/quitohonesto.gob.ec\/index.php\/denuncias\">Recepci\u00f3n de denuncias sobre actos de corrupci\u00f3n<\/a><\/li><\/ul>\t\t\t\t\t\t\t\t<\/div>\n\t\t\t\t<\/div>\n\t\t\t\t\t<\/div>\n\t\t\t\t<\/div>\n\t\t<div class=\"elementor-element elementor-element-1c3b5b4 e-flex e-con-boxed e-con e-child\" data-id=\"1c3b5b4\" data-element_type=\"container\">\n\t\t\t\t\t<div class=\"e-con-inner\">\n\t\t\t\t<div class=\"elementor-element elementor-element-a6e23b5 elementor-widget elementor-widget-heading\" data-id=\"a6e23b5\" data-element_type=\"widget\" data-widget_type=\"heading.default\">\n\t\t\t\t<div class=\"elementor-widget-container\">\n\t\t\t\t\t<h6 class=\"elementor-heading-title elementor-size-default\">MEN\u00da SUPERIOR<\/h6>\t\t\t\t<\/div>\n\t\t\t\t<\/div>\n\t\t\t\t<div class=\"elementor-element elementor-element-ba6e820 elementor-widget-divider--view-line elementor-widget elementor-widget-divider\" data-id=\"ba6e820\" data-element_type=\"widget\" data-widget_type=\"divider.default\">\n\t\t\t\t<div class=\"elementor-widget-container\">\n\t\t\t\t\t\t\t<div class=\"elementor-divider\">\n\t\t\t<span class=\"elementor-divider-separator\">\n\t\t\t\t\t\t<\/span>\n\t\t<\/div>\n\t\t\t\t\t\t<\/div>\n\t\t\t\t<\/div>\n\t\t\t\t<div class=\"elementor-element elementor-element-792640c elementor-widget elementor-widget-text-editor\" data-id=\"792640c\" data-element_type=\"widget\" data-widget_type=\"text-editor.default\">\n\t\t\t\t<div class=\"elementor-widget-container\">\n\t\t\t\t\t\t\t\t\t<ul><li><a href=\"https:\/\/www.quito.gob.ec\/?page_id=662\">Mapa del Sitio<\/a><\/li><li><a href=\"https:\/\/correo.quito.gob.ec\/owa\/auth\/logon.aspx?replaceCurrent=1&amp;url=https%3a%2f%2fcorreo.quito.gob.ec%2fowa%2f\">Correo Institucional\u00a0<\/a><\/li><li><a href=\"https:\/\/www.quito.gob.ec\/?page_id=35\">Cont\u00e1ctenos\u00a0<\/a><\/li><\/ul>\t\t\t\t\t\t\t\t<\/div>\n\t\t\t\t<\/div>\n\t\t\t\t\t<\/div>\n\t\t\t\t<\/div>\n\t\t<div class=\"elementor-element elementor-element-24593d2 e-flex e-con-boxed e-con e-child\" data-id=\"24593d2\" data-element_type=\"container\">\n\t\t\t\t\t<div class=\"e-con-inner\">\n\t\t\t\t<div class=\"elementor-element elementor-element-14cbe40 elementor-widget elementor-widget-heading\" data-id=\"14cbe40\" data-element_type=\"widget\" data-widget_type=\"heading.default\">\n\t\t\t\t<div class=\"elementor-widget-container\">\n\t\t\t\t\t<h6 class=\"elementor-heading-title elementor-size-default\">OTROS ENLACES <\/h6>\t\t\t\t<\/div>\n\t\t\t\t<\/div>\n\t\t\t\t<div class=\"elementor-element elementor-element-b3c0830 elementor-widget-divider--view-line elementor-widget elementor-widget-divider\" data-id=\"b3c0830\" data-element_type=\"widget\" data-widget_type=\"divider.default\">\n\t\t\t\t<div class=\"elementor-widget-container\">\n\t\t\t\t\t\t\t<div class=\"elementor-divider\">\n\t\t\t<span class=\"elementor-divider-separator\">\n\t\t\t\t\t\t<\/span>\n\t\t<\/div>\n\t\t\t\t\t\t<\/div>\n\t\t\t\t<\/div>\n\t\t\t\t<div class=\"elementor-element elementor-element-c8fef0d elementor-widget elementor-widget-text-editor\" data-id=\"c8fef0d\" data-element_type=\"widget\" data-widget_type=\"text-editor.default\">\n\t\t\t\t<div class=\"elementor-widget-container\">\n\t\t\t\t\t\t\t\t\t<p><strong>Empresas Metropolitanas<\/strong><\/p><ul><li style=\"list-style-type: none;\"><ul><li><a href=\"https:\/\/emaseo.quito.gob.ec\/\" target=\"_blank\" rel=\"noopener\">EMASEO<\/a><\/li><li><a href=\"http:\/\/www.emgirs.gob.ec\/\" target=\"_blank\" rel=\"noopener\">EMGIRS<\/a><\/li><li><a href=\"https:\/\/agua.quito.gob.ec\/\" target=\"_blank\" rel=\"noopener\">EPMAPS<\/a><\/li><li><a href=\"http:\/\/www.epmmop.gob.ec\">EPMMOP<\/a><\/li><li><a href=\"http:\/\/www.emseguridad-q.gob.ec\/\" target=\"_blank\" rel=\"noopener\">EMSeguridad\u00a0<\/a><\/li><li><a href=\"http:\/\/www.epmhv.gob.ec\/\" target=\"_blank\" rel=\"noopener\">H\u00e1bitat y Vivienda\u00a0<\/a><\/li><li><a href=\"https:\/\/new.mmqep.gob.ec\/\" target=\"_blank\" rel=\"noopener\">Mercado Mayorista<\/a><\/li><li><a href=\"http:\/\/www.metrodequito.gob.ec\/\" target=\"_blank\" rel=\"noopener\">Metro de Quito<\/a><\/li><li><a href=\"https:\/\/www.aeropuertoquito.gob.ec\/\" target=\"_blank\" rel=\"noopener\">Quito Aeropuerto<\/a>\u00a0<\/li><li><a href=\"http:\/\/www.quito-turismo.gob.ec\/\" target=\"_blank\" rel=\"noopener\">Quito Turismo<\/a><\/li><li><a href=\"http:\/\/www.epmrq.gob.ec\/\" target=\"_blank\" rel=\"noopener\">Rastro<\/a><\/li><li><a href=\"https:\/\/pasajeros.quito.gob.ec\/\" target=\"_blank\" rel=\"noopener\">Transporte de Pasajeros<\/a><\/li><\/ul><\/li><\/ul><p><strong>Secretar\u00edas<\/strong><\/p><ul><li style=\"list-style-type: none;\"><ul><li><a href=\"https:\/\/ambiente.quito.gob.ec\/\" target=\"_blank\" rel=\"noopener\">Ambiente<\/a><\/li><li><a href=\"https:\/\/www.quito.gob.ec\/?page_id=612\" target=\"_blank\" rel=\"noopener\">Comunicaci\u00f3n<\/a>\u00a0<\/li><li><a href=\"https:\/\/coordinacionterritorial.quito.gob.ec\" target=\"_blank\" rel=\"noopener\">Coordinaci\u00f3n Territorial y\u00a0 Participaci\u00f3n\u00a0<\/a><\/li><li><a href=\"https:\/\/cultura.quito.gob.ec\" target=\"_blank\" rel=\"noopener\">Cultura<\/a><\/li><li><a href=\"https:\/\/desarrolloproductivo.quito.gob.ec\" target=\"_blank\" rel=\"noopener\">Desarrollo Econ\u00f3mico y Productivo<\/a><\/li><li><a href=\"https:\/\/educacion.quito.gob.ec\" target=\"_blank\" rel=\"noopener\">Educaci\u00f3n<\/a><\/li><li><a href=\"https:\/\/tecnologia.quito.gob.ec\/\" target=\"_blank\" rel=\"noopener\">Gobierno Digital y TICS<\/a><\/li><li><a href=\"http:\/\/secretariadehabitat.quito.gob.ec\/\" target=\"_blank\" rel=\"noopener\">H\u00e1bitat y Ordenamiento Territorial<\/a><\/li><li><a href=\"https:\/\/inclusionsocial.quito.gob.ec\/\" target=\"_blank\" rel=\"noopener\">Inclusi\u00f3n Social<\/a><\/li><li><a href=\"https:\/\/movilidad.quito.gob.ec\" target=\"_blank\" rel=\"noopener\">Movilidad<\/a><\/li><li><a href=\"https:\/\/gobiernoabierto.quito.gob.ec\" target=\"_blank\" rel=\"noopener\">Planificaci\u00f3n\u00a0<\/a><\/li><li><a href=\"https:\/\/salud.quito.gob.ec\" target=\"_blank\" rel=\"noopener\">Salud<\/a><\/li><li><a href=\"https:\/\/seguridad.quito.gob.ec\" target=\"_blank\" rel=\"noopener\">Seguridad y Gesti\u00f3n de Riesgos<\/a><\/li><\/ul><\/li><\/ul><p><strong>Otras Dependencias<\/strong><\/p><ul><li style=\"list-style-type: none;\"><ul><li><a href=\"https:\/\/www.quito.gob.ec\/?page_id=4401\" target=\"_blank\" rel=\"noopener\">Cooperaci\u00f3n y Asuntos Internacionales<\/a><\/li><li><a href=\"https:\/\/patrimonio.quito.gob.ec\/\" target=\"_blank\" rel=\"noopener\">Instituto Metropolitano de Patrimonio<\/a><\/li><li><a href=\"http:\/\/www.fundacionmuseosquito.gob.ec\/\">Museos de la Ciudad<\/a><\/li><li><a href=\"https:\/\/www.patronato.quito.gob.ec\" target=\"_blank\" rel=\"noopener\">Patronato Municipal San Jos\u00e9<\/a><\/li><li><a href=\"http:\/\/www.quitohonesto.gob.ec\/\" target=\"_blank\" rel=\"noopener\">Quito Honesto<\/a><\/li><li><a href=\"http:\/\/registrodelapropiedadquito.gob.ec\/\" target=\"_blank\" rel=\"noopener\">Registro de la Propiedad<\/a><\/li><li><a href=\"http:\/\/www.teatrosucre.org\/\" target=\"_blank\" rel=\"noopener\">Teatro Sucre<\/a><\/li><li><a href=\"https:\/\/bienestaranimal.quito.gob.ec\/\" target=\"_blank\" rel=\"noopener\">Unidad de Bienestar Animal<\/a><\/li><\/ul><\/li><\/ul><p><strong>Agencias<\/strong><\/p><ul><li style=\"list-style-type: none;\"><ul><li><a href=\"http:\/\/agenciadecontrol.quito.gob.ec\/\" target=\"_blank\" rel=\"noopener\">AMC<\/a><\/li><li style=\"text-align: left;\"><a href=\"http:\/\/www.amt.gob.ec\/\" target=\"_blank\" rel=\"noopener\">AMT<\/a><\/li><li style=\"text-align: left;\"><a href=\"http:\/\/www.conquito.org.ec\/\" target=\"_blank\" rel=\"noopener\">CONQUITO<\/a><\/li><li><a href=\"https:\/\/comercio.quito.gob.ec\/\" target=\"_blank\" rel=\"noopener\">Quito Comercio<\/a><\/li><\/ul><\/li><\/ul>\t\t\t\t\t\t\t\t<\/div>\n\t\t\t\t<\/div>\n\t\t\t\t\t<\/div>\n\t\t\t\t<\/div>\n\t\t\t\t\t<\/div>\n\t\t\t\t<\/div>\n\t\t\t\t<\/div>\n\t\t","protected":false},"excerpt":{"rendered":"<p>MEN\u00da PRINCIPAL Inicio Municipio Alcalde de Quito Filosof\u00eda Institucional La ciudad que so\u00f1amos Principios y valores Concejo Metropolitano C\u00f3digo Municipal [&hellip;]<\/p>\n","protected":false},"author":5,"featured_media":0,"parent":0,"menu_order":0,"comment_status":"closed","ping_status":"closed","template":"","meta":{"site-sidebar-layout":"no-sidebar","site-content-layout":"","ast-site-content-layout":"full-width-container","site-content-style":"default","site-sidebar-style":"default","ast-global-header-display":"","ast-banner-title-visibility":"","ast-main-header-display":"","ast-hfb-above-header-display":"","ast-hfb-below-header-display":"","ast-hfb-mobile-header-display":"","site-post-title":"disabled","ast-breadcrumbs-content":"","ast-featured-img":"disabled","footer-sml-layout":"","ast-disable-related-posts":"","theme-transparent-header-meta":"","adv-header-id-meta":"","stick-header-meta":"","header-above-stick-meta":"","header-main-stick-meta":"","header-below-stick-meta":"","astra-migrate-meta-layouts":"default","ast-page-background-enabled":"default","ast-page-background-meta":{"desktop":{"background-color":"var(--ast-global-color-4)","background-image":"","background-repeat":"repeat","background-position":"center center","background-size":"auto","background-attachment":"scroll","background-type":"","background-media":"","overlay-type":"","overlay-color":"","overlay-opacity":"","overlay-gradient":""},"tablet":{"background-color":"","background-image":"","background-repeat":"repeat","background-position":"center center","background-size":"auto","background-attachment":"scroll","background-type":"","background-media":"","overlay-type":"","overlay-color":"","overlay-opacity":"","overlay-gradient":""},"mobile":{"background-color":"","background-image":"","background-repeat":"repeat","background-position":"center center","background-size":"auto","background-attachment":"scroll","background-type":"","background-media":"","overlay-type":"","overlay-color":"","overlay-opacity":"","overlay-gradient":""}},"ast-content-background-meta":{"desktop":{"background-color":"var(--ast-global-color-5)","background-image":"","background-repeat":"repeat","background-position":"center center","background-size":"auto","background-attachment":"scroll","background-type":"","background-media":"","overlay-type":"","overlay-color":"","overlay-opacity":"","overlay-gradient":""},"tablet":{"background-color":"var(--ast-global-color-5)","background-image":"","background-repeat":"repeat","background-position":"center center","background-size":"auto","background-attachment":"scroll","background-type":"","background-media":"","overlay-type":"","overlay-color":"","overlay-opacity":"","overlay-gradient":""},"mobile":{"background-color":"var(--ast-global-color-5)","background-image":"","background-repeat":"repeat","background-position":"center center","background-size":"auto","background-attachment":"scroll","background-type":"","background-media":"","overlay-type":"","overlay-color":"","overlay-opacity":"","overlay-gradient":""}},"footnotes":""},"class_list":["post-662","page","type-page","status-publish","hentry"],"yoast_head":"<!-- This site is optimized with the Yoast SEO plugin v26.8 - https:\/\/yoast.com\/product\/yoast-seo-wordpress\/ -->\n<title>Mapa del sitio - Municipio de Quito<\/title>\n<meta name=\"robots\" content=\"index, follow, max-snippet:-1, max-image-preview:large, max-video-preview:-1\" \/>\n<link rel=\"canonical\" href=\"https:\/\/www.quito.gob.ec\/?page_id=662\" \/>\n<meta property=\"og:locale\" content=\"es_ES\" \/>\n<meta property=\"og:type\" content=\"article\" \/>\n<meta property=\"og:title\" content=\"Mapa del sitio - Municipio de Quito\" \/>\n<meta property=\"og:description\" content=\"MEN\u00da PRINCIPAL Inicio Municipio Alcalde de Quito Filosof\u00eda Institucional La ciudad que so\u00f1amos Principios y valores Concejo Metropolitano C\u00f3digo Municipal [&hellip;]\" \/>\n<meta property=\"og:url\" content=\"https:\/\/www.quito.gob.ec\/?page_id=662\" \/>\n<meta property=\"og:site_name\" content=\"Municipio de Quito\" \/>\n<meta property=\"article:modified_time\" content=\"2024-11-25T16:01:19+00:00\" \/>\n<meta name=\"twitter:card\" content=\"summary_large_image\" \/>\n<meta name=\"twitter:label1\" content=\"Tiempo de lectura\" \/>\n\t<meta name=\"twitter:data1\" content=\"1 minuto\" \/>\n<script type=\"application\/ld+json\" class=\"yoast-schema-graph\">{\"@context\":\"https:\/\/schema.org\",\"@graph\":[{\"@type\":\"WebPage\",\"@id\":\"https:\/\/www.quito.gob.ec\/?page_id=662\",\"url\":\"https:\/\/www.quito.gob.ec\/?page_id=662\",\"name\":\"Mapa del sitio - Municipio de Quito\",\"isPartOf\":{\"@id\":\"https:\/\/www.quito.gob.ec\/#website\"},\"datePublished\":\"2024-01-30T18:58:16+00:00\",\"dateModified\":\"2024-11-25T16:01:19+00:00\",\"breadcrumb\":{\"@id\":\"https:\/\/www.quito.gob.ec\/?page_id=662#breadcrumb\"},\"inLanguage\":\"es\",\"potentialAction\":[{\"@type\":\"ReadAction\",\"target\":[\"https:\/\/www.quito.gob.ec\/?page_id=662\"]}]},{\"@type\":\"BreadcrumbList\",\"@id\":\"https:\/\/www.quito.gob.ec\/?page_id=662#breadcrumb\",\"itemListElement\":[{\"@type\":\"ListItem\",\"position\":1,\"name\":\"Portada\",\"item\":\"https:\/\/www.quito.gob.ec\/\"},{\"@type\":\"ListItem\",\"position\":2,\"name\":\"Mapa del sitio\"}]},{\"@type\":\"WebSite\",\"@id\":\"https:\/\/www.quito.gob.ec\/#website\",\"url\":\"https:\/\/www.quito.gob.ec\/\",\"name\":\"Municipio de Quito\",\"description\":\"\",\"publisher\":{\"@id\":\"https:\/\/www.quito.gob.ec\/#organization\"},\"potentialAction\":[{\"@type\":\"SearchAction\",\"target\":{\"@type\":\"EntryPoint\",\"urlTemplate\":\"https:\/\/www.quito.gob.ec\/?s={search_term_string}\"},\"query-input\":{\"@type\":\"PropertyValueSpecification\",\"valueRequired\":true,\"valueName\":\"search_term_string\"}}],\"inLanguage\":\"es\"},{\"@type\":\"Organization\",\"@id\":\"https:\/\/www.quito.gob.ec\/#organization\",\"name\":\"Municipio de Quito\",\"url\":\"https:\/\/www.quito.gob.ec\/\",\"logo\":{\"@type\":\"ImageObject\",\"inLanguage\":\"es\",\"@id\":\"https:\/\/www.quito.gob.ec\/#\/schema\/logo\/image\/\",\"url\":\"https:\/\/www.quito.gob.ec\/wp-content\/uploads\/2024\/01\/LOGO_ALCALDIA_QUITO-23.svg\",\"contentUrl\":\"https:\/\/www.quito.gob.ec\/wp-content\/uploads\/2024\/01\/LOGO_ALCALDIA_QUITO-23.svg\",\"caption\":\"Municipio de Quito\"},\"image\":{\"@id\":\"https:\/\/www.quito.gob.ec\/#\/schema\/logo\/image\/\"}}]}<\/script>\n<!-- \/ Yoast SEO plugin. -->","yoast_head_json":{"title":"Mapa del sitio - Municipio de Quito","robots":{"index":"index","follow":"follow","max-snippet":"max-snippet:-1","max-image-preview":"max-image-preview:large","max-video-preview":"max-video-preview:-1"},"canonical":"https:\/\/www.quito.gob.ec\/?page_id=662","og_locale":"es_ES","og_type":"article","og_title":"Mapa del sitio - Municipio de Quito","og_description":"MEN\u00da PRINCIPAL Inicio Municipio Alcalde de Quito Filosof\u00eda Institucional La ciudad que so\u00f1amos Principios y valores Concejo Metropolitano C\u00f3digo Municipal [&hellip;]","og_url":"https:\/\/www.quito.gob.ec\/?page_id=662","og_site_name":"Municipio de Quito","article_modified_time":"2024-11-25T16:01:19+00:00","twitter_card":"summary_large_image","twitter_misc":{"Tiempo de lectura":"1 minuto"},"schema":{"@context":"https:\/\/schema.org","@graph":[{"@type":"WebPage","@id":"https:\/\/www.quito.gob.ec\/?page_id=662","url":"https:\/\/www.quito.gob.ec\/?page_id=662","name":"Mapa del sitio - Municipio de Quito","isPartOf":{"@id":"https:\/\/www.quito.gob.ec\/#website"},"datePublished":"2024-01-30T18:58:16+00:00","dateModified":"2024-11-25T16:01:19+00:00","breadcrumb":{"@id":"https:\/\/www.quito.gob.ec\/?page_id=662#breadcrumb"},"inLanguage":"es","potentialAction":[{"@type":"ReadAction","target":["https:\/\/www.quito.gob.ec\/?page_id=662"]}]},{"@type":"BreadcrumbList","@id":"https:\/\/www.quito.gob.ec\/?page_id=662#breadcrumb","itemListElement":[{"@type":"ListItem","position":1,"name":"Portada","item":"https:\/\/www.quito.gob.ec\/"},{"@type":"ListItem","position":2,"name":"Mapa del sitio"}]},{"@type":"WebSite","@id":"https:\/\/www.quito.gob.ec\/#website","url":"https:\/\/www.quito.gob.ec\/","name":"Municipio de Quito","description":"","publisher":{"@id":"https:\/\/www.quito.gob.ec\/#organization"},"potentialAction":[{"@type":"SearchAction","target":{"@type":"EntryPoint","urlTemplate":"https:\/\/www.quito.gob.ec\/?s={search_term_string}"},"query-input":{"@type":"PropertyValueSpecification","valueRequired":true,"valueName":"search_term_string"}}],"inLanguage":"es"},{"@type":"Organization","@id":"https:\/\/www.quito.gob.ec\/#organization","name":"Municipio de Quito","url":"https:\/\/www.quito.gob.ec\/","logo":{"@type":"ImageObject","inLanguage":"es","@id":"https:\/\/www.quito.gob.ec\/#\/schema\/logo\/image\/","url":"https:\/\/www.quito.gob.ec\/wp-content\/uploads\/2024\/01\/LOGO_ALCALDIA_QUITO-23.svg","contentUrl":"https:\/\/www.quito.gob.ec\/wp-content\/uploads\/2024\/01\/LOGO_ALCALDIA_QUITO-23.svg","caption":"Municipio de Quito"},"image":{"@id":"https:\/\/www.quito.gob.ec\/#\/schema\/logo\/image\/"}}]}},"_links":{"self":[{"href":"https:\/\/www.quito.gob.ec\/index.php?rest_route=\/wp\/v2\/pages\/662","targetHints":{"allow":["GET"]}}],"collection":[{"href":"https:\/\/www.quito.gob.ec\/index.php?rest_route=\/wp\/v2\/pages"}],"about":[{"href":"https:\/\/www.quito.gob.ec\/index.php?rest_route=\/wp\/v2\/types\/page"}],"author":[{"embeddable":true,"href":"https:\/\/www.quito.gob.ec\/index.php?rest_route=\/wp\/v2\/users\/5"}],"replies":[{"embeddable":true,"href":"https:\/\/www.quito.gob.ec\/index.php?rest_route=%2Fwp%2Fv2%2Fcomments&post=662"}],"version-history":[{"count":109,"href":"https:\/\/www.quito.gob.ec\/index.php?rest_route=\/wp\/v2\/pages\/662\/revisions"}],"predecessor-version":[{"id":9565,"href":"https:\/\/www.quito.gob.ec\/index.php?rest_route=\/wp\/v2\/pages\/662\/revisions\/9565"}],"wp:attachment":[{"href":"https:\/\/www.quito.gob.ec\/index.php?rest_route=%2Fwp%2Fv2%2Fmedia&parent=662"}],"curies":[{"name":"wp","href":"https:\/\/api.w.org\/{rel}","templated":true}]}}