{"id":7557,"date":"2024-07-22T16:28:40","date_gmt":"2024-07-22T21:28:40","guid":{"rendered":"https:\/\/www.quito.gob.ec\/?page_id=7557"},"modified":"2024-07-23T19:33:38","modified_gmt":"2024-07-24T00:33:38","slug":"ayudas-economicas-educativas-abc-convocatoria-2024","status":"publish","type":"page","link":"https:\/\/www.quito.gob.ec\/?page_id=7557","title":{"rendered":"Ayudas Econ\u00f3micas Educativas ABC-Convocatoria 2024"},"content":{"rendered":"\t\t<div data-elementor-type=\"wp-page\" data-elementor-id=\"7557\" class=\"elementor elementor-7557\" data-elementor-post-type=\"page\">\n\t\t\t\t<div class=\"elementor-element elementor-element-44d6852c e-flex e-con-boxed e-con e-parent\" data-id=\"44d6852c\" data-element_type=\"container\">\n\t\t\t\t\t<div class=\"e-con-inner\">\n\t\t\t\t<div class=\"elementor-element elementor-element-72e0b43 elementor-widget elementor-widget-shortcode\" data-id=\"72e0b43\" data-element_type=\"widget\" data-widget_type=\"shortcode.default\">\n\t\t\t\t<div class=\"elementor-widget-container\">\n\t\t\t\t\t\t\t<div class=\"elementor-shortcode\">\t\t\t<!-- Flexy Breadcrumb -->\r\n\t\t\t<div class=\"fbc fbc-page\">\r\n\r\n\t\t\t\t<!-- Breadcrumb wrapper -->\r\n\t\t\t\t<div class=\"fbc-wrap\">\r\n\r\n\t\t\t\t\t<!-- Ordered list-->\r\n\t\t\t\t\t<ol class=\"fbc-items\" itemscope itemtype=\"https:\/\/schema.org\/BreadcrumbList\">\r\n\t\t\t\t\t\t            <li itemprop=\"itemListElement\" itemscope itemtype=\"https:\/\/schema.org\/ListItem\">\r\n                <span itemprop=\"name\">\r\n                    <!-- Home Link -->\r\n                    <a itemprop=\"item\" href=\"https:\/\/www.quito.gob.ec\">\r\n                    \r\n                                                    <i class=\"fa fa-home\" aria-hidden=\"true\"><\/i>Inicio                    <\/a>\r\n                <\/span>\r\n                <meta itemprop=\"position\" content=\"1\" \/><!-- Meta Position-->\r\n             <\/li><li><span class=\"fbc-separator\">\/<\/span><\/li><li class=\"active\" itemprop=\"itemListElement\" itemscope itemtype=\"https:\/\/schema.org\/ListItem\"><span itemprop=\"name\" title=\"Ayudas Econ\u00f3micas Educativas ABC-Convocatoria 2024\">Ayudas Econ\u00f3micas Educativas ABC-Convocatoria 2024<\/span><meta itemprop=\"position\" content=\"2\" \/><\/li>\t\t\t\t\t<\/ol>\r\n\t\t\t\t\t<div class=\"clearfix\"><\/div>\r\n\t\t\t\t<\/div>\r\n\t\t\t<\/div>\r\n\t\t\t<\/div>\n\t\t\t\t\t\t<\/div>\n\t\t\t\t<\/div>\n\t\t\t\t\t<\/div>\n\t\t\t\t<\/div>\n\t\t<div class=\"elementor-element elementor-element-726fc19d e-flex e-con-boxed e-con e-parent\" data-id=\"726fc19d\" data-element_type=\"container\">\n\t\t\t\t\t<div class=\"e-con-inner\">\n\t\t\t\t<div class=\"elementor-element elementor-element-52c6f1b5 elementor-widget-divider--view-line elementor-widget elementor-widget-divider\" data-id=\"52c6f1b5\" data-element_type=\"widget\" data-widget_type=\"divider.default\">\n\t\t\t\t<div class=\"elementor-widget-container\">\n\t\t\t\t\t\t\t<div class=\"elementor-divider\">\n\t\t\t<span class=\"elementor-divider-separator\">\n\t\t\t\t\t\t<\/span>\n\t\t<\/div>\n\t\t\t\t\t\t<\/div>\n\t\t\t\t<\/div>\n\t\t<div class=\"elementor-element elementor-element-5d2617af e-flex e-con-boxed e-con e-child\" data-id=\"5d2617af\" data-element_type=\"container\">\n\t\t\t\t\t<div class=\"e-con-inner\">\n\t\t\t\t<div class=\"elementor-element elementor-element-53ed586f elementor-widget-laptop__width-initial elementor-widget elementor-widget-heading\" data-id=\"53ed586f\" data-element_type=\"widget\" data-widget_type=\"heading.default\">\n\t\t\t\t<div class=\"elementor-widget-container\">\n\t\t\t\t\t<h5 class=\"elementor-heading-title elementor-size-default\"><span style=\"background-color: var(--ast-global-color-5)\">Ayudas Econ\u00f3micas Educativas ABC - Convocatoria 2024 -<\/span><\/h5>\t\t\t\t<\/div>\n\t\t\t\t<\/div>\n\t\t\t\t\t<\/div>\n\t\t\t\t<\/div>\n\t\t\t\t<div class=\"elementor-element elementor-element-39e3d673 elementor-widget-divider--view-line elementor-widget elementor-widget-divider\" data-id=\"39e3d673\" data-element_type=\"widget\" data-widget_type=\"divider.default\">\n\t\t\t\t<div class=\"elementor-widget-container\">\n\t\t\t\t\t\t\t<div class=\"elementor-divider\">\n\t\t\t<span class=\"elementor-divider-separator\">\n\t\t\t\t\t\t<\/span>\n\t\t<\/div>\n\t\t\t\t\t\t<\/div>\n\t\t\t\t<\/div>\n\t\t\t\t\t<\/div>\n\t\t\t\t<\/div>\n\t\t<div class=\"elementor-element elementor-element-e7b4dd8 e-flex e-con-boxed e-con e-parent\" data-id=\"e7b4dd8\" data-element_type=\"container\">\n\t\t\t\t\t<div class=\"e-con-inner\">\n\t\t\t\t<div class=\"elementor-element elementor-element-43f4e550 elementor-widget elementor-widget-text-editor\" data-id=\"43f4e550\" data-element_type=\"widget\" data-widget_type=\"text-editor.default\">\n\t\t\t\t<div class=\"elementor-widget-container\">\n\t\t\t\t\t\t\t\t\t\n<figure class=\"wp-block-image aligncenter size-full is-resized\"><img fetchpriority=\"high\" decoding=\"async\" class=\"wp-image-7570 aligncenter\" src=\"https:\/\/www.quito.gob.ec\/wp-content\/uploads\/2024\/07\/EstudiantesUniversiarios-2.jpg\" alt=\"\" width=\"700\" height=\"395\" \/><\/figure>\n\n<p>\u00a0<\/p>\n<p>La convocatoria de Ayudas ABC \u2013 Municipio de Quito, tiene como objetivo promocionar y difundir los requisitos y las condiciones necesarias para que las y los j\u00f3venes que pertenezcan a grupos de atenci\u00f3n prioritaria, que residan en el Distrito Metropolitano de Quito, y que requieran apoyo econ\u00f3mico para concluir sus estudios de formaci\u00f3n de tercer nivel, en universidades e institutos tecnol\u00f3gicos p\u00fablicos acreditados por la SENESCYT, postulen a las ayudas econ\u00f3micas que concede el Municipio del Distrito Metropolitano de Quito, a trav\u00e9s de la Unidad Ejecutora Metropolitana de Ayudas, Becas y Cr\u00e9dito Educativo ABC, de la Secretar\u00eda de Inclusi\u00f3n Social.<\/p>\n<p>Las ayudas se otorgar\u00e1n previo proceso de selecci\u00f3n, en concordancia con la normativa correspondiente.<\/p>\n<p>Para el semestre octubre 2024 \u2013 marzo 2025 se ofertar\u00e1n 424 ayudas econ\u00f3micas educativas, dentro de las cuales se asignar\u00e1n cupos a cada instituci\u00f3n educativa.<\/p>\n<p>Para mayor informaci\u00f3n, revisa las bases de la convocatoria e ingresa tu postulaci\u00f3n en el siguiente enlace:<\/p>\n<p><strong><a href=\"https:\/\/survey123.arcgis.com\/share\/1a03a793d1d6405a8a957b44ae60ee36?portalUrl=https:\/\/geoquito.quito.gob.ec\/portal\" target=\"_blank\" rel=\"noopener\">https:\/\/survey123.arcgis.com\/share\/1a03a793d1d6405a8a957b44ae60ee36?portalUrl=https:\/\/geoquito.quito.gob.ec\/portal<\/a><\/strong>\u00a0<\/p>\n\t\t\t\t\t\t\t\t<\/div>\n\t\t\t\t<\/div>\n\t\t\t\t\t<\/div>\n\t\t\t\t<\/div>\n\t\t<div class=\"elementor-element elementor-element-278f75f9 classdata e-flex e-con-boxed e-con e-parent\" data-id=\"278f75f9\" data-element_type=\"container\">\n\t\t\t\t\t<div class=\"e-con-inner\">\n\t\t<div class=\"elementor-element elementor-element-6dd5895 e-flex e-con-boxed e-con e-child\" data-id=\"6dd5895\" data-element_type=\"container\">\n\t\t\t\t\t<div class=\"e-con-inner\">\n\t\t<div class=\"elementor-element elementor-element-4779d06a e-con-full e-flex e-con e-child\" data-id=\"4779d06a\" data-element_type=\"container\">\n\t\t\t\t<div class=\"elementor-element elementor-element-2f708c3a elementor-view-default elementor-widget elementor-widget-icon\" data-id=\"2f708c3a\" data-element_type=\"widget\" data-widget_type=\"icon.default\">\n\t\t\t\t<div class=\"elementor-widget-container\">\n\t\t\t\t\t\t\t<div class=\"elementor-icon-wrapper\">\n\t\t\t<div class=\"elementor-icon\">\n\t\t\t<svg xmlns=\"http:\/\/www.w3.org\/2000\/svg\" viewBox=\"0 0 48 48\" width=\"48px\" height=\"48px\"><path fill=\"#e53935\" d=\"M38,42H10c-2.209,0-4-1.791-4-4V10c0-2.209,1.791-4,4-4h28c2.209,0,4,1.791,4,4v28 C42,40.209,40.209,42,38,42z\"><\/path><path fill=\"#fff\" d=\"M34.841,26.799c-1.692-1.757-6.314-1.041-7.42-0.911c-1.627-1.562-2.734-3.45-3.124-4.101 c0.586-1.757,0.976-3.515,1.041-5.402c0-1.627-0.651-3.385-2.473-3.385c-0.651,0-1.237,0.391-1.562,0.911 c-0.781,1.367-0.456,4.101,0.781,6.899c-0.716,2.018-1.367,3.97-3.189,7.42c-1.888,0.781-5.858,2.604-6.183,4.556 c-0.13,0.586,0.065,1.172,0.521,1.627C13.688,34.805,14.273,35,14.859,35c2.408,0,4.751-3.32,6.379-6.118 c1.367-0.456,3.515-1.107,5.663-1.497c2.538,2.213,4.751,2.538,5.923,2.538c1.562,0,2.148-0.651,2.343-1.237 C35.492,28.036,35.297,27.32,34.841,26.799z M33.214,27.905c-0.065,0.456-0.651,0.911-1.692,0.651 c-1.237-0.325-2.343-0.911-3.32-1.692c0.846-0.13,2.734-0.325,4.101-0.065C32.824,26.929,33.344,27.254,33.214,27.905z M22.344,14.497c0.13-0.195,0.325-0.325,0.521-0.325c0.586,0,0.716,0.716,0.716,1.302c-0.065,1.367-0.325,2.734-0.781,4.036 C21.824,16.905,22.019,15.083,22.344,14.497z M22.214,27.124c0.521-1.041,1.237-2.864,1.497-3.645 c0.586,0.976,1.562,2.148,2.083,2.669C25.794,26.213,23.776,26.604,22.214,27.124z M18.374,29.728 c-1.497,2.473-3.059,4.036-3.905,4.036c-0.13,0-0.26-0.065-0.391-0.13c-0.195-0.13-0.26-0.325-0.195-0.586 C14.078,32.136,15.77,30.899,18.374,29.728z\"><\/path><\/svg>\t\t\t<\/div>\n\t\t<\/div>\n\t\t\t\t\t\t<\/div>\n\t\t\t\t<\/div>\n\t\t\t\t<\/div>\n\t\t<div class=\"elementor-element elementor-element-283f2e2e e-flex e-con-boxed e-con e-child\" data-id=\"283f2e2e\" data-element_type=\"container\">\n\t\t\t\t\t<div class=\"e-con-inner\">\n\t\t\t\t<div class=\"elementor-element elementor-element-3862facb elementor-widget elementor-widget-heading\" data-id=\"3862facb\" data-element_type=\"widget\" data-widget_type=\"heading.default\">\n\t\t\t\t<div class=\"elementor-widget-container\">\n\t\t\t\t\t<h6 class=\"elementor-heading-title elementor-size-default\">Bases de postulaci\u00f3n<\/h6>\t\t\t\t<\/div>\n\t\t\t\t<\/div>\n\t\t\t\t\t<\/div>\n\t\t\t\t<\/div>\n\t\t<div class=\"elementor-element elementor-element-7e9d56d1 e-flex e-con-boxed e-con e-child\" data-id=\"7e9d56d1\" data-element_type=\"container\">\n\t\t\t\t\t<div class=\"e-con-inner\">\n\t\t\t\t<div class=\"elementor-element elementor-element-57c40c27 elementor-widget elementor-widget-button\" data-id=\"57c40c27\" data-element_type=\"widget\" data-widget_type=\"button.default\">\n\t\t\t\t<div class=\"elementor-widget-container\">\n\t\t\t\t\t\t\t\t\t<div class=\"elementor-button-wrapper\">\n\t\t\t\t\t<a class=\"elementor-button elementor-button-link elementor-size-sm\" href=\"https:\/\/www.quito.gob.ec\/wp-content\/uploads\/2024\/07\/bases-de-postulacion-convocatoria-ABC-2024.pdf\" target=\"_blank\">\n\t\t\t\t\t\t<span class=\"elementor-button-content-wrapper\">\n\t\t\t\t\t\t<span class=\"elementor-button-icon\">\n\t\t\t\t<svg aria-hidden=\"true\" class=\"e-font-icon-svg e-fas-search\" viewBox=\"0 0 512 512\" xmlns=\"http:\/\/www.w3.org\/2000\/svg\"><path d=\"M505 442.7L405.3 343c-4.5-4.5-10.6-7-17-7H372c27.6-35.3 44-79.7 44-128C416 93.1 322.9 0 208 0S0 93.1 0 208s93.1 208 208 208c48.3 0 92.7-16.4 128-44v16.3c0 6.4 2.5 12.5 7 17l99.7 99.7c9.4 9.4 24.6 9.4 33.9 0l28.3-28.3c9.4-9.4 9.4-24.6.1-34zM208 336c-70.7 0-128-57.2-128-128 0-70.7 57.2-128 128-128 70.7 0 128 57.2 128 128 0 70.7-57.2 128-128 128z\"><\/path><\/svg>\t\t\t<\/span>\n\t\t\t\t\t\t\t\t\t<span class=\"elementor-button-text\">Vista Previa<\/span>\n\t\t\t\t\t<\/span>\n\t\t\t\t\t<\/a>\n\t\t\t\t<\/div>\n\t\t\t\t\t\t\t\t<\/div>\n\t\t\t\t<\/div>\n\t\t\t\t<div class=\"elementor-element elementor-element-26c8cd6b elementor-widget-mobile__width-initial elementor-widget elementor-widget-button\" data-id=\"26c8cd6b\" data-element_type=\"widget\" data-widget_type=\"button.default\">\n\t\t\t\t<div class=\"elementor-widget-container\">\n\t\t\t\t\t\t\t\t\t<div class=\"elementor-button-wrapper\">\n\t\t\t\t\t<a class=\"elementor-button elementor-button-link elementor-size-sm\" href=\"https:\/\/www.quito.gob.ec\/wp-content\/uploads\/2024\/07\/bases-de-postulacion-convocatoria-ABC-2024.pdf\" target=\"_blank\" download=\"MM_CONVOCATORIA-2024_0001\">\n\t\t\t\t\t\t<span class=\"elementor-button-content-wrapper\">\n\t\t\t\t\t\t<span class=\"elementor-button-icon\">\n\t\t\t\t<svg aria-hidden=\"true\" class=\"e-font-icon-svg e-fas-download\" viewBox=\"0 0 512 512\" xmlns=\"http:\/\/www.w3.org\/2000\/svg\"><path d=\"M216 0h80c13.3 0 24 10.7 24 24v168h87.7c17.8 0 26.7 21.5 14.1 34.1L269.7 378.3c-7.5 7.5-19.8 7.5-27.3 0L90.1 226.1c-12.6-12.6-3.7-34.1 14.1-34.1H192V24c0-13.3 10.7-24 24-24zm296 376v112c0 13.3-10.7 24-24 24H24c-13.3 0-24-10.7-24-24V376c0-13.3 10.7-24 24-24h146.7l49 49c20.1 20.1 52.5 20.1 72.6 0l49-49H488c13.3 0 24 10.7 24 24zm-124 88c0-11-9-20-20-20s-20 9-20 20 9 20 20 20 20-9 20-20zm64 0c0-11-9-20-20-20s-20 9-20 20 9 20 20 20 20-9 20-20z\"><\/path><\/svg>\t\t\t<\/span>\n\t\t\t\t\t\t\t\t\t<span class=\"elementor-button-text\">   Descargar   <\/span>\n\t\t\t\t\t<\/span>\n\t\t\t\t\t<\/a>\n\t\t\t\t<\/div>\n\t\t\t\t\t\t\t\t<\/div>\n\t\t\t\t<\/div>\n\t\t\t\t\t<\/div>\n\t\t\t\t<\/div>\n\t\t\t\t\t<\/div>\n\t\t\t\t<\/div>\n\t\t\t\t\t<\/div>\n\t\t\t\t<\/div>\n\t\t\t\t<\/div>\n\t\t","protected":false},"excerpt":{"rendered":"<p>Ayudas Econ\u00f3micas Educativas ABC &#8211; Convocatoria 2024 &#8211; \u00a0 La convocatoria de Ayudas ABC \u2013 Municipio de Quito, tiene como [&hellip;]<\/p>\n","protected":false},"author":5,"featured_media":0,"parent":0,"menu_order":0,"comment_status":"closed","ping_status":"closed","template":"","meta":{"site-sidebar-layout":"no-sidebar","site-content-layout":"","ast-site-content-layout":"full-width-container","site-content-style":"default","site-sidebar-style":"default","ast-global-header-display":"","ast-banner-title-visibility":"","ast-main-header-display":"","ast-hfb-above-header-display":"","ast-hfb-below-header-display":"","ast-hfb-mobile-header-display":"","site-post-title":"disabled","ast-breadcrumbs-content":"","ast-featured-img":"disabled","footer-sml-layout":"","ast-disable-related-posts":"","theme-transparent-header-meta":"","adv-header-id-meta":"","stick-header-meta":"","header-above-stick-meta":"","header-main-stick-meta":"","header-below-stick-meta":"","astra-migrate-meta-layouts":"default","ast-page-background-enabled":"default","ast-page-background-meta":{"desktop":{"background-color":"var(--ast-global-color-4)","background-image":"","background-repeat":"repeat","background-position":"center center","background-size":"auto","background-attachment":"scroll","background-type":"","background-media":"","overlay-type":"","overlay-color":"","overlay-opacity":"","overlay-gradient":""},"tablet":{"background-color":"","background-image":"","background-repeat":"repeat","background-position":"center center","background-size":"auto","background-attachment":"scroll","background-type":"","background-media":"","overlay-type":"","overlay-color":"","overlay-opacity":"","overlay-gradient":""},"mobile":{"background-color":"","background-image":"","background-repeat":"repeat","background-position":"center center","background-size":"auto","background-attachment":"scroll","background-type":"","background-media":"","overlay-type":"","overlay-color":"","overlay-opacity":"","overlay-gradient":""}},"ast-content-background-meta":{"desktop":{"background-color":"var(--ast-global-color-5)","background-image":"","background-repeat":"repeat","background-position":"center center","background-size":"auto","background-attachment":"scroll","background-type":"","background-media":"","overlay-type":"","overlay-color":"","overlay-opacity":"","overlay-gradient":""},"tablet":{"background-color":"var(--ast-global-color-5)","background-image":"","background-repeat":"repeat","background-position":"center center","background-size":"auto","background-attachment":"scroll","background-type":"","background-media":"","overlay-type":"","overlay-color":"","overlay-opacity":"","overlay-gradient":""},"mobile":{"background-color":"var(--ast-global-color-5)","background-image":"","background-repeat":"repeat","background-position":"center center","background-size":"auto","background-attachment":"scroll","background-type":"","background-media":"","overlay-type":"","overlay-color":"","overlay-opacity":"","overlay-gradient":""}},"footnotes":""},"class_list":["post-7557","page","type-page","status-publish","hentry"],"yoast_head":"<!-- This site is optimized with the Yoast SEO plugin v26.8 - https:\/\/yoast.com\/product\/yoast-seo-wordpress\/ -->\n<title>Ayudas Econ\u00f3micas Educativas ABC-Convocatoria 2024 - Municipio de Quito<\/title>\n<meta name=\"robots\" content=\"index, follow, max-snippet:-1, max-image-preview:large, max-video-preview:-1\" \/>\n<link rel=\"canonical\" href=\"https:\/\/www.quito.gob.ec\/?page_id=7557\" \/>\n<meta property=\"og:locale\" content=\"es_ES\" \/>\n<meta property=\"og:type\" content=\"article\" \/>\n<meta property=\"og:title\" content=\"Ayudas Econ\u00f3micas Educativas ABC-Convocatoria 2024 - Municipio de Quito\" \/>\n<meta property=\"og:description\" content=\"Ayudas Econ\u00f3micas Educativas ABC &#8211; Convocatoria 2024 &#8211; \u00a0 La convocatoria de Ayudas ABC \u2013 Municipio de Quito, tiene como [&hellip;]\" \/>\n<meta property=\"og:url\" content=\"https:\/\/www.quito.gob.ec\/?page_id=7557\" \/>\n<meta property=\"og:site_name\" content=\"Municipio de Quito\" \/>\n<meta property=\"article:modified_time\" content=\"2024-07-24T00:33:38+00:00\" \/>\n<meta property=\"og:image\" content=\"https:\/\/www.quito.gob.ec\/wp-content\/uploads\/2024\/07\/EstudiantesUniversiarios-2.jpg\" \/>\n<meta name=\"twitter:card\" content=\"summary_large_image\" \/>\n<meta name=\"twitter:label1\" content=\"Tiempo de lectura\" \/>\n\t<meta name=\"twitter:data1\" content=\"1 minuto\" \/>\n<script type=\"application\/ld+json\" class=\"yoast-schema-graph\">{\"@context\":\"https:\/\/schema.org\",\"@graph\":[{\"@type\":\"WebPage\",\"@id\":\"https:\/\/www.quito.gob.ec\/?page_id=7557\",\"url\":\"https:\/\/www.quito.gob.ec\/?page_id=7557\",\"name\":\"Ayudas Econ\u00f3micas Educativas ABC-Convocatoria 2024 - Municipio de Quito\",\"isPartOf\":{\"@id\":\"https:\/\/www.quito.gob.ec\/#website\"},\"primaryImageOfPage\":{\"@id\":\"https:\/\/www.quito.gob.ec\/?page_id=7557#primaryimage\"},\"image\":{\"@id\":\"https:\/\/www.quito.gob.ec\/?page_id=7557#primaryimage\"},\"thumbnailUrl\":\"https:\/\/www.quito.gob.ec\/wp-content\/uploads\/2024\/07\/EstudiantesUniversiarios-2.jpg\",\"datePublished\":\"2024-07-22T21:28:40+00:00\",\"dateModified\":\"2024-07-24T00:33:38+00:00\",\"breadcrumb\":{\"@id\":\"https:\/\/www.quito.gob.ec\/?page_id=7557#breadcrumb\"},\"inLanguage\":\"es\",\"potentialAction\":[{\"@type\":\"ReadAction\",\"target\":[\"https:\/\/www.quito.gob.ec\/?page_id=7557\"]}]},{\"@type\":\"ImageObject\",\"inLanguage\":\"es\",\"@id\":\"https:\/\/www.quito.gob.ec\/?page_id=7557#primaryimage\",\"url\":\"https:\/\/www.quito.gob.ec\/wp-content\/uploads\/2024\/07\/EstudiantesUniversiarios-2.jpg\",\"contentUrl\":\"https:\/\/www.quito.gob.ec\/wp-content\/uploads\/2024\/07\/EstudiantesUniversiarios-2.jpg\",\"width\":922,\"height\":520},{\"@type\":\"BreadcrumbList\",\"@id\":\"https:\/\/www.quito.gob.ec\/?page_id=7557#breadcrumb\",\"itemListElement\":[{\"@type\":\"ListItem\",\"position\":1,\"name\":\"Portada\",\"item\":\"https:\/\/www.quito.gob.ec\/\"},{\"@type\":\"ListItem\",\"position\":2,\"name\":\"Ayudas Econ\u00f3micas Educativas ABC-Convocatoria 2024\"}]},{\"@type\":\"WebSite\",\"@id\":\"https:\/\/www.quito.gob.ec\/#website\",\"url\":\"https:\/\/www.quito.gob.ec\/\",\"name\":\"Municipio de Quito\",\"description\":\"\",\"publisher\":{\"@id\":\"https:\/\/www.quito.gob.ec\/#organization\"},\"potentialAction\":[{\"@type\":\"SearchAction\",\"target\":{\"@type\":\"EntryPoint\",\"urlTemplate\":\"https:\/\/www.quito.gob.ec\/?s={search_term_string}\"},\"query-input\":{\"@type\":\"PropertyValueSpecification\",\"valueRequired\":true,\"valueName\":\"search_term_string\"}}],\"inLanguage\":\"es\"},{\"@type\":\"Organization\",\"@id\":\"https:\/\/www.quito.gob.ec\/#organization\",\"name\":\"Municipio de Quito\",\"url\":\"https:\/\/www.quito.gob.ec\/\",\"logo\":{\"@type\":\"ImageObject\",\"inLanguage\":\"es\",\"@id\":\"https:\/\/www.quito.gob.ec\/#\/schema\/logo\/image\/\",\"url\":\"https:\/\/www.quito.gob.ec\/wp-content\/uploads\/2024\/01\/LOGO_ALCALDIA_QUITO-23.svg\",\"contentUrl\":\"https:\/\/www.quito.gob.ec\/wp-content\/uploads\/2024\/01\/LOGO_ALCALDIA_QUITO-23.svg\",\"caption\":\"Municipio de Quito\"},\"image\":{\"@id\":\"https:\/\/www.quito.gob.ec\/#\/schema\/logo\/image\/\"}}]}<\/script>\n<!-- \/ Yoast SEO plugin. -->","yoast_head_json":{"title":"Ayudas Econ\u00f3micas Educativas ABC-Convocatoria 2024 - Municipio de Quito","robots":{"index":"index","follow":"follow","max-snippet":"max-snippet:-1","max-image-preview":"max-image-preview:large","max-video-preview":"max-video-preview:-1"},"canonical":"https:\/\/www.quito.gob.ec\/?page_id=7557","og_locale":"es_ES","og_type":"article","og_title":"Ayudas Econ\u00f3micas Educativas ABC-Convocatoria 2024 - Municipio de Quito","og_description":"Ayudas Econ\u00f3micas Educativas ABC &#8211; Convocatoria 2024 &#8211; \u00a0 La convocatoria de Ayudas ABC \u2013 Municipio de Quito, tiene como [&hellip;]","og_url":"https:\/\/www.quito.gob.ec\/?page_id=7557","og_site_name":"Municipio de Quito","article_modified_time":"2024-07-24T00:33:38+00:00","og_image":[{"url":"https:\/\/www.quito.gob.ec\/wp-content\/uploads\/2024\/07\/EstudiantesUniversiarios-2.jpg","type":"","width":"","height":""}],"twitter_card":"summary_large_image","twitter_misc":{"Tiempo de lectura":"1 minuto"},"schema":{"@context":"https:\/\/schema.org","@graph":[{"@type":"WebPage","@id":"https:\/\/www.quito.gob.ec\/?page_id=7557","url":"https:\/\/www.quito.gob.ec\/?page_id=7557","name":"Ayudas Econ\u00f3micas Educativas ABC-Convocatoria 2024 - Municipio de Quito","isPartOf":{"@id":"https:\/\/www.quito.gob.ec\/#website"},"primaryImageOfPage":{"@id":"https:\/\/www.quito.gob.ec\/?page_id=7557#primaryimage"},"image":{"@id":"https:\/\/www.quito.gob.ec\/?page_id=7557#primaryimage"},"thumbnailUrl":"https:\/\/www.quito.gob.ec\/wp-content\/uploads\/2024\/07\/EstudiantesUniversiarios-2.jpg","datePublished":"2024-07-22T21:28:40+00:00","dateModified":"2024-07-24T00:33:38+00:00","breadcrumb":{"@id":"https:\/\/www.quito.gob.ec\/?page_id=7557#breadcrumb"},"inLanguage":"es","potentialAction":[{"@type":"ReadAction","target":["https:\/\/www.quito.gob.ec\/?page_id=7557"]}]},{"@type":"ImageObject","inLanguage":"es","@id":"https:\/\/www.quito.gob.ec\/?page_id=7557#primaryimage","url":"https:\/\/www.quito.gob.ec\/wp-content\/uploads\/2024\/07\/EstudiantesUniversiarios-2.jpg","contentUrl":"https:\/\/www.quito.gob.ec\/wp-content\/uploads\/2024\/07\/EstudiantesUniversiarios-2.jpg","width":922,"height":520},{"@type":"BreadcrumbList","@id":"https:\/\/www.quito.gob.ec\/?page_id=7557#breadcrumb","itemListElement":[{"@type":"ListItem","position":1,"name":"Portada","item":"https:\/\/www.quito.gob.ec\/"},{"@type":"ListItem","position":2,"name":"Ayudas Econ\u00f3micas Educativas ABC-Convocatoria 2024"}]},{"@type":"WebSite","@id":"https:\/\/www.quito.gob.ec\/#website","url":"https:\/\/www.quito.gob.ec\/","name":"Municipio de Quito","description":"","publisher":{"@id":"https:\/\/www.quito.gob.ec\/#organization"},"potentialAction":[{"@type":"SearchAction","target":{"@type":"EntryPoint","urlTemplate":"https:\/\/www.quito.gob.ec\/?s={search_term_string}"},"query-input":{"@type":"PropertyValueSpecification","valueRequired":true,"valueName":"search_term_string"}}],"inLanguage":"es"},{"@type":"Organization","@id":"https:\/\/www.quito.gob.ec\/#organization","name":"Municipio de Quito","url":"https:\/\/www.quito.gob.ec\/","logo":{"@type":"ImageObject","inLanguage":"es","@id":"https:\/\/www.quito.gob.ec\/#\/schema\/logo\/image\/","url":"https:\/\/www.quito.gob.ec\/wp-content\/uploads\/2024\/01\/LOGO_ALCALDIA_QUITO-23.svg","contentUrl":"https:\/\/www.quito.gob.ec\/wp-content\/uploads\/2024\/01\/LOGO_ALCALDIA_QUITO-23.svg","caption":"Municipio de Quito"},"image":{"@id":"https:\/\/www.quito.gob.ec\/#\/schema\/logo\/image\/"}}]}},"_links":{"self":[{"href":"https:\/\/www.quito.gob.ec\/index.php?rest_route=\/wp\/v2\/pages\/7557","targetHints":{"allow":["GET"]}}],"collection":[{"href":"https:\/\/www.quito.gob.ec\/index.php?rest_route=\/wp\/v2\/pages"}],"about":[{"href":"https:\/\/www.quito.gob.ec\/index.php?rest_route=\/wp\/v2\/types\/page"}],"author":[{"embeddable":true,"href":"https:\/\/www.quito.gob.ec\/index.php?rest_route=\/wp\/v2\/users\/5"}],"replies":[{"embeddable":true,"href":"https:\/\/www.quito.gob.ec\/index.php?rest_route=%2Fwp%2Fv2%2Fcomments&post=7557"}],"version-history":[{"count":19,"href":"https:\/\/www.quito.gob.ec\/index.php?rest_route=\/wp\/v2\/pages\/7557\/revisions"}],"predecessor-version":[{"id":7632,"href":"https:\/\/www.quito.gob.ec\/index.php?rest_route=\/wp\/v2\/pages\/7557\/revisions\/7632"}],"wp:attachment":[{"href":"https:\/\/www.quito.gob.ec\/index.php?rest_route=%2Fwp%2Fv2%2Fmedia&parent=7557"}],"curies":[{"name":"wp","href":"https:\/\/api.w.org\/{rel}","templated":true}]}}