{"id":8323,"date":"2024-08-29T16:45:38","date_gmt":"2024-08-29T21:45:38","guid":{"rendered":"https:\/\/www.quito.gob.ec\/?page_id=8323"},"modified":"2024-11-12T18:04:21","modified_gmt":"2024-11-12T23:04:21","slug":"principios-y-valores","status":"publish","type":"page","link":"https:\/\/www.quito.gob.ec\/?page_id=8323","title":{"rendered":"Principios y valores"},"content":{"rendered":"\t\t<div data-elementor-type=\"wp-page\" data-elementor-id=\"8323\" class=\"elementor elementor-8323\" data-elementor-post-type=\"page\">\n\t\t\t\t<div class=\"elementor-element elementor-element-f52f8fc e-flex e-con-boxed e-con e-parent\" data-id=\"f52f8fc\" data-element_type=\"container\">\n\t\t\t\t\t<div class=\"e-con-inner\">\n\t\t\t\t<div class=\"elementor-element elementor-element-52e6466 elementor-widget elementor-widget-shortcode\" data-id=\"52e6466\" data-element_type=\"widget\" data-widget_type=\"shortcode.default\">\n\t\t\t\t<div class=\"elementor-widget-container\">\n\t\t\t\t\t\t\t<div class=\"elementor-shortcode\">\t\t\t<!-- Flexy Breadcrumb -->\r\n\t\t\t<div class=\"fbc fbc-page\">\r\n\r\n\t\t\t\t<!-- Breadcrumb wrapper -->\r\n\t\t\t\t<div class=\"fbc-wrap\">\r\n\r\n\t\t\t\t\t<!-- Ordered list-->\r\n\t\t\t\t\t<ol class=\"fbc-items\" itemscope itemtype=\"https:\/\/schema.org\/BreadcrumbList\">\r\n\t\t\t\t\t\t            <li itemprop=\"itemListElement\" itemscope itemtype=\"https:\/\/schema.org\/ListItem\">\r\n                <span itemprop=\"name\">\r\n                    <!-- Home Link -->\r\n                    <a itemprop=\"item\" href=\"https:\/\/www.quito.gob.ec\">\r\n                    \r\n                                                    <i class=\"fa fa-home\" aria-hidden=\"true\"><\/i>Inicio                    <\/a>\r\n                <\/span>\r\n                <meta itemprop=\"position\" content=\"1\" \/><!-- Meta Position-->\r\n             <\/li><li><span class=\"fbc-separator\">\/<\/span><\/li><li class=\"active\" itemprop=\"itemListElement\" itemscope itemtype=\"https:\/\/schema.org\/ListItem\"><span itemprop=\"name\" title=\"Principios y valores\">Principios y valores<\/span><meta itemprop=\"position\" content=\"2\" \/><\/li>\t\t\t\t\t<\/ol>\r\n\t\t\t\t\t<div class=\"clearfix\"><\/div>\r\n\t\t\t\t<\/div>\r\n\t\t\t<\/div>\r\n\t\t\t<\/div>\n\t\t\t\t\t\t<\/div>\n\t\t\t\t<\/div>\n\t\t\t\t\t<\/div>\n\t\t\t\t<\/div>\n\t\t<div class=\"elementor-element elementor-element-078fa96 e-flex e-con-boxed e-con e-parent\" data-id=\"078fa96\" data-element_type=\"container\">\n\t\t\t\t\t<div class=\"e-con-inner\">\n\t\t<div class=\"elementor-element elementor-element-a4d6553 e-flex e-con-boxed e-con e-child\" data-id=\"a4d6553\" data-element_type=\"container\">\n\t\t\t\t\t<div class=\"e-con-inner\">\n\t\t<div class=\"elementor-element elementor-element-71a319b e-con-full e-flex e-con e-child\" data-id=\"71a319b\" data-element_type=\"container\">\n\t\t\t\t<div class=\"elementor-element elementor-element-0cb7c21 elementor-widget elementor-widget-text-editor\" data-id=\"0cb7c21\" data-element_type=\"widget\" data-widget_type=\"text-editor.default\">\n\t\t\t\t<div class=\"elementor-widget-container\">\n\t\t\t\t\t\t\t\t\t<h4 style=\"text-align: left;\"><span style=\"color: #2e5691; font-size: 18px;\">Principios institucionales<\/span><\/h4><div style=\"text-align: justify;\"><strong>Autonom\u00eda<\/strong>: El Municipio ejercer\u00e1 de manera responsable y solidaria la autonom\u00eda con la que cuenta, entendida \u00e9sta como el derecho y la capacidad efectiva para regirse mediante normas y \u00f3rganos de gobierno propios, sin intervenci\u00f3n de otro nivel de gobierno y en beneficio de sus habitantes.<\/div><div>\u00a0<\/div><div><p style=\"text-align: justify;\"><strong>Legalidad<\/strong>: El Municipio actuar\u00e1 y ejercer\u00e1 sus funciones, competencias y atribuciones con sujeci\u00f3n al ordenamiento jur\u00eddico nacional y metropolitano vigente.<\/p><p style=\"text-align: justify;\"><strong>Participaci\u00f3n Ciudadana:<\/strong> El Municipio respetar\u00e1, promover\u00e1 y facilitar\u00e1 la participaci\u00f3n de las personas, comunidades, pueblos y nacionalidades en la formulaci\u00f3n, ejecuci\u00f3n, evaluaci\u00f3n y control de las pol\u00edticas p\u00fablicas y servicios p\u00fablicos.<\/p><\/div>\t\t\t\t\t\t\t\t<\/div>\n\t\t\t\t<\/div>\n\t\t\t\t<\/div>\n\t\t<div class=\"elementor-element elementor-element-dd0e150 e-con-full e-flex e-con e-child\" data-id=\"dd0e150\" data-element_type=\"container\">\n\t\t\t\t<div class=\"elementor-element elementor-element-bc49749 elementor-view-default elementor-widget elementor-widget-icon\" data-id=\"bc49749\" data-element_type=\"widget\" data-widget_type=\"icon.default\">\n\t\t\t\t<div class=\"elementor-widget-container\">\n\t\t\t\t\t\t\t<div class=\"elementor-icon-wrapper\">\n\t\t\t<div class=\"elementor-icon\">\n\t\t\t<svg xmlns=\"http:\/\/www.w3.org\/2000\/svg\" id=\"Capa_1\" viewBox=\"0 0 306.2 306.2\"><defs><style>      .cls-1 {        fill: #2f5791;      }    <\/style><\/defs><path class=\"cls-1\" d=\"M78.61,190.04c-4.62-6.21-9.46-11.92-13.43-18.18C27.6,112.55,59.13,33.16,127.12,15.58c59.27-15.32,118.89,23.2,128.94,83.75,5.51,33.16-3.73,62.37-25.89,87.52-1.77,2-2.15,3.3-.77,5.78,11.42,20.6,22.66,41.3,33.96,61.97.38.7.74,1.41,1.15,2.09,1.45,2.42,1.76,4.87,0,7.25-1.78,2.42-4.29,2.59-6.99,2.07-9.57-1.81-19.16-3.51-28.69-5.49-2.22-.46-2.94.24-3.68,2.08-3.56,8.96-7.26,17.85-10.84,26.8-1.07,2.67-2.51,4.75-5.68,4.92-3.16.17-4.84-1.71-6.22-4.24-12.18-22.34-24.42-44.64-36.57-67-1.13-2.08-2.25-2.85-4.8-2.68-5.24.34-10.53.18-15.79-.08-2.1-.11-3.15.45-4.16,2.29-11.99,22.1-24.08,44.15-36.14,66.22-.33.61-.7,1.21-1.01,1.83-1.23,2.44-3.11,3.83-5.94,3.67-2.87-.17-4.41-1.95-5.41-4.43-3.61-8.93-7.25-17.86-10.88-26.78-.37-.92-.77-1.82-1.26-2.95-6.97,1.28-13.88,2.54-20.8,3.83-3.52.65-7.02,1.35-10.54,2.03-2.7.52-5.21.3-6.96-2.15-1.72-2.41-1.27-4.8.08-7.27,11.7-21.35,23.37-42.73,35.04-64.1.52-.95,1.02-1.92,1.32-2.49ZM153.67,23.98c-50.35-.45-92.3,40.93-92.82,91.54-.52,50.98,40.61,92.87,91.77,93.46,50.74.58,92.82-40.77,93.25-91.65.44-51.16-40.78-92.89-92.2-93.35ZM99.22,274.86c10.5-19.21,20.68-37.84,31-56.74-15.8-3.71-29.74-10.55-42.32-20.49-10,18.3-19.79,36.22-29.9,54.73,8.19-1.52,15.69-2.89,23.18-4.31,5.24-.99,7.03-.08,9.03,4.8,2.93,7.16,5.86,14.32,9.01,22.01ZM176.49,218.15c10.38,18.98,20.58,37.61,30.98,56.62.59-1.34,1.04-2.31,1.44-3.3,2.63-6.44,5.22-12.89,7.87-19.32,1.55-3.76,3.83-5.02,7.75-4.34,2.45.43,4.88.94,7.32,1.4,5.41,1,10.83,2,16.87,3.11-10.14-18.56-19.94-36.49-29.88-54.67-12.59,9.93-26.44,16.78-42.34,20.51Z\"><\/path><path class=\"cls-1\" d=\"M231.3,116.46c.16,42.77-34.87,77.95-77.69,78.04-43.01.09-78.09-34.85-78.18-77.87-.09-42.85,34.77-77.82,77.71-77.99,43.03-.16,78.01,34.66,78.16,77.82ZM153.43,50.38c-36.4-.04-66.15,29.56-66.28,65.95-.12,36.5,29.57,66.28,66.15,66.34,36.43.06,66.16-29.51,66.26-65.92.1-36.55-29.57-66.33-66.14-66.37Z\"><\/path><path class=\"cls-1\" d=\"M119.9,155.53c1.02-5.99,1.68-12.67,3.37-19.08,1.66-6.31.85-10.94-4.66-15.11-4.8-3.63-8.76-8.37-13.13-12.57-1.98-1.91-3.33-3.97-2.37-6.86.94-2.82,3.06-3.85,5.88-4.22,8.07-1.08,16.14-2.24,24.17-3.6,1.29-.22,2.87-1.36,3.48-2.51,3.73-7.13,7.26-14.35,10.74-21.6,1.27-2.65,2.97-4.43,6.08-4.4,2.97.03,4.64,1.75,5.86,4.29,3.5,7.24,7.17,14.4,10.62,21.67.84,1.78,1.96,2.45,3.81,2.7,8.07,1.09,16.12,2.35,24.19,3.46,2.69.37,4.73,1.44,5.67,4.11,1.01,2.86-.26,4.98-2.24,6.9-5.93,5.74-11.88,11.46-17.69,17.32-.79.8-1.33,2.41-1.16,3.52,1.25,8.15,2.68,16.27,4.11,24.39.48,2.73.25,5.21-2.14,6.97-2.39,1.77-4.82,1.3-7.27,0-7.19-3.83-14.43-7.56-21.59-11.44-1.57-.85-2.78-.9-4.38-.03-7.34,3.97-14.72,7.85-22.14,11.66-4.62,2.37-9.14-.14-9.18-5.54ZM133.58,145.43c5.33-2.79,10.26-5.13,14.94-7.89,3.41-2.01,6.39-1.91,9.76.02,4.7,2.7,9.6,5.08,14.86,7.83-.89-5.32-1.35-10.18-2.59-14.85-1.41-5.34.16-9.07,4.24-12.55,3.56-3.04,6.55-6.75,9.93-10.31-5.89-.88-11.75-1.81-17.62-2.61-2.61-.35-4.38-1.64-5.51-3.98-1.95-4.02-3.94-8.02-5.93-12.02-.68-1.36-1.41-2.69-2.35-4.49-2.83,5.73-5.42,10.86-7.9,16.03-1.27,2.64-3.13,4.13-6.13,4.51-5.78.72-11.52,1.69-17.08,2.52,3.73,3.95,7.19,8.02,11.09,11.64,3.06,2.84,3.98,5.83,3.11,9.85-1.12,5.19-1.83,10.48-2.81,16.28Z\"><\/path><\/svg>\t\t\t<\/div>\n\t\t<\/div>\n\t\t\t\t\t\t<\/div>\n\t\t\t\t<\/div>\n\t\t\t\t<\/div>\n\t\t\t\t\t<\/div>\n\t\t\t\t<\/div>\n\t\t\t\t\t<\/div>\n\t\t\t\t<\/div>\n\t\t\t\t<\/div>\n\t\t","protected":false},"excerpt":{"rendered":"<p>Principios institucionales Autonom\u00eda: El Municipio ejercer\u00e1 de manera responsable y solidaria la autonom\u00eda con la que cuenta, entendida \u00e9sta como [&hellip;]<\/p>\n","protected":false},"author":5,"featured_media":0,"parent":0,"menu_order":0,"comment_status":"closed","ping_status":"closed","template":"","meta":{"site-sidebar-layout":"no-sidebar","site-content-layout":"","ast-site-content-layout":"full-width-container","site-content-style":"default","site-sidebar-style":"default","ast-global-header-display":"","ast-banner-title-visibility":"","ast-main-header-display":"","ast-hfb-above-header-display":"","ast-hfb-below-header-display":"","ast-hfb-mobile-header-display":"","site-post-title":"disabled","ast-breadcrumbs-content":"","ast-featured-img":"disabled","footer-sml-layout":"","ast-disable-related-posts":"","theme-transparent-header-meta":"","adv-header-id-meta":"","stick-header-meta":"","header-above-stick-meta":"","header-main-stick-meta":"","header-below-stick-meta":"","astra-migrate-meta-layouts":"default","ast-page-background-enabled":"default","ast-page-background-meta":{"desktop":{"background-color":"var(--ast-global-color-4)","background-image":"","background-repeat":"repeat","background-position":"center center","background-size":"auto","background-attachment":"scroll","background-type":"","background-media":"","overlay-type":"","overlay-color":"","overlay-opacity":"","overlay-gradient":""},"tablet":{"background-color":"","background-image":"","background-repeat":"repeat","background-position":"center center","background-size":"auto","background-attachment":"scroll","background-type":"","background-media":"","overlay-type":"","overlay-color":"","overlay-opacity":"","overlay-gradient":""},"mobile":{"background-color":"","background-image":"","background-repeat":"repeat","background-position":"center center","background-size":"auto","background-attachment":"scroll","background-type":"","background-media":"","overlay-type":"","overlay-color":"","overlay-opacity":"","overlay-gradient":""}},"ast-content-background-meta":{"desktop":{"background-color":"var(--ast-global-color-5)","background-image":"","background-repeat":"repeat","background-position":"center center","background-size":"auto","background-attachment":"scroll","background-type":"","background-media":"","overlay-type":"","overlay-color":"","overlay-opacity":"","overlay-gradient":""},"tablet":{"background-color":"var(--ast-global-color-5)","background-image":"","background-repeat":"repeat","background-position":"center center","background-size":"auto","background-attachment":"scroll","background-type":"","background-media":"","overlay-type":"","overlay-color":"","overlay-opacity":"","overlay-gradient":""},"mobile":{"background-color":"var(--ast-global-color-5)","background-image":"","background-repeat":"repeat","background-position":"center center","background-size":"auto","background-attachment":"scroll","background-type":"","background-media":"","overlay-type":"","overlay-color":"","overlay-opacity":"","overlay-gradient":""}},"footnotes":""},"class_list":["post-8323","page","type-page","status-publish","hentry"],"yoast_head":"<!-- This site is optimized with the Yoast SEO plugin v26.8 - https:\/\/yoast.com\/product\/yoast-seo-wordpress\/ -->\n<title>Principios y valores - Municipio de Quito<\/title>\n<meta name=\"robots\" content=\"index, follow, max-snippet:-1, max-image-preview:large, max-video-preview:-1\" \/>\n<link rel=\"canonical\" href=\"https:\/\/www.quito.gob.ec\/?page_id=8323\" \/>\n<meta property=\"og:locale\" content=\"es_ES\" \/>\n<meta property=\"og:type\" content=\"article\" \/>\n<meta property=\"og:title\" content=\"Principios y valores - Municipio de Quito\" \/>\n<meta property=\"og:description\" content=\"Principios institucionales Autonom\u00eda: El Municipio ejercer\u00e1 de manera responsable y solidaria la autonom\u00eda con la que cuenta, entendida \u00e9sta como [&hellip;]\" \/>\n<meta property=\"og:url\" content=\"https:\/\/www.quito.gob.ec\/?page_id=8323\" \/>\n<meta property=\"og:site_name\" content=\"Municipio de Quito\" \/>\n<meta property=\"article:modified_time\" content=\"2024-11-12T23:04:21+00:00\" \/>\n<meta name=\"twitter:card\" content=\"summary_large_image\" \/>\n<meta name=\"twitter:label1\" content=\"Tiempo de lectura\" \/>\n\t<meta name=\"twitter:data1\" content=\"1 minuto\" \/>\n<script type=\"application\/ld+json\" class=\"yoast-schema-graph\">{\"@context\":\"https:\/\/schema.org\",\"@graph\":[{\"@type\":\"WebPage\",\"@id\":\"https:\/\/www.quito.gob.ec\/?page_id=8323\",\"url\":\"https:\/\/www.quito.gob.ec\/?page_id=8323\",\"name\":\"Principios y valores - Municipio de Quito\",\"isPartOf\":{\"@id\":\"https:\/\/www.quito.gob.ec\/#website\"},\"datePublished\":\"2024-08-29T21:45:38+00:00\",\"dateModified\":\"2024-11-12T23:04:21+00:00\",\"breadcrumb\":{\"@id\":\"https:\/\/www.quito.gob.ec\/?page_id=8323#breadcrumb\"},\"inLanguage\":\"es\",\"potentialAction\":[{\"@type\":\"ReadAction\",\"target\":[\"https:\/\/www.quito.gob.ec\/?page_id=8323\"]}]},{\"@type\":\"BreadcrumbList\",\"@id\":\"https:\/\/www.quito.gob.ec\/?page_id=8323#breadcrumb\",\"itemListElement\":[{\"@type\":\"ListItem\",\"position\":1,\"name\":\"Portada\",\"item\":\"https:\/\/www.quito.gob.ec\/\"},{\"@type\":\"ListItem\",\"position\":2,\"name\":\"Principios y valores\"}]},{\"@type\":\"WebSite\",\"@id\":\"https:\/\/www.quito.gob.ec\/#website\",\"url\":\"https:\/\/www.quito.gob.ec\/\",\"name\":\"Municipio de Quito\",\"description\":\"\",\"publisher\":{\"@id\":\"https:\/\/www.quito.gob.ec\/#organization\"},\"potentialAction\":[{\"@type\":\"SearchAction\",\"target\":{\"@type\":\"EntryPoint\",\"urlTemplate\":\"https:\/\/www.quito.gob.ec\/?s={search_term_string}\"},\"query-input\":{\"@type\":\"PropertyValueSpecification\",\"valueRequired\":true,\"valueName\":\"search_term_string\"}}],\"inLanguage\":\"es\"},{\"@type\":\"Organization\",\"@id\":\"https:\/\/www.quito.gob.ec\/#organization\",\"name\":\"Municipio de Quito\",\"url\":\"https:\/\/www.quito.gob.ec\/\",\"logo\":{\"@type\":\"ImageObject\",\"inLanguage\":\"es\",\"@id\":\"https:\/\/www.quito.gob.ec\/#\/schema\/logo\/image\/\",\"url\":\"https:\/\/www.quito.gob.ec\/wp-content\/uploads\/2024\/01\/LOGO_ALCALDIA_QUITO-23.svg\",\"contentUrl\":\"https:\/\/www.quito.gob.ec\/wp-content\/uploads\/2024\/01\/LOGO_ALCALDIA_QUITO-23.svg\",\"caption\":\"Municipio de Quito\"},\"image\":{\"@id\":\"https:\/\/www.quito.gob.ec\/#\/schema\/logo\/image\/\"}}]}<\/script>\n<!-- \/ Yoast SEO plugin. -->","yoast_head_json":{"title":"Principios y valores - Municipio de Quito","robots":{"index":"index","follow":"follow","max-snippet":"max-snippet:-1","max-image-preview":"max-image-preview:large","max-video-preview":"max-video-preview:-1"},"canonical":"https:\/\/www.quito.gob.ec\/?page_id=8323","og_locale":"es_ES","og_type":"article","og_title":"Principios y valores - Municipio de Quito","og_description":"Principios institucionales Autonom\u00eda: El Municipio ejercer\u00e1 de manera responsable y solidaria la autonom\u00eda con la que cuenta, entendida \u00e9sta como [&hellip;]","og_url":"https:\/\/www.quito.gob.ec\/?page_id=8323","og_site_name":"Municipio de Quito","article_modified_time":"2024-11-12T23:04:21+00:00","twitter_card":"summary_large_image","twitter_misc":{"Tiempo de lectura":"1 minuto"},"schema":{"@context":"https:\/\/schema.org","@graph":[{"@type":"WebPage","@id":"https:\/\/www.quito.gob.ec\/?page_id=8323","url":"https:\/\/www.quito.gob.ec\/?page_id=8323","name":"Principios y valores - Municipio de Quito","isPartOf":{"@id":"https:\/\/www.quito.gob.ec\/#website"},"datePublished":"2024-08-29T21:45:38+00:00","dateModified":"2024-11-12T23:04:21+00:00","breadcrumb":{"@id":"https:\/\/www.quito.gob.ec\/?page_id=8323#breadcrumb"},"inLanguage":"es","potentialAction":[{"@type":"ReadAction","target":["https:\/\/www.quito.gob.ec\/?page_id=8323"]}]},{"@type":"BreadcrumbList","@id":"https:\/\/www.quito.gob.ec\/?page_id=8323#breadcrumb","itemListElement":[{"@type":"ListItem","position":1,"name":"Portada","item":"https:\/\/www.quito.gob.ec\/"},{"@type":"ListItem","position":2,"name":"Principios y valores"}]},{"@type":"WebSite","@id":"https:\/\/www.quito.gob.ec\/#website","url":"https:\/\/www.quito.gob.ec\/","name":"Municipio de Quito","description":"","publisher":{"@id":"https:\/\/www.quito.gob.ec\/#organization"},"potentialAction":[{"@type":"SearchAction","target":{"@type":"EntryPoint","urlTemplate":"https:\/\/www.quito.gob.ec\/?s={search_term_string}"},"query-input":{"@type":"PropertyValueSpecification","valueRequired":true,"valueName":"search_term_string"}}],"inLanguage":"es"},{"@type":"Organization","@id":"https:\/\/www.quito.gob.ec\/#organization","name":"Municipio de Quito","url":"https:\/\/www.quito.gob.ec\/","logo":{"@type":"ImageObject","inLanguage":"es","@id":"https:\/\/www.quito.gob.ec\/#\/schema\/logo\/image\/","url":"https:\/\/www.quito.gob.ec\/wp-content\/uploads\/2024\/01\/LOGO_ALCALDIA_QUITO-23.svg","contentUrl":"https:\/\/www.quito.gob.ec\/wp-content\/uploads\/2024\/01\/LOGO_ALCALDIA_QUITO-23.svg","caption":"Municipio de Quito"},"image":{"@id":"https:\/\/www.quito.gob.ec\/#\/schema\/logo\/image\/"}}]}},"_links":{"self":[{"href":"https:\/\/www.quito.gob.ec\/index.php?rest_route=\/wp\/v2\/pages\/8323","targetHints":{"allow":["GET"]}}],"collection":[{"href":"https:\/\/www.quito.gob.ec\/index.php?rest_route=\/wp\/v2\/pages"}],"about":[{"href":"https:\/\/www.quito.gob.ec\/index.php?rest_route=\/wp\/v2\/types\/page"}],"author":[{"embeddable":true,"href":"https:\/\/www.quito.gob.ec\/index.php?rest_route=\/wp\/v2\/users\/5"}],"replies":[{"embeddable":true,"href":"https:\/\/www.quito.gob.ec\/index.php?rest_route=%2Fwp%2Fv2%2Fcomments&post=8323"}],"version-history":[{"count":70,"href":"https:\/\/www.quito.gob.ec\/index.php?rest_route=\/wp\/v2\/pages\/8323\/revisions"}],"predecessor-version":[{"id":9397,"href":"https:\/\/www.quito.gob.ec\/index.php?rest_route=\/wp\/v2\/pages\/8323\/revisions\/9397"}],"wp:attachment":[{"href":"https:\/\/www.quito.gob.ec\/index.php?rest_route=%2Fwp%2Fv2%2Fmedia&parent=8323"}],"curies":[{"name":"wp","href":"https:\/\/api.w.org\/{rel}","templated":true}]}}