{"id":8551,"date":"2024-09-26T17:01:45","date_gmt":"2024-09-26T22:01:45","guid":{"rendered":"https:\/\/www.quito.gob.ec\/?page_id=8551"},"modified":"2024-09-27T17:56:15","modified_gmt":"2024-09-27T22:56:15","slug":"premio-patricio-brabomalo-2","status":"publish","type":"page","link":"https:\/\/www.quito.gob.ec\/?page_id=8551","title":{"rendered":"Premio Patricio Brabomalo"},"content":{"rendered":"\t\t<div data-elementor-type=\"wp-page\" data-elementor-id=\"8551\" class=\"elementor elementor-8551\" data-elementor-post-type=\"page\">\n\t\t\t\t<div class=\"elementor-element elementor-element-4067517a e-flex e-con-boxed e-con e-parent\" data-id=\"4067517a\" data-element_type=\"container\">\n\t\t\t\t\t<div class=\"e-con-inner\">\n\t\t\t\t<div class=\"elementor-element elementor-element-6c04b463 elementor-widget elementor-widget-text-editor\" data-id=\"6c04b463\" data-element_type=\"widget\" data-widget_type=\"text-editor.default\">\n\t\t\t\t<div class=\"elementor-widget-container\">\n\t\t\t\t\t\t\t\t\t\n<p><img fetchpriority=\"high\" decoding=\"async\" class=\"aligncenter\" src=\"https:\/\/inclusionsocial.quito.gob.ec\/wp-content\/uploads\/2024\/09\/Premio-Patricio-Brabomalo-1-1024x682.jpeg\" width=\"486\" height=\"323\" \/><\/p>\n<p>Patricio Brabomalo Molina nace el 7 de septiembre de 1977. Fue un joven activista por los derechos humanos que dejo una huella a favor de la poblaci\u00f3n de la diversidad sexo gen\u00e9rica del Ecuador. Se destac\u00f3 como pintor, poeta, escritor, dramaturgo, actor e investigador a tiempo completo.<\/p>\n<p>En 1998 estren\u00f3 la obra teatral\u00a0<i>516 caricias<\/i>\u00a0en la Casa de la Cultura Ecuatoriana. El t\u00edtulo de la obra hac\u00eda referencia al art\u00edculo 516 del C\u00f3digo Penal Ecuatoriano, en el que se criminalizaba la homosexualidad. Public\u00f3 la obra Homosexualidades. Plumas, maricones y tortilleras en el Ecuador del siglo XXI en 2002, que se convirti\u00f3 en el primer libro ecuatoriano de no ficci\u00f3n en abordar la diversidad sexual.<\/p>\n<p>En 2003 fund\u00f3 junto a otras activistas la Fundaci\u00f3n l\u00e9sbica feminista Causana, la misma que busca promover los derechos de las personas LGBT haciendo \u00e9nfasis en dar espacios a las mujeres lesbianas. Milit\u00f3 adem\u00e1s en la organizaci\u00f3n FEDAEPS y fund\u00f3 el llamado Grupo Drag en 1996,\u00a0 que realizaba talleres de transformismo y que tuvo entre sus integrantes a Pablo Gallegos, primera drag queen profesional de Ecuador y quien adem\u00e1s era pareja sentimental de Brabomalo en esa \u00e9poca.5<\/p>\n<p>Falleci\u00f3 el 17 de octubre de 2005 en un accidente automobil\u00edstico mientras se transportaba de Riobamba a Quito, d\u00edas despu\u00e9s de haber participado en la apertura de la sede f\u00edsica de Causana. El 14 de febrero de 2013, el Consejo Metropolitano de Quito aprob\u00f3 la creaci\u00f3n del Premio Patricio Brabomalo para personas que hayan aportado a la lucha por los derechos de la comunidad LGBT en la ciudad, y que fue nombrado en honor a Brabomalo como reconocimiento a sus a\u00f1os de activismo.<\/p>\n<p>El art\u00edculo 726 de la Ordenanza Metropolitana No. Ordenanza Metropolitana Reformatoria a la Secci\u00f3n IV, Cap\u00edtulo III, T\u00edtulo VII, Libro II.3 del C\u00f3digo Municipal para el Distrito Metropolitano de Quito, referente a los Premios en Temas de G\u00e9nero y Juventud 078-2024, secci\u00f3n IV \u201cDe los premios en temas de g\u00e9nero y juventud\u201d menciona que: \u201c<em>Premio \u201cPatricio Brabomalo Molina para la poblaci\u00f3n de las Diversidades Sexo Gen\u00e9ricas\u201d. \u2013 El Concejo Metropolitano otorgar\u00e1 cada a\u00f1o el premio \u201cPatricio Brabomalo Molina para la poblaci\u00f3n de las diversidades sexo gen\u00e9ricas\u201d, a la persona que haya cumplido una labor destacada en la defensa de los derechos de la poblaci\u00f3n de diversidades sexo gen\u00e9ricas, a trav\u00e9s de actividades cient\u00edficas, c\u00edvicas, culturales, educativas, sociales, ecol\u00f3gicas<\/em>\u201d.<\/p>\n<p>El Premio Patricio Brabomalo es un reconocimiento crucial en la lucha por los derechos de la poblaci\u00f3n de la diversidad sexo-gen\u00e9rica en Quito y el Ecuador, ya que honra el legado de una figura emblem\u00e1tica en la defensa de los derechos humanos y la equidad. Este galard\u00f3n visibiliza los esfuerzos de activistas, organizaciones y personas comprometidas con la igualdad y la justicia, destacando la importancia de construir una sociedad m\u00e1s inclusiva y libre de discriminaci\u00f3n. Al reconocer a quienes han contribuido de manera significativa a mejorar las condiciones de vida de la comunidad LGBTIQ+, el premio refuerza la lucha por la dignidad, los derechos y el respeto a la diversidad, promoviendo avances hacia una sociedad m\u00e1s equitativa y consciente.<\/p>\n<p>Invitamos a la ciudadan\u00eda de Quito a participar del Premio Patricio Brabomalo, y contribuir a la visibilizaci\u00f3n y reconocimiento de las luchas a favor de los derechos de la poblaci\u00f3n de la diversidad sexo gen\u00e9rica. Las postulaciones se pueden enviar hasta el lunes 07 de octubre de 2024.<\/p>\n<p><strong>Documentos<\/strong><\/p>\n\t\t\t\t\t\t\t\t<\/div>\n\t\t\t\t<\/div>\n\t\t<div class=\"elementor-element elementor-element-80cdaf7 e-con-full e-flex e-con e-child\" data-id=\"80cdaf7\" data-element_type=\"container\">\n\t\t<div class=\"elementor-element elementor-element-806d5b0 e-con-full e-flex e-con e-child\" data-id=\"806d5b0\" data-element_type=\"container\">\n\t\t<div class=\"elementor-element elementor-element-27fd124 e-con-full e-flex e-con e-child\" data-id=\"27fd124\" data-element_type=\"container\">\n\t\t\t\t<div class=\"elementor-element elementor-element-86dca64 elementor-view-default elementor-widget elementor-widget-icon\" data-id=\"86dca64\" data-element_type=\"widget\" data-widget_type=\"icon.default\">\n\t\t\t\t<div class=\"elementor-widget-container\">\n\t\t\t\t\t\t\t<div class=\"elementor-icon-wrapper\">\n\t\t\t<div class=\"elementor-icon\">\n\t\t\t<svg xmlns=\"http:\/\/www.w3.org\/2000\/svg\" viewBox=\"0 0 48 48\" width=\"48px\" height=\"48px\"><path fill=\"#e53935\" d=\"M38,42H10c-2.209,0-4-1.791-4-4V10c0-2.209,1.791-4,4-4h28c2.209,0,4,1.791,4,4v28 C42,40.209,40.209,42,38,42z\"><\/path><path fill=\"#fff\" d=\"M34.841,26.799c-1.692-1.757-6.314-1.041-7.42-0.911c-1.627-1.562-2.734-3.45-3.124-4.101 c0.586-1.757,0.976-3.515,1.041-5.402c0-1.627-0.651-3.385-2.473-3.385c-0.651,0-1.237,0.391-1.562,0.911 c-0.781,1.367-0.456,4.101,0.781,6.899c-0.716,2.018-1.367,3.97-3.189,7.42c-1.888,0.781-5.858,2.604-6.183,4.556 c-0.13,0.586,0.065,1.172,0.521,1.627C13.688,34.805,14.273,35,14.859,35c2.408,0,4.751-3.32,6.379-6.118 c1.367-0.456,3.515-1.107,5.663-1.497c2.538,2.213,4.751,2.538,5.923,2.538c1.562,0,2.148-0.651,2.343-1.237 C35.492,28.036,35.297,27.32,34.841,26.799z M33.214,27.905c-0.065,0.456-0.651,0.911-1.692,0.651 c-1.237-0.325-2.343-0.911-3.32-1.692c0.846-0.13,2.734-0.325,4.101-0.065C32.824,26.929,33.344,27.254,33.214,27.905z M22.344,14.497c0.13-0.195,0.325-0.325,0.521-0.325c0.586,0,0.716,0.716,0.716,1.302c-0.065,1.367-0.325,2.734-0.781,4.036 C21.824,16.905,22.019,15.083,22.344,14.497z M22.214,27.124c0.521-1.041,1.237-2.864,1.497-3.645 c0.586,0.976,1.562,2.148,2.083,2.669C25.794,26.213,23.776,26.604,22.214,27.124z M18.374,29.728 c-1.497,2.473-3.059,4.036-3.905,4.036c-0.13,0-0.26-0.065-0.391-0.13c-0.195-0.13-0.26-0.325-0.195-0.586 C14.078,32.136,15.77,30.899,18.374,29.728z\"><\/path><\/svg>\t\t\t<\/div>\n\t\t<\/div>\n\t\t\t\t\t\t<\/div>\n\t\t\t\t<\/div>\n\t\t\t\t<\/div>\n\t\t<div class=\"elementor-element elementor-element-0516914 e-flex e-con-boxed e-con e-child\" data-id=\"0516914\" data-element_type=\"container\">\n\t\t\t\t\t<div class=\"e-con-inner\">\n\t\t\t\t<div class=\"elementor-element elementor-element-a882165 elementor-widget elementor-widget-heading\" data-id=\"a882165\" data-element_type=\"widget\" data-widget_type=\"heading.default\">\n\t\t\t\t<div class=\"elementor-widget-container\">\n\t\t\t\t\t<h6 class=\"elementor-heading-title elementor-size-default\">Bases Premio Patricio Bravomalo<\/h6>\t\t\t\t<\/div>\n\t\t\t\t<\/div>\n\t\t\t\t\t<\/div>\n\t\t\t\t<\/div>\n\t\t<div class=\"elementor-element elementor-element-424739d e-flex e-con-boxed e-con e-child\" data-id=\"424739d\" data-element_type=\"container\">\n\t\t\t\t\t<div class=\"e-con-inner\">\n\t\t\t\t<div class=\"elementor-element elementor-element-274a8b9 elementor-widget-mobile__width-initial elementor-widget elementor-widget-button\" data-id=\"274a8b9\" data-element_type=\"widget\" data-widget_type=\"button.default\">\n\t\t\t\t<div class=\"elementor-widget-container\">\n\t\t\t\t\t\t\t\t\t<div class=\"elementor-button-wrapper\">\n\t\t\t\t\t<a class=\"elementor-button elementor-button-link elementor-size-sm\" href=\"https:\/\/inclusionsocial.quito.gob.ec\/wp-content\/uploads\/2024\/09\/Bases-Del-Premio-Patricio-Brabomalo.pdf\" target=\"_blank\">\n\t\t\t\t\t\t<span class=\"elementor-button-content-wrapper\">\n\t\t\t\t\t\t<span class=\"elementor-button-icon\">\n\t\t\t\t<svg aria-hidden=\"true\" class=\"e-font-icon-svg e-fas-download\" viewBox=\"0 0 512 512\" xmlns=\"http:\/\/www.w3.org\/2000\/svg\"><path d=\"M216 0h80c13.3 0 24 10.7 24 24v168h87.7c17.8 0 26.7 21.5 14.1 34.1L269.7 378.3c-7.5 7.5-19.8 7.5-27.3 0L90.1 226.1c-12.6-12.6-3.7-34.1 14.1-34.1H192V24c0-13.3 10.7-24 24-24zm296 376v112c0 13.3-10.7 24-24 24H24c-13.3 0-24-10.7-24-24V376c0-13.3 10.7-24 24-24h146.7l49 49c20.1 20.1 52.5 20.1 72.6 0l49-49H488c13.3 0 24 10.7 24 24zm-124 88c0-11-9-20-20-20s-20 9-20 20 9 20 20 20 20-9 20-20zm64 0c0-11-9-20-20-20s-20 9-20 20 9 20 20 20 20-9 20-20z\"><\/path><\/svg>\t\t\t<\/span>\n\t\t\t\t\t\t\t\t\t<span class=\"elementor-button-text\">Descargar<\/span>\n\t\t\t\t\t<\/span>\n\t\t\t\t\t<\/a>\n\t\t\t\t<\/div>\n\t\t\t\t\t\t\t\t<\/div>\n\t\t\t\t<\/div>\n\t\t\t\t\t<\/div>\n\t\t\t\t<\/div>\n\t\t\t\t<\/div>\n\t\t\t\t<\/div>\n\t\t<div class=\"elementor-element elementor-element-9761b9f e-con-full e-flex e-con e-child\" data-id=\"9761b9f\" data-element_type=\"container\">\n\t\t<div class=\"elementor-element elementor-element-ef54bf3 e-con-full e-flex e-con e-child\" data-id=\"ef54bf3\" data-element_type=\"container\">\n\t\t<div class=\"elementor-element elementor-element-91a347d e-con-full e-flex e-con e-child\" data-id=\"91a347d\" data-element_type=\"container\">\n\t\t\t\t<div class=\"elementor-element elementor-element-252184b elementor-view-default elementor-widget elementor-widget-icon\" data-id=\"252184b\" data-element_type=\"widget\" data-widget_type=\"icon.default\">\n\t\t\t\t<div class=\"elementor-widget-container\">\n\t\t\t\t\t\t\t<div class=\"elementor-icon-wrapper\">\n\t\t\t<div class=\"elementor-icon\">\n\t\t\t<svg xmlns=\"http:\/\/www.w3.org\/2000\/svg\" viewBox=\"0 0 48 48\" width=\"48px\" height=\"48px\"><path fill=\"#e53935\" d=\"M38,42H10c-2.209,0-4-1.791-4-4V10c0-2.209,1.791-4,4-4h28c2.209,0,4,1.791,4,4v28 C42,40.209,40.209,42,38,42z\"><\/path><path fill=\"#fff\" d=\"M34.841,26.799c-1.692-1.757-6.314-1.041-7.42-0.911c-1.627-1.562-2.734-3.45-3.124-4.101 c0.586-1.757,0.976-3.515,1.041-5.402c0-1.627-0.651-3.385-2.473-3.385c-0.651,0-1.237,0.391-1.562,0.911 c-0.781,1.367-0.456,4.101,0.781,6.899c-0.716,2.018-1.367,3.97-3.189,7.42c-1.888,0.781-5.858,2.604-6.183,4.556 c-0.13,0.586,0.065,1.172,0.521,1.627C13.688,34.805,14.273,35,14.859,35c2.408,0,4.751-3.32,6.379-6.118 c1.367-0.456,3.515-1.107,5.663-1.497c2.538,2.213,4.751,2.538,5.923,2.538c1.562,0,2.148-0.651,2.343-1.237 C35.492,28.036,35.297,27.32,34.841,26.799z M33.214,27.905c-0.065,0.456-0.651,0.911-1.692,0.651 c-1.237-0.325-2.343-0.911-3.32-1.692c0.846-0.13,2.734-0.325,4.101-0.065C32.824,26.929,33.344,27.254,33.214,27.905z M22.344,14.497c0.13-0.195,0.325-0.325,0.521-0.325c0.586,0,0.716,0.716,0.716,1.302c-0.065,1.367-0.325,2.734-0.781,4.036 C21.824,16.905,22.019,15.083,22.344,14.497z M22.214,27.124c0.521-1.041,1.237-2.864,1.497-3.645 c0.586,0.976,1.562,2.148,2.083,2.669C25.794,26.213,23.776,26.604,22.214,27.124z M18.374,29.728 c-1.497,2.473-3.059,4.036-3.905,4.036c-0.13,0-0.26-0.065-0.391-0.13c-0.195-0.13-0.26-0.325-0.195-0.586 C14.078,32.136,15.77,30.899,18.374,29.728z\"><\/path><\/svg>\t\t\t<\/div>\n\t\t<\/div>\n\t\t\t\t\t\t<\/div>\n\t\t\t\t<\/div>\n\t\t\t\t<\/div>\n\t\t<div class=\"elementor-element elementor-element-e79d5ca e-flex e-con-boxed e-con e-child\" data-id=\"e79d5ca\" data-element_type=\"container\">\n\t\t\t\t\t<div class=\"e-con-inner\">\n\t\t\t\t<div class=\"elementor-element elementor-element-32ea89e elementor-widget elementor-widget-heading\" data-id=\"32ea89e\" data-element_type=\"widget\" data-widget_type=\"heading.default\">\n\t\t\t\t<div class=\"elementor-widget-container\">\n\t\t\t\t\t<h6 class=\"elementor-heading-title elementor-size-default\">Formulario de participaci\u00f3n del Premio Patricio Bravomalo<\/h6>\t\t\t\t<\/div>\n\t\t\t\t<\/div>\n\t\t\t\t\t<\/div>\n\t\t\t\t<\/div>\n\t\t<div class=\"elementor-element elementor-element-034fe7a e-flex e-con-boxed e-con e-child\" data-id=\"034fe7a\" data-element_type=\"container\">\n\t\t\t\t\t<div class=\"e-con-inner\">\n\t\t\t\t<div class=\"elementor-element elementor-element-b735c50 elementor-widget-mobile__width-initial elementor-widget elementor-widget-button\" data-id=\"b735c50\" data-element_type=\"widget\" data-widget_type=\"button.default\">\n\t\t\t\t<div class=\"elementor-widget-container\">\n\t\t\t\t\t\t\t\t\t<div class=\"elementor-button-wrapper\">\n\t\t\t\t\t<a class=\"elementor-button elementor-button-link elementor-size-sm\" href=\"https:\/\/inclusionsocial.quito.gob.ec\/wp-content\/uploads\/2024\/09\/Anexo-1-Formulario-De-Postulacion-Premio-Patricio-Brabomalo.docx\" target=\"_blank\">\n\t\t\t\t\t\t<span class=\"elementor-button-content-wrapper\">\n\t\t\t\t\t\t<span class=\"elementor-button-icon\">\n\t\t\t\t<svg aria-hidden=\"true\" class=\"e-font-icon-svg e-fas-download\" viewBox=\"0 0 512 512\" xmlns=\"http:\/\/www.w3.org\/2000\/svg\"><path d=\"M216 0h80c13.3 0 24 10.7 24 24v168h87.7c17.8 0 26.7 21.5 14.1 34.1L269.7 378.3c-7.5 7.5-19.8 7.5-27.3 0L90.1 226.1c-12.6-12.6-3.7-34.1 14.1-34.1H192V24c0-13.3 10.7-24 24-24zm296 376v112c0 13.3-10.7 24-24 24H24c-13.3 0-24-10.7-24-24V376c0-13.3 10.7-24 24-24h146.7l49 49c20.1 20.1 52.5 20.1 72.6 0l49-49H488c13.3 0 24 10.7 24 24zm-124 88c0-11-9-20-20-20s-20 9-20 20 9 20 20 20 20-9 20-20zm64 0c0-11-9-20-20-20s-20 9-20 20 9 20 20 20 20-9 20-20z\"><\/path><\/svg>\t\t\t<\/span>\n\t\t\t\t\t\t\t\t\t<span class=\"elementor-button-text\">Descargar<\/span>\n\t\t\t\t\t<\/span>\n\t\t\t\t\t<\/a>\n\t\t\t\t<\/div>\n\t\t\t\t\t\t\t\t<\/div>\n\t\t\t\t<\/div>\n\t\t\t\t\t<\/div>\n\t\t\t\t<\/div>\n\t\t\t\t<\/div>\n\t\t\t\t<\/div>\n\t\t\t\t\t<\/div>\n\t\t\t\t<\/div>\n\t\t\t\t<\/div>\n\t\t","protected":false},"excerpt":{"rendered":"<p>Patricio Brabomalo Molina nace el 7 de septiembre de 1977. Fue un joven activista por los derechos humanos que dejo [&hellip;]<\/p>\n","protected":false},"author":5,"featured_media":0,"parent":0,"menu_order":0,"comment_status":"closed","ping_status":"closed","template":"","meta":{"site-sidebar-layout":"default","site-content-layout":"","ast-site-content-layout":"default","site-content-style":"default","site-sidebar-style":"default","ast-global-header-display":"","ast-banner-title-visibility":"","ast-main-header-display":"","ast-hfb-above-header-display":"","ast-hfb-below-header-display":"","ast-hfb-mobile-header-display":"","site-post-title":"","ast-breadcrumbs-content":"","ast-featured-img":"","footer-sml-layout":"","ast-disable-related-posts":"","theme-transparent-header-meta":"","adv-header-id-meta":"","stick-header-meta":"","header-above-stick-meta":"","header-main-stick-meta":"","header-below-stick-meta":"","astra-migrate-meta-layouts":"default","ast-page-background-enabled":"default","ast-page-background-meta":{"desktop":{"background-color":"var(--ast-global-color-4)","background-image":"","background-repeat":"repeat","background-position":"center center","background-size":"auto","background-attachment":"scroll","background-type":"","background-media":"","overlay-type":"","overlay-color":"","overlay-opacity":"","overlay-gradient":""},"tablet":{"background-color":"","background-image":"","background-repeat":"repeat","background-position":"center center","background-size":"auto","background-attachment":"scroll","background-type":"","background-media":"","overlay-type":"","overlay-color":"","overlay-opacity":"","overlay-gradient":""},"mobile":{"background-color":"","background-image":"","background-repeat":"repeat","background-position":"center center","background-size":"auto","background-attachment":"scroll","background-type":"","background-media":"","overlay-type":"","overlay-color":"","overlay-opacity":"","overlay-gradient":""}},"ast-content-background-meta":{"desktop":{"background-color":"var(--ast-global-color-5)","background-image":"","background-repeat":"repeat","background-position":"center center","background-size":"auto","background-attachment":"scroll","background-type":"","background-media":"","overlay-type":"","overlay-color":"","overlay-opacity":"","overlay-gradient":""},"tablet":{"background-color":"var(--ast-global-color-5)","background-image":"","background-repeat":"repeat","background-position":"center center","background-size":"auto","background-attachment":"scroll","background-type":"","background-media":"","overlay-type":"","overlay-color":"","overlay-opacity":"","overlay-gradient":""},"mobile":{"background-color":"var(--ast-global-color-5)","background-image":"","background-repeat":"repeat","background-position":"center center","background-size":"auto","background-attachment":"scroll","background-type":"","background-media":"","overlay-type":"","overlay-color":"","overlay-opacity":"","overlay-gradient":""}},"footnotes":""},"class_list":["post-8551","page","type-page","status-publish","hentry"],"yoast_head":"<!-- This site is optimized with the Yoast SEO plugin v26.8 - https:\/\/yoast.com\/product\/yoast-seo-wordpress\/ -->\n<title>Premio Patricio Brabomalo - Municipio de Quito<\/title>\n<meta name=\"robots\" content=\"index, follow, max-snippet:-1, max-image-preview:large, max-video-preview:-1\" \/>\n<link rel=\"canonical\" href=\"https:\/\/www.quito.gob.ec\/?page_id=8551\" \/>\n<meta property=\"og:locale\" content=\"es_ES\" \/>\n<meta property=\"og:type\" content=\"article\" \/>\n<meta property=\"og:title\" content=\"Premio Patricio Brabomalo - Municipio de Quito\" \/>\n<meta property=\"og:description\" content=\"Patricio Brabomalo Molina nace el 7 de septiembre de 1977. Fue un joven activista por los derechos humanos que dejo [&hellip;]\" \/>\n<meta property=\"og:url\" content=\"https:\/\/www.quito.gob.ec\/?page_id=8551\" \/>\n<meta property=\"og:site_name\" content=\"Municipio de Quito\" \/>\n<meta property=\"article:modified_time\" content=\"2024-09-27T22:56:15+00:00\" \/>\n<meta property=\"og:image\" content=\"https:\/\/inclusionsocial.quito.gob.ec\/wp-content\/uploads\/2024\/09\/Premio-Patricio-Brabomalo-1-1024x682.jpeg\" \/>\n<meta name=\"twitter:card\" content=\"summary_large_image\" \/>\n<meta name=\"twitter:label1\" content=\"Tiempo de lectura\" \/>\n\t<meta name=\"twitter:data1\" content=\"3 minutos\" \/>\n<script type=\"application\/ld+json\" class=\"yoast-schema-graph\">{\"@context\":\"https:\/\/schema.org\",\"@graph\":[{\"@type\":\"WebPage\",\"@id\":\"https:\/\/www.quito.gob.ec\/?page_id=8551\",\"url\":\"https:\/\/www.quito.gob.ec\/?page_id=8551\",\"name\":\"Premio Patricio Brabomalo - Municipio de Quito\",\"isPartOf\":{\"@id\":\"https:\/\/www.quito.gob.ec\/#website\"},\"primaryImageOfPage\":{\"@id\":\"https:\/\/www.quito.gob.ec\/?page_id=8551#primaryimage\"},\"image\":{\"@id\":\"https:\/\/www.quito.gob.ec\/?page_id=8551#primaryimage\"},\"thumbnailUrl\":\"https:\/\/inclusionsocial.quito.gob.ec\/wp-content\/uploads\/2024\/09\/Premio-Patricio-Brabomalo-1-1024x682.jpeg\",\"datePublished\":\"2024-09-26T22:01:45+00:00\",\"dateModified\":\"2024-09-27T22:56:15+00:00\",\"breadcrumb\":{\"@id\":\"https:\/\/www.quito.gob.ec\/?page_id=8551#breadcrumb\"},\"inLanguage\":\"es\",\"potentialAction\":[{\"@type\":\"ReadAction\",\"target\":[\"https:\/\/www.quito.gob.ec\/?page_id=8551\"]}]},{\"@type\":\"ImageObject\",\"inLanguage\":\"es\",\"@id\":\"https:\/\/www.quito.gob.ec\/?page_id=8551#primaryimage\",\"url\":\"https:\/\/inclusionsocial.quito.gob.ec\/wp-content\/uploads\/2024\/09\/Premio-Patricio-Brabomalo-1-1024x682.jpeg\",\"contentUrl\":\"https:\/\/inclusionsocial.quito.gob.ec\/wp-content\/uploads\/2024\/09\/Premio-Patricio-Brabomalo-1-1024x682.jpeg\"},{\"@type\":\"BreadcrumbList\",\"@id\":\"https:\/\/www.quito.gob.ec\/?page_id=8551#breadcrumb\",\"itemListElement\":[{\"@type\":\"ListItem\",\"position\":1,\"name\":\"Portada\",\"item\":\"https:\/\/www.quito.gob.ec\/\"},{\"@type\":\"ListItem\",\"position\":2,\"name\":\"Premio Patricio Brabomalo\"}]},{\"@type\":\"WebSite\",\"@id\":\"https:\/\/www.quito.gob.ec\/#website\",\"url\":\"https:\/\/www.quito.gob.ec\/\",\"name\":\"Municipio de Quito\",\"description\":\"\",\"publisher\":{\"@id\":\"https:\/\/www.quito.gob.ec\/#organization\"},\"potentialAction\":[{\"@type\":\"SearchAction\",\"target\":{\"@type\":\"EntryPoint\",\"urlTemplate\":\"https:\/\/www.quito.gob.ec\/?s={search_term_string}\"},\"query-input\":{\"@type\":\"PropertyValueSpecification\",\"valueRequired\":true,\"valueName\":\"search_term_string\"}}],\"inLanguage\":\"es\"},{\"@type\":\"Organization\",\"@id\":\"https:\/\/www.quito.gob.ec\/#organization\",\"name\":\"Municipio de Quito\",\"url\":\"https:\/\/www.quito.gob.ec\/\",\"logo\":{\"@type\":\"ImageObject\",\"inLanguage\":\"es\",\"@id\":\"https:\/\/www.quito.gob.ec\/#\/schema\/logo\/image\/\",\"url\":\"https:\/\/www.quito.gob.ec\/wp-content\/uploads\/2024\/01\/LOGO_ALCALDIA_QUITO-23.svg\",\"contentUrl\":\"https:\/\/www.quito.gob.ec\/wp-content\/uploads\/2024\/01\/LOGO_ALCALDIA_QUITO-23.svg\",\"caption\":\"Municipio de Quito\"},\"image\":{\"@id\":\"https:\/\/www.quito.gob.ec\/#\/schema\/logo\/image\/\"}}]}<\/script>\n<!-- \/ Yoast SEO plugin. -->","yoast_head_json":{"title":"Premio Patricio Brabomalo - Municipio de Quito","robots":{"index":"index","follow":"follow","max-snippet":"max-snippet:-1","max-image-preview":"max-image-preview:large","max-video-preview":"max-video-preview:-1"},"canonical":"https:\/\/www.quito.gob.ec\/?page_id=8551","og_locale":"es_ES","og_type":"article","og_title":"Premio Patricio Brabomalo - Municipio de Quito","og_description":"Patricio Brabomalo Molina nace el 7 de septiembre de 1977. Fue un joven activista por los derechos humanos que dejo [&hellip;]","og_url":"https:\/\/www.quito.gob.ec\/?page_id=8551","og_site_name":"Municipio de Quito","article_modified_time":"2024-09-27T22:56:15+00:00","og_image":[{"url":"https:\/\/inclusionsocial.quito.gob.ec\/wp-content\/uploads\/2024\/09\/Premio-Patricio-Brabomalo-1-1024x682.jpeg","type":"","width":"","height":""}],"twitter_card":"summary_large_image","twitter_misc":{"Tiempo de lectura":"3 minutos"},"schema":{"@context":"https:\/\/schema.org","@graph":[{"@type":"WebPage","@id":"https:\/\/www.quito.gob.ec\/?page_id=8551","url":"https:\/\/www.quito.gob.ec\/?page_id=8551","name":"Premio Patricio Brabomalo - Municipio de Quito","isPartOf":{"@id":"https:\/\/www.quito.gob.ec\/#website"},"primaryImageOfPage":{"@id":"https:\/\/www.quito.gob.ec\/?page_id=8551#primaryimage"},"image":{"@id":"https:\/\/www.quito.gob.ec\/?page_id=8551#primaryimage"},"thumbnailUrl":"https:\/\/inclusionsocial.quito.gob.ec\/wp-content\/uploads\/2024\/09\/Premio-Patricio-Brabomalo-1-1024x682.jpeg","datePublished":"2024-09-26T22:01:45+00:00","dateModified":"2024-09-27T22:56:15+00:00","breadcrumb":{"@id":"https:\/\/www.quito.gob.ec\/?page_id=8551#breadcrumb"},"inLanguage":"es","potentialAction":[{"@type":"ReadAction","target":["https:\/\/www.quito.gob.ec\/?page_id=8551"]}]},{"@type":"ImageObject","inLanguage":"es","@id":"https:\/\/www.quito.gob.ec\/?page_id=8551#primaryimage","url":"https:\/\/inclusionsocial.quito.gob.ec\/wp-content\/uploads\/2024\/09\/Premio-Patricio-Brabomalo-1-1024x682.jpeg","contentUrl":"https:\/\/inclusionsocial.quito.gob.ec\/wp-content\/uploads\/2024\/09\/Premio-Patricio-Brabomalo-1-1024x682.jpeg"},{"@type":"BreadcrumbList","@id":"https:\/\/www.quito.gob.ec\/?page_id=8551#breadcrumb","itemListElement":[{"@type":"ListItem","position":1,"name":"Portada","item":"https:\/\/www.quito.gob.ec\/"},{"@type":"ListItem","position":2,"name":"Premio Patricio Brabomalo"}]},{"@type":"WebSite","@id":"https:\/\/www.quito.gob.ec\/#website","url":"https:\/\/www.quito.gob.ec\/","name":"Municipio de Quito","description":"","publisher":{"@id":"https:\/\/www.quito.gob.ec\/#organization"},"potentialAction":[{"@type":"SearchAction","target":{"@type":"EntryPoint","urlTemplate":"https:\/\/www.quito.gob.ec\/?s={search_term_string}"},"query-input":{"@type":"PropertyValueSpecification","valueRequired":true,"valueName":"search_term_string"}}],"inLanguage":"es"},{"@type":"Organization","@id":"https:\/\/www.quito.gob.ec\/#organization","name":"Municipio de Quito","url":"https:\/\/www.quito.gob.ec\/","logo":{"@type":"ImageObject","inLanguage":"es","@id":"https:\/\/www.quito.gob.ec\/#\/schema\/logo\/image\/","url":"https:\/\/www.quito.gob.ec\/wp-content\/uploads\/2024\/01\/LOGO_ALCALDIA_QUITO-23.svg","contentUrl":"https:\/\/www.quito.gob.ec\/wp-content\/uploads\/2024\/01\/LOGO_ALCALDIA_QUITO-23.svg","caption":"Municipio de Quito"},"image":{"@id":"https:\/\/www.quito.gob.ec\/#\/schema\/logo\/image\/"}}]}},"_links":{"self":[{"href":"https:\/\/www.quito.gob.ec\/index.php?rest_route=\/wp\/v2\/pages\/8551","targetHints":{"allow":["GET"]}}],"collection":[{"href":"https:\/\/www.quito.gob.ec\/index.php?rest_route=\/wp\/v2\/pages"}],"about":[{"href":"https:\/\/www.quito.gob.ec\/index.php?rest_route=\/wp\/v2\/types\/page"}],"author":[{"embeddable":true,"href":"https:\/\/www.quito.gob.ec\/index.php?rest_route=\/wp\/v2\/users\/5"}],"replies":[{"embeddable":true,"href":"https:\/\/www.quito.gob.ec\/index.php?rest_route=%2Fwp%2Fv2%2Fcomments&post=8551"}],"version-history":[{"count":6,"href":"https:\/\/www.quito.gob.ec\/index.php?rest_route=\/wp\/v2\/pages\/8551\/revisions"}],"predecessor-version":[{"id":8585,"href":"https:\/\/www.quito.gob.ec\/index.php?rest_route=\/wp\/v2\/pages\/8551\/revisions\/8585"}],"wp:attachment":[{"href":"https:\/\/www.quito.gob.ec\/index.php?rest_route=%2Fwp%2Fv2%2Fmedia&parent=8551"}],"curies":[{"name":"wp","href":"https:\/\/api.w.org\/{rel}","templated":true}]}}