{"id":9381,"date":"2024-11-12T17:19:01","date_gmt":"2024-11-12T22:19:01","guid":{"rendered":"https:\/\/www.quito.gob.ec\/?page_id=9381"},"modified":"2024-11-12T17:22:45","modified_gmt":"2024-11-12T22:22:45","slug":"la-ciudad-que-sonamos","status":"publish","type":"page","link":"https:\/\/www.quito.gob.ec\/?page_id=9381","title":{"rendered":"La ciudad que so\u00f1amos"},"content":{"rendered":"\t\t<div data-elementor-type=\"wp-page\" data-elementor-id=\"9381\" class=\"elementor elementor-9381\" data-elementor-post-type=\"page\">\n\t\t\t\t<div class=\"elementor-element elementor-element-f52f8fc e-flex e-con-boxed e-con e-parent\" data-id=\"f52f8fc\" data-element_type=\"container\">\n\t\t\t\t\t<div class=\"e-con-inner\">\n\t\t\t\t<div class=\"elementor-element elementor-element-52e6466 elementor-widget elementor-widget-shortcode\" data-id=\"52e6466\" data-element_type=\"widget\" data-widget_type=\"shortcode.default\">\n\t\t\t\t<div class=\"elementor-widget-container\">\n\t\t\t\t\t\t\t<div class=\"elementor-shortcode\">\t\t\t<!-- Flexy Breadcrumb -->\r\n\t\t\t<div class=\"fbc fbc-page\">\r\n\r\n\t\t\t\t<!-- Breadcrumb wrapper -->\r\n\t\t\t\t<div class=\"fbc-wrap\">\r\n\r\n\t\t\t\t\t<!-- Ordered list-->\r\n\t\t\t\t\t<ol class=\"fbc-items\" itemscope itemtype=\"https:\/\/schema.org\/BreadcrumbList\">\r\n\t\t\t\t\t\t            <li itemprop=\"itemListElement\" itemscope itemtype=\"https:\/\/schema.org\/ListItem\">\r\n                <span itemprop=\"name\">\r\n                    <!-- Home Link -->\r\n                    <a itemprop=\"item\" href=\"https:\/\/www.quito.gob.ec\">\r\n                    \r\n                                                    <i class=\"fa fa-home\" aria-hidden=\"true\"><\/i>Inicio                    <\/a>\r\n                <\/span>\r\n                <meta itemprop=\"position\" content=\"1\" \/><!-- Meta Position-->\r\n             <\/li><li><span class=\"fbc-separator\">\/<\/span><\/li><li class=\"active\" itemprop=\"itemListElement\" itemscope itemtype=\"https:\/\/schema.org\/ListItem\"><span itemprop=\"name\" title=\"La ciudad que so\u00f1amos\">La ciudad que so\u00f1amos<\/span><meta itemprop=\"position\" content=\"2\" \/><\/li>\t\t\t\t\t<\/ol>\r\n\t\t\t\t\t<div class=\"clearfix\"><\/div>\r\n\t\t\t\t<\/div>\r\n\t\t\t<\/div>\r\n\t\t\t<\/div>\n\t\t\t\t\t\t<\/div>\n\t\t\t\t<\/div>\n\t\t\t\t\t<\/div>\n\t\t\t\t<\/div>\n\t\t<div class=\"elementor-element elementor-element-078fa96 e-flex e-con-boxed e-con e-parent\" data-id=\"078fa96\" data-element_type=\"container\">\n\t\t\t\t\t<div class=\"e-con-inner\">\n\t\t<div class=\"elementor-element elementor-element-a4d6553 e-flex e-con-boxed e-con e-child\" data-id=\"a4d6553\" data-element_type=\"container\">\n\t\t\t\t\t<div class=\"e-con-inner\">\n\t\t<div class=\"elementor-element elementor-element-dd0e150 e-con-full e-flex e-con e-child\" data-id=\"dd0e150\" data-element_type=\"container\">\n\t\t\t\t<div class=\"elementor-element elementor-element-bc49749 elementor-view-default elementor-widget elementor-widget-icon\" data-id=\"bc49749\" data-element_type=\"widget\" data-widget_type=\"icon.default\">\n\t\t\t\t<div class=\"elementor-widget-container\">\n\t\t\t\t\t\t\t<div class=\"elementor-icon-wrapper\">\n\t\t\t<div class=\"elementor-icon\">\n\t\t\t<svg xmlns=\"http:\/\/www.w3.org\/2000\/svg\" xmlns:xlink=\"http:\/\/www.w3.org\/1999\/xlink\" id=\"Capa_1\" x=\"0px\" y=\"0px\" width=\"595.281px\" height=\"841.891px\" viewBox=\"0 0 595.281 841.891\" xml:space=\"preserve\"><path fill=\"#FCFCFC\" d=\"M129.282,431.108v177.359c-22.426,1.35-43.902-19.451-44.453-43.229c-0.3-12.801-0.05-25.626-0.05-38.752 H66.854c0,2.2-0.05,4.551,0,6.875c0.25,13.228-0.6,26.577,1.025,39.604c3.25,25.876,21.626,45.302,47.002,51.553 c10.625,2.6,21.351,4.825,32.202,7.25v19.751c-18.701-0.825-37.352,2.025-55.678-2.625c-35.227-8.977-60.103-40.979-60.378-77.429 c-0.425-59.153,24.727-103.48,76.829-132.008c5.85-3.199,12.275-5.301,18.476-7.851c0.8-0.325,1.775-0.3,2.9-0.475L129.282,431.108z \"><\/path><path fill=\"#FCFCFC\" d=\"M219.286,669.77c17.326-3.3,26.801-13.351,26.501-27.951c-0.3-14.001-10.301-24.076-26.477-26.427V430.884 c16.651,5.175,31.377,13.25,44.752,23.826c13.426,10.625,24.551,23.325,33.227,38.102c1,1.7,2.075,3.726,2.1,5.601 c0.15,21.026,0.101,42.077,0.101,63.104c-0.5,0.273-1,0.523-1.5,0.8c-1-1.5-2.325-2.875-3-4.5 c-9.801-24.327-19.501-48.678-29.252-73.029c-0.825-2.05-1.725-4.074-2.8-6.574c-5.476,2.175-10.726,4.25-16.476,6.551 c10.301,25.801,20.401,51.103,30.777,77.054h-32.677c1.25,15.852,5.475,30.026,15,42.202c3.075,3.925,4.275,7.75,4.226,12.676 c-0.225,23.251-0.1,46.527-0.1,70.178H219.26v-17.074L219.286,669.77z\"><\/path><path fill=\"#FCFCFC\" d=\"M478.025,454.309h-53.152v-35.327h-71.379v-89.403h124.531V454.309L478.025,454.309z M460.074,400.782 v-17.401h-17.002v17.401H460.074z M424.521,383.281h-17.325v17.227h17.325V383.281z M388.695,383.305H371.42v17.176h17.275V383.305z  M442.898,364.804h17.301v-17.2h-17.301V364.804z M407.146,347.454v17.301h17.201v-17.301H407.146z M388.519,364.905v-17.4h-17.125 v17.4H388.519z M442.898,419.033v17.375h17.274v-17.375H442.898z\"><\/path><path fill=\"#FCFCFC\" d=\"M120.781,293.651h106.23c0.325,0.426,0.75,0.7,0.75,1c0.05,21.251,0.475,42.502-0.05,63.753 c-0.325,13.276-11.925,24.228-25.301,24.478c-18.826,0.35-37.652,0.35-56.478,0c-12.701-0.25-24.352-10.25-24.876-22.978 c-0.9-21.899-0.25-43.877-0.25-66.228L120.781,293.651z\"><\/path><path fill=\"#FCFCFC\" d=\"M317.666,561.59V436.959h88.779V561.59H317.666z M388.746,455.01h-17.228v88.729h17.228V455.01z  M335.667,454.835v88.778h17.225v-88.778H335.667L335.667,454.835z\"><\/path><path fill=\"#FCFCFC\" d=\"M266.364,580.04h280.538c-0.648,1.775-1.023,3.325-1.75,4.727c-10.125,19.251-26.076,29.826-47.802,30.727 c-14.502,0.601-29.077,0.25-43.604,0c-1.824-0.024-4.299-1.699-5.275-3.324c-5.649-9.451-13.75-14.376-24.774-14.401 c-11.375,0-22.728-0.074-34.103,0c-10.801,0.075-18.801,5.001-24.252,14.301c-0.824,1.4-2.375,3.426-3.574,3.426 c-18.426-0.175-37.053,0.95-55.202-1.476c-19.126-2.55-32.052-15.251-40.203-33.951L266.364,580.04L266.364,580.04z\"><\/path><path fill=\"#FCFCFC\" d=\"M200.885,597.741c-5.275,0-9.926,0.351-14.526-0.074c-12.375-1.125-21.601,4.351-29.176,13.399 c-2.775,3.325-5.726,4.525-9.826,1.625c0-29.977,0-60.178,0.05-90.354c0-1.2,0.475-2.601,1.225-3.551 c8.3-10.501,16.701-20.926,25.576-32.002c8.875,11.102,17.451,21.776,25.926,32.553c0.7,0.899,0.85,2.426,0.875,3.649 c0.025,24.801,0,49.577-0.05,74.379c0,0.351-0.2,0.7-0.1,0.351L200.885,597.741z\"><\/path><path fill=\"#FCFCFC\" d=\"M425.146,472.711h70.88v88.778h-70.88V472.711z M478.099,507.987v-17.251h-35.026v17.251H478.099z  M442.847,543.614h35.277v-17.101h-35.277V543.614z\"><\/path><path fill=\"#FCFCFC\" d=\"M289.84,248.524v17.251H75.829v-17.251H289.84z\"><\/path><path fill=\"#FCFCFC\" d=\"M87.179,239.424c2.575-27.651,30.852-59.203,59.803-66.528v66.528H87.179z\"><\/path><path fill=\"#FCFCFC\" d=\"M261.413,239.624H201.51V173.07C228.487,178.245,257.088,209.747,261.413,239.624z\"><\/path><path fill=\"#FCFCFC\" d=\"M317.117,686.995h-35.152v-61.353c11.375,3.05,23.002,6.175,35.152,9.45V686.995L317.117,686.995z\"><\/path><path fill=\"#FCFCFC\" d=\"M174.209,456.284c-8.551-12.801-16.626-24.575-24.227-36.678c-1.15-1.825-0.5-5.25,0.25-7.649 c3.5-11.102,3.601-11.075,15.251-11.075c8.175,0,16.351,0.2,24.526-0.101c3.675-0.125,4.8,1.476,6.275,4.551 c4.075,8.426,3,15.301-2.925,22.7C186.459,436.658,180.859,446.334,174.209,456.284L174.209,456.284z\"><\/path><path fill=\"#FCFCFC\" d=\"M165.283,651.444c0-7.475-0.15-14.175,0.05-20.851c0.125-4.5,11.476-14.552,16.476-14.927 c16.576-1.199,18.501,0.45,19.526,17.876c5.25,0,10.575-0.05,15.9,0c6.576,0.075,10.601,3.476,10.626,8.875 c0.025,5.4-4,8.951-10.551,8.977c-17.126,0.05-34.227,0-52.028,0L165.283,651.444L165.283,651.444z\"><\/path><path fill=\"#FCFCFC\" d=\"M406.945,615.668c5.774,0,11.551-0.125,17.303,0.05c6.1,0.175,9.5,3.976,9.4,10.075 c-0.201,13.95-12.777,25.826-27.179,25.65c-14.125-0.175-26.375-12.125-26.451-25.826c-0.024-6.05,3.427-9.75,9.576-9.925 c5.775-0.149,11.551-0.024,17.301-0.024H406.945z\"><\/path><path fill=\"#FCFCFC\" d=\"M165.658,168.67h17.101v70.729h-17.101V168.67L165.658,168.67z\"><\/path><path fill=\"#FCFCFC\" d=\"M200.76,686.971h-52.953V669.67h52.953V686.971z\"><\/path><path fill=\"#FCFCFC\" d=\"M84.779,686.896c0-6.525,0-12.476,0-18.4c0-0.726,0.175-1.449,0.175-1.524 c14.701,1.075,29.227,2.125,44.152,3.225v16.728H84.754L84.779,686.896z\"><\/path><path fill=\"#FCFCFC\" d=\"M246.038,355.729v-35.077c10.351,0.427,17.801,8.076,17.651,17.928c-0.175,9.6-7.726,17.051-17.651,17.176 V355.729z\"><\/path><path fill=\"#FCFCFC\" d=\"M102.23,355.854c-10.1-0.524-17.375-7.851-17.451-17.451c-0.075-9.649,6.775-16.824,17.451-17.876V355.854z\"><\/path><path fill=\"#FCFCFC\" d=\"M147.632,491.411V448.76c5.625,8.425,10.476,15.676,15.501,23.201 C158.208,478.111,153.383,484.186,147.632,491.411z\"><\/path><path fill=\"#FCFCFC\" d=\"M200.735,491.212c-5.5-6.876-10.326-12.901-15.401-19.228c4.925-7.375,9.775-14.676,15.401-23.126V491.212 L200.735,491.212z\"><\/path><path fill=\"#FCFCFC\" d=\"M246.038,301.651v-7.75h17.276v12.501C257.738,304.877,252.013,303.302,246.038,301.651z\"><\/path><path fill=\"#FCFCFC\" d=\"M102.405,301.651c-5.976,1.677-11.576,3.227-17.376,4.852v-12.7h17.376V301.651z\"><\/path><path fill=\"#28367F\" d=\"M502.675,448.109h18.103v106.905c0.549,0.25,1.073,0.476,1.625,0.726c1-1.574,2.25-3.051,2.926-4.751 c10.024-24.851,19.975-49.728,29.951-74.604c0.549-1.375,1.1-2.726,1.924-4.75c5.426,2.125,10.676,4.149,16.576,6.45 c-10.302,25.825-20.451,51.276-30.853,77.379h32.502c-1.823,38.227-28.774,65.429-61.026,70.129 c-12.252,1.773-24.902,1.023-37.354,1.3c-6.5,0.15-13.024,0.025-19.375,0.025c-9.301,24.575-24.051,36.15-45.276,35.775 c-20.201-0.35-35.378-12.801-43.027-35.525h-27.252v70.979H73.404c0-13.626-0.15-27.177,0.1-40.702 c0.075-4.024-1.15-6.101-4.675-8.274c-31.327-19.126-48.428-47.104-48.928-83.854c-0.9-66.253,27.577-116.081,85.93-148.157 c7.45-4.101,15.525-7.525,23.726-9.601c8.4-2.126,11.201-7.251,11.976-15.126c-12.25-4.125-21.776-11.626-27.876-23.326 c-0.525-1.024-2.725-1.551-4.2-1.625c-22.001-1.199-36.002-15.926-36.052-38.077c-0.025-13.976,0-27.927,0-41.802 c-14.326-4.126-17.901-8.9-17.901-23.577c0-3.175,0-6.35,0-9.5c0-13.575,5.525-19.9,19.251-21.676 c0.85-3.376,1.625-6.95,2.625-10.476c13.5-48.527,56.653-79.979,107.831-78.579c48.228,1.3,89.83,36.252,100.355,84.529 c0.75,3.5,1.825,4.75,5.45,5.25c8.801,1.25,14.702,8.524,14.975,17.551c0.125,4.274,0.024,8.575,0.024,12.851 c0,14.751-3.625,19.576-17.899,23.603c0,14.051,0.05,28.2,0,42.352c-0.075,21.651-14.301,36.377-36.027,37.577 c-1.55,0.075-3.675,0.9-4.5,2.075c-10.025,14.476-10.5,14.951-27.601,23.201c0.875,7.426,3.65,12.2,11.976,14.7 c26.976,8.102,49.652,23.478,68.627,44.302c1.478,1.626,2.951,3.227,5.301,5.751v-45.228h35.703V304.851h35.875v-35.477h17.777 v34.927h17.975v-52.928h17.777v53.003h17.975v-35.002h17.978v35.227h35.678v143.458L502.675,448.109z M135.832,424.508 c-1.125,0.176-2.1,0.149-2.9,0.476c-6.175,2.55-12.625,4.65-18.476,7.852c-52.103,28.525-77.254,72.854-76.829,132.007 c0.275,36.477,25.151,68.478,60.378,77.429c18.301,4.675,36.952,1.8,55.678,2.625v-19.751c-10.875-2.425-21.576-4.65-32.202-7.25 c-25.401-6.226-43.752-25.677-47.002-51.553c-1.65-13.051-0.775-26.401-1.025-39.604c-0.05-2.325,0-4.649,0-6.875H91.38 c0,13.126-0.25,25.951,0.05,38.752c0.55,23.776,22.001,44.577,44.452,43.229V424.483L135.832,424.508z M225.836,663.17v17.075 h44.427c0-23.65-0.125-46.901,0.1-70.179c0.05-4.925-1.15-8.75-4.225-12.676c-9.525-12.175-13.776-26.352-15.001-42.202h32.677 c-10.351-25.951-20.476-51.277-30.776-77.054c5.75-2.275,11-4.375,16.476-6.551c1.075,2.5,1.975,4.525,2.8,6.575 c9.75,24.352,19.451,48.702,29.252,73.028c0.649,1.65,1.975,3,3,4.5c0.5-0.274,1-0.524,1.5-0.8c0-21.026,0.049-42.077-0.101-63.104 c0-1.875-1.102-3.898-2.102-5.6c-8.7-14.776-19.8-27.478-33.226-38.104c-13.375-10.574-28.102-18.649-44.752-23.825v184.51 c16.176,2.35,26.176,12.426,26.476,26.427c0.325,14.601-9.175,24.65-26.501,27.951L225.836,663.17z M484.574,447.709V322.977 H360.042v89.405h71.379v35.325h53.153V447.709z M127.307,287.051c0,22.376-0.65,44.327,0.25,66.229 c0.525,12.701,12.201,22.728,24.876,22.978c18.826,0.375,37.652,0.375,56.478,0c13.351-0.25,24.976-11.201,25.301-24.478 c0.525-21.226,0.1-42.502,0.05-63.753c0-0.274-0.425-0.574-0.75-1h-106.23L127.307,287.051z M324.191,554.99h88.778V430.358h-88.778 V554.99z M272.914,573.466c8.125,18.701,21.076,31.4,40.203,33.952c18.149,2.425,36.774,1.3,55.201,1.475c1.2,0,2.752-2,3.575-3.425 c5.449-9.301,13.451-14.227,24.252-14.301c11.375-0.075,22.726-0.025,34.103,0c11.025,0,19.125,4.949,24.775,14.399 c0.975,1.625,3.475,3.3,5.274,3.325c14.525,0.25,29.076,0.6,43.603,0c21.727-0.9,37.678-11.477,47.803-30.727 c0.725-1.375,1.1-2.95,1.75-4.727H272.914V573.466z M207.436,591.167c-0.125,0.35,0.1,0,0.1-0.352 c0.025-24.801,0.075-49.577,0.05-74.379c0-1.225-0.15-2.75-0.875-3.649c-8.476-10.775-17.051-21.45-25.926-32.552 c-8.875,11.075-17.276,21.501-25.576,32.001c-0.725,0.926-1.225,2.352-1.225,3.551c-0.075,30.178-0.05,60.378-0.05,90.354 c4.101,2.9,7.025,1.675,9.826-1.625c7.575-9.051,16.801-14.526,29.176-13.401c4.575,0.427,9.226,0.075,14.526,0.075L207.436,591.167 z M431.697,466.135v88.778h70.879v-88.778H431.697z M287.865,251.499H73.854v17.251h214.011V251.499L287.865,251.499z  M93.705,232.823h59.803v-66.554c-28.952,7.326-57.228,38.877-59.803,66.528V232.823z M267.938,233.023 c-4.325-29.877-32.901-61.378-59.903-66.554v66.554H267.938z M323.642,680.396v-51.902c-12.149-3.274-23.776-6.399-35.151-9.45 v61.354L323.642,680.396L323.642,680.396z M180.734,449.684c6.65-9.95,12.25-19.626,19.151-28.252c5.925-7.4,7-14.275,2.925-22.701 c-1.475-3.05-2.6-4.675-6.275-4.55c-8.176,0.3-16.351,0.1-24.526,0.1c-11.651,0-11.776-0.023-15.251,11.076 c-0.75,2.399-1.375,5.851-0.25,7.65C164.108,425.108,172.208,436.884,180.734,449.684L180.734,449.684z M171.809,644.819 c17.801,0,34.927,0.05,52.028,0c6.55,0,10.576-3.575,10.55-8.976c-0.025-5.4-4.05-8.801-10.625-8.875c-5.325-0.051-10.65,0-15.901,0 c-1.025-17.427-2.95-19.103-19.526-17.876c-5,0.375-16.326,10.426-16.476,14.926c-0.2,6.675-0.05,13.376-0.05,20.851V644.819z  M413.447,609.043c-5.775,0-11.552-0.125-17.302,0.023c-6.149,0.175-9.602,3.875-9.575,9.926 c0.073,13.677,12.325,25.651,26.45,25.826c14.375,0.175,26.978-11.726,27.177-25.65c0.076-6.101-3.299-9.875-9.4-10.075 c-5.774-0.175-11.551-0.05-17.301-0.05H413.447z M172.209,162.045v70.729h17.101v-70.729H172.209L172.209,162.045z M207.311,680.37 V663.07h-52.953v17.301H207.311L207.311,680.37z M91.305,680.296h44.352V663.57c-14.951-1.1-29.451-2.149-44.152-3.225 c0,0.074-0.175,0.8-0.175,1.523c0,5.95,0,11.9,0,18.401L91.305,680.296z M252.563,349.129c9.9-0.101,17.476-7.55,17.651-17.176 c0.175-9.825-7.275-17.501-17.651-17.927v35.077V349.129L252.563,349.129z M108.755,349.254v-35.326 c-10.675,1.05-17.526,8.225-17.451,17.876C91.379,341.403,98.655,348.729,108.755,349.254L108.755,349.254z M154.158,484.811 c5.775-7.226,10.601-13.301,15.501-19.451c-5.025-7.524-9.875-14.774-15.501-23.201V484.811z M207.235,484.611v-42.353 c-5.625,8.426-10.476,15.727-15.4,23.127C196.91,471.711,201.735,477.736,207.235,484.611z M252.538,295.052 c5.975,1.649,11.7,3.225,17.275,4.75v-12.501h-17.276L252.538,295.052L252.538,295.052z M108.906,295.052v-7.851H91.53v12.699 C97.33,298.276,102.93,296.726,108.906,295.052z\"><\/path><path fill=\"#FCFCFC\" d=\"M466.599,394.156h-17.002v-17.399h17.002V394.156z\"><\/path><path fill=\"#FCFCFC\" d=\"M431.046,376.655v17.228H413.72v-17.228H431.046z\"><\/path><path fill=\"#FCFCFC\" d=\"M395.22,376.706v17.176h-17.274v-17.176H395.22z\"><\/path><path fill=\"#FCFCFC\" d=\"M449.423,358.179v-17.201h17.301v17.201H449.423z\"><\/path><path fill=\"#FCFCFC\" d=\"M413.697,340.829h17.198v17.301h-17.198V340.829z\"><\/path><path fill=\"#FCFCFC\" d=\"M395.07,358.279h-17.125v-17.399h17.125V358.279z\"><\/path><path fill=\"#FCFCFC\" d=\"M449.449,412.383h17.274v17.376h-17.274V412.383z\"><\/path><path fill=\"#FCFCFC\" d=\"M395.271,448.385v88.729h-17.227v-88.729H395.271z\"><\/path><path fill=\"#FCFCFC\" d=\"M342.193,448.234h17.225v88.779h-17.225V448.234z\"><\/path><path fill=\"#FCFCFC\" d=\"M484.625,501.386h-35.027v-17.25h35.027V501.386z\"><\/path><path fill=\"#FCFCFC\" d=\"M449.373,537.013v-17.102h35.277v17.102H449.373z\"><\/path><\/svg>\t\t\t<\/div>\n\t\t<\/div>\n\t\t\t\t\t\t<\/div>\n\t\t\t\t<\/div>\n\t\t\t\t<\/div>\n\t\t<div class=\"elementor-element elementor-element-71a319b e-con-full e-flex e-con e-child\" data-id=\"71a319b\" data-element_type=\"container\">\n\t\t\t\t<div class=\"elementor-element elementor-element-2be673f elementor-widget elementor-widget-text-editor\" data-id=\"2be673f\" data-element_type=\"widget\" data-widget_type=\"text-editor.default\">\n\t\t\t\t<div class=\"elementor-widget-container\">\n\t\t\t\t\t\t\t\t\t<h4 style=\"text-align: left;\"><span style=\"color: #2e5691; font-size: 18px;\">La ciudad que so\u00f1amos<\/span><\/h4><p style=\"font-size: 14px;\">Quito renace como una ciudad que protege e impulsa a sus ciudadanos, que permite alcanzar los sue\u00f1os de las ni\u00f1as y los ni\u00f1os, que brinda todo tipo de oportunidades a su juventud y que cuida a quienes nos cuidan; una ciudad de justicia social que se afianza como la locomotora del desarrollo nacional y Capital referente en Am\u00e9rica Latina. Una ciudad segura, democr\u00e1tica e inclusiva; donde conviven la creaci\u00f3n de riqueza con la generaci\u00f3n de trabajo digno, en una econom\u00eda moderna, din\u00e1mica e innovadora; una ciudad que ha erradicado la pobreza y todas las formas de violencia; un territorio diverso, intercultural e integrado, un ejemplo de sostenibilidad.<\/p>\t\t\t\t\t\t\t\t<\/div>\n\t\t\t\t<\/div>\n\t\t\t\t<\/div>\n\t\t\t\t\t<\/div>\n\t\t\t\t<\/div>\n\t\t\t\t\t<\/div>\n\t\t\t\t<\/div>\n\t\t\t\t<\/div>\n\t\t","protected":false},"excerpt":{"rendered":"<p>La ciudad que so\u00f1amos Quito renace como una ciudad que protege e impulsa a sus ciudadanos, que permite alcanzar los [&hellip;]<\/p>\n","protected":false},"author":5,"featured_media":0,"parent":0,"menu_order":0,"comment_status":"closed","ping_status":"closed","template":"","meta":{"site-sidebar-layout":"no-sidebar","site-content-layout":"","ast-site-content-layout":"full-width-container","site-content-style":"default","site-sidebar-style":"default","ast-global-header-display":"","ast-banner-title-visibility":"","ast-main-header-display":"","ast-hfb-above-header-display":"","ast-hfb-below-header-display":"","ast-hfb-mobile-header-display":"","site-post-title":"disabled","ast-breadcrumbs-content":"","ast-featured-img":"disabled","footer-sml-layout":"","ast-disable-related-posts":"","theme-transparent-header-meta":"","adv-header-id-meta":"","stick-header-meta":"","header-above-stick-meta":"","header-main-stick-meta":"","header-below-stick-meta":"","astra-migrate-meta-layouts":"default","ast-page-background-enabled":"default","ast-page-background-meta":{"desktop":{"background-color":"var(--ast-global-color-4)","background-image":"","background-repeat":"repeat","background-position":"center center","background-size":"auto","background-attachment":"scroll","background-type":"","background-media":"","overlay-type":"","overlay-color":"","overlay-opacity":"","overlay-gradient":""},"tablet":{"background-color":"","background-image":"","background-repeat":"repeat","background-position":"center center","background-size":"auto","background-attachment":"scroll","background-type":"","background-media":"","overlay-type":"","overlay-color":"","overlay-opacity":"","overlay-gradient":""},"mobile":{"background-color":"","background-image":"","background-repeat":"repeat","background-position":"center center","background-size":"auto","background-attachment":"scroll","background-type":"","background-media":"","overlay-type":"","overlay-color":"","overlay-opacity":"","overlay-gradient":""}},"ast-content-background-meta":{"desktop":{"background-color":"var(--ast-global-color-5)","background-image":"","background-repeat":"repeat","background-position":"center center","background-size":"auto","background-attachment":"scroll","background-type":"","background-media":"","overlay-type":"","overlay-color":"","overlay-opacity":"","overlay-gradient":""},"tablet":{"background-color":"var(--ast-global-color-5)","background-image":"","background-repeat":"repeat","background-position":"center center","background-size":"auto","background-attachment":"scroll","background-type":"","background-media":"","overlay-type":"","overlay-color":"","overlay-opacity":"","overlay-gradient":""},"mobile":{"background-color":"var(--ast-global-color-5)","background-image":"","background-repeat":"repeat","background-position":"center center","background-size":"auto","background-attachment":"scroll","background-type":"","background-media":"","overlay-type":"","overlay-color":"","overlay-opacity":"","overlay-gradient":""}},"footnotes":""},"class_list":["post-9381","page","type-page","status-publish","hentry"],"yoast_head":"<!-- This site is optimized with the Yoast SEO plugin v26.8 - https:\/\/yoast.com\/product\/yoast-seo-wordpress\/ -->\n<title>La ciudad que so\u00f1amos - Municipio de Quito<\/title>\n<meta name=\"robots\" content=\"index, follow, max-snippet:-1, max-image-preview:large, max-video-preview:-1\" \/>\n<link rel=\"canonical\" href=\"https:\/\/www.quito.gob.ec\/?page_id=9381\" \/>\n<meta property=\"og:locale\" content=\"es_ES\" \/>\n<meta property=\"og:type\" content=\"article\" \/>\n<meta property=\"og:title\" content=\"La ciudad que so\u00f1amos - Municipio de Quito\" \/>\n<meta property=\"og:description\" content=\"La ciudad que so\u00f1amos Quito renace como una ciudad que protege e impulsa a sus ciudadanos, que permite alcanzar los [&hellip;]\" \/>\n<meta property=\"og:url\" content=\"https:\/\/www.quito.gob.ec\/?page_id=9381\" \/>\n<meta property=\"og:site_name\" content=\"Municipio de Quito\" \/>\n<meta property=\"article:modified_time\" content=\"2024-11-12T22:22:45+00:00\" \/>\n<meta name=\"twitter:card\" content=\"summary_large_image\" \/>\n<meta name=\"twitter:label1\" content=\"Tiempo de lectura\" \/>\n\t<meta name=\"twitter:data1\" content=\"1 minuto\" \/>\n<script type=\"application\/ld+json\" class=\"yoast-schema-graph\">{\"@context\":\"https:\/\/schema.org\",\"@graph\":[{\"@type\":\"WebPage\",\"@id\":\"https:\/\/www.quito.gob.ec\/?page_id=9381\",\"url\":\"https:\/\/www.quito.gob.ec\/?page_id=9381\",\"name\":\"La ciudad que so\u00f1amos - Municipio de Quito\",\"isPartOf\":{\"@id\":\"https:\/\/www.quito.gob.ec\/#website\"},\"datePublished\":\"2024-11-12T22:19:01+00:00\",\"dateModified\":\"2024-11-12T22:22:45+00:00\",\"breadcrumb\":{\"@id\":\"https:\/\/www.quito.gob.ec\/?page_id=9381#breadcrumb\"},\"inLanguage\":\"es\",\"potentialAction\":[{\"@type\":\"ReadAction\",\"target\":[\"https:\/\/www.quito.gob.ec\/?page_id=9381\"]}]},{\"@type\":\"BreadcrumbList\",\"@id\":\"https:\/\/www.quito.gob.ec\/?page_id=9381#breadcrumb\",\"itemListElement\":[{\"@type\":\"ListItem\",\"position\":1,\"name\":\"Portada\",\"item\":\"https:\/\/www.quito.gob.ec\/\"},{\"@type\":\"ListItem\",\"position\":2,\"name\":\"La ciudad que so\u00f1amos\"}]},{\"@type\":\"WebSite\",\"@id\":\"https:\/\/www.quito.gob.ec\/#website\",\"url\":\"https:\/\/www.quito.gob.ec\/\",\"name\":\"Municipio de Quito\",\"description\":\"\",\"publisher\":{\"@id\":\"https:\/\/www.quito.gob.ec\/#organization\"},\"potentialAction\":[{\"@type\":\"SearchAction\",\"target\":{\"@type\":\"EntryPoint\",\"urlTemplate\":\"https:\/\/www.quito.gob.ec\/?s={search_term_string}\"},\"query-input\":{\"@type\":\"PropertyValueSpecification\",\"valueRequired\":true,\"valueName\":\"search_term_string\"}}],\"inLanguage\":\"es\"},{\"@type\":\"Organization\",\"@id\":\"https:\/\/www.quito.gob.ec\/#organization\",\"name\":\"Municipio de Quito\",\"url\":\"https:\/\/www.quito.gob.ec\/\",\"logo\":{\"@type\":\"ImageObject\",\"inLanguage\":\"es\",\"@id\":\"https:\/\/www.quito.gob.ec\/#\/schema\/logo\/image\/\",\"url\":\"https:\/\/www.quito.gob.ec\/wp-content\/uploads\/2024\/01\/LOGO_ALCALDIA_QUITO-23.svg\",\"contentUrl\":\"https:\/\/www.quito.gob.ec\/wp-content\/uploads\/2024\/01\/LOGO_ALCALDIA_QUITO-23.svg\",\"caption\":\"Municipio de Quito\"},\"image\":{\"@id\":\"https:\/\/www.quito.gob.ec\/#\/schema\/logo\/image\/\"}}]}<\/script>\n<!-- \/ Yoast SEO plugin. -->","yoast_head_json":{"title":"La ciudad que so\u00f1amos - Municipio de Quito","robots":{"index":"index","follow":"follow","max-snippet":"max-snippet:-1","max-image-preview":"max-image-preview:large","max-video-preview":"max-video-preview:-1"},"canonical":"https:\/\/www.quito.gob.ec\/?page_id=9381","og_locale":"es_ES","og_type":"article","og_title":"La ciudad que so\u00f1amos - Municipio de Quito","og_description":"La ciudad que so\u00f1amos Quito renace como una ciudad que protege e impulsa a sus ciudadanos, que permite alcanzar los [&hellip;]","og_url":"https:\/\/www.quito.gob.ec\/?page_id=9381","og_site_name":"Municipio de Quito","article_modified_time":"2024-11-12T22:22:45+00:00","twitter_card":"summary_large_image","twitter_misc":{"Tiempo de lectura":"1 minuto"},"schema":{"@context":"https:\/\/schema.org","@graph":[{"@type":"WebPage","@id":"https:\/\/www.quito.gob.ec\/?page_id=9381","url":"https:\/\/www.quito.gob.ec\/?page_id=9381","name":"La ciudad que so\u00f1amos - Municipio de Quito","isPartOf":{"@id":"https:\/\/www.quito.gob.ec\/#website"},"datePublished":"2024-11-12T22:19:01+00:00","dateModified":"2024-11-12T22:22:45+00:00","breadcrumb":{"@id":"https:\/\/www.quito.gob.ec\/?page_id=9381#breadcrumb"},"inLanguage":"es","potentialAction":[{"@type":"ReadAction","target":["https:\/\/www.quito.gob.ec\/?page_id=9381"]}]},{"@type":"BreadcrumbList","@id":"https:\/\/www.quito.gob.ec\/?page_id=9381#breadcrumb","itemListElement":[{"@type":"ListItem","position":1,"name":"Portada","item":"https:\/\/www.quito.gob.ec\/"},{"@type":"ListItem","position":2,"name":"La ciudad que so\u00f1amos"}]},{"@type":"WebSite","@id":"https:\/\/www.quito.gob.ec\/#website","url":"https:\/\/www.quito.gob.ec\/","name":"Municipio de Quito","description":"","publisher":{"@id":"https:\/\/www.quito.gob.ec\/#organization"},"potentialAction":[{"@type":"SearchAction","target":{"@type":"EntryPoint","urlTemplate":"https:\/\/www.quito.gob.ec\/?s={search_term_string}"},"query-input":{"@type":"PropertyValueSpecification","valueRequired":true,"valueName":"search_term_string"}}],"inLanguage":"es"},{"@type":"Organization","@id":"https:\/\/www.quito.gob.ec\/#organization","name":"Municipio de Quito","url":"https:\/\/www.quito.gob.ec\/","logo":{"@type":"ImageObject","inLanguage":"es","@id":"https:\/\/www.quito.gob.ec\/#\/schema\/logo\/image\/","url":"https:\/\/www.quito.gob.ec\/wp-content\/uploads\/2024\/01\/LOGO_ALCALDIA_QUITO-23.svg","contentUrl":"https:\/\/www.quito.gob.ec\/wp-content\/uploads\/2024\/01\/LOGO_ALCALDIA_QUITO-23.svg","caption":"Municipio de Quito"},"image":{"@id":"https:\/\/www.quito.gob.ec\/#\/schema\/logo\/image\/"}}]}},"_links":{"self":[{"href":"https:\/\/www.quito.gob.ec\/index.php?rest_route=\/wp\/v2\/pages\/9381","targetHints":{"allow":["GET"]}}],"collection":[{"href":"https:\/\/www.quito.gob.ec\/index.php?rest_route=\/wp\/v2\/pages"}],"about":[{"href":"https:\/\/www.quito.gob.ec\/index.php?rest_route=\/wp\/v2\/types\/page"}],"author":[{"embeddable":true,"href":"https:\/\/www.quito.gob.ec\/index.php?rest_route=\/wp\/v2\/users\/5"}],"replies":[{"embeddable":true,"href":"https:\/\/www.quito.gob.ec\/index.php?rest_route=%2Fwp%2Fv2%2Fcomments&post=9381"}],"version-history":[{"count":4,"href":"https:\/\/www.quito.gob.ec\/index.php?rest_route=\/wp\/v2\/pages\/9381\/revisions"}],"predecessor-version":[{"id":9386,"href":"https:\/\/www.quito.gob.ec\/index.php?rest_route=\/wp\/v2\/pages\/9381\/revisions\/9386"}],"wp:attachment":[{"href":"https:\/\/www.quito.gob.ec\/index.php?rest_route=%2Fwp%2Fv2%2Fmedia&parent=9381"}],"curies":[{"name":"wp","href":"https:\/\/api.w.org\/{rel}","templated":true}]}}